{"id":4,"date":"2011-11-16T16:34:18","date_gmt":"2011-11-16T20:34:18","guid":{"rendered":"http:\/\/blogs.vassar.edu\/seungsookmoon\/"},"modified":"2024-06-04T10:38:06","modified_gmt":"2024-06-04T14:38:06","slug":"books","status":"publish","type":"page","link":"https:\/\/pages.vassar.edu\/seungsookmoon\/books\/","title":{"rendered":"Books"},"content":{"rendered":"<p><img loading=\"lazy\" decoding=\"async\" class=\"alignnone wp-image-419 size-full\" src=\"http:\/\/pages.vassar.edu\/seungsookmoon\/files\/2024\/06\/civic-activism-in-s-korea-book-cover.png\" alt=\"civic activism in s korea book cover\" width=\"440\" height=\"657\" srcset=\"https:\/\/pages.vassar.edu\/seungsookmoon\/files\/2024\/06\/civic-activism-in-s-korea-book-cover.png 440w, https:\/\/pages.vassar.edu\/seungsookmoon\/files\/2024\/06\/civic-activism-in-s-korea-book-cover-201x300.png 201w\" sizes=\"auto, (max-width: 440px) 100vw, 440px\" \/><\/p>\n<p>Please read more and purchase here at <a href=\"https:\/\/cup.columbia.edu\/book\/civic-activism-in-south-korea\/9780231211499\">Columbia University Press<\/a>.<\/p>\n\n\t\t<style type=\"text\/css\">\n\t\t\t#gallery-1 {\n\t\t\t\tmargin: auto;\n\t\t\t}\n\t\t\t#gallery-1 .gallery-item {\n\t\t\t\tfloat: left;\n\t\t\t\tmargin-top: 10px;\n\t\t\t\ttext-align: center;\n\t\t\t\twidth: 50%;\n\t\t\t}\n\t\t\t#gallery-1 img {\n\t\t\t\tborder: 2px solid #cfcfcf;\n\t\t\t}\n\t\t\t#gallery-1 .gallery-caption {\n\t\t\t\tmargin-left: 0;\n\t\t\t}\n\t\t\t\/* see gallery_shortcode() in wp-includes\/media.php *\/\n\t\t<\/style>\n\t\t<div id='gallery-1' class='gallery galleryid-4 gallery-columns-2 gallery-size-full'><dl class='gallery-item'>\n\t\t\t<dt class='gallery-icon portrait'>\n\t\t\t\t<img loading=\"lazy\" decoding=\"async\" width=\"922\" height=\"1424\" src=\"https:\/\/pages.vassar.edu\/seungsookmoon\/files\/2019\/11\/book1.png\" class=\"attachment-full size-full\" alt=\"\" srcset=\"https:\/\/pages.vassar.edu\/seungsookmoon\/files\/2019\/11\/book1.png 922w, https:\/\/pages.vassar.edu\/seungsookmoon\/files\/2019\/11\/book1-194x300.png 194w, https:\/\/pages.vassar.edu\/seungsookmoon\/files\/2019\/11\/book1-768x1186.png 768w, https:\/\/pages.vassar.edu\/seungsookmoon\/files\/2019\/11\/book1-663x1024.png 663w\" sizes=\"auto, (max-width: 922px) 100vw, 922px\" \/>\n\t\t\t<\/dt><\/dl><dl class='gallery-item'>\n\t\t\t<dt class='gallery-icon portrait'>\n\t\t\t\t<img loading=\"lazy\" decoding=\"async\" width=\"500\" height=\"788\" src=\"https:\/\/pages.vassar.edu\/seungsookmoon\/files\/2019\/11\/book1-2.jpg\" class=\"attachment-full size-full\" alt=\"\" srcset=\"https:\/\/pages.vassar.edu\/seungsookmoon\/files\/2019\/11\/book1-2.jpg 500w, https:\/\/pages.vassar.edu\/seungsookmoon\/files\/2019\/11\/book1-2-190x300.jpg 190w\" sizes=\"auto, (max-width: 500px) 100vw, 500px\" \/>\n\t\t\t<\/dt><\/dl><br style=\"clear: both\" \/>\n\t\t<\/div>\n\n<p><strong><i>Militarized Modernity and Gendered Citizenship in South Korea<\/i>.\u00a0<\/strong><\/p>\n<p><span style=\"font-weight: 400;\">(<a href=\"https:\/\/www.dukeupress.edu\/militarized-modernity-and-gendered-citizenship-in-south-korea\" target=\"_blank\" rel=\"noopener\">Duke University Press<\/a>, 2005; 254 pg in paperback; reprinted in 2007)<\/span><\/p>\n<p><span style=\"font-weight: 400;\">This pathbreaking study demonstrates how the South Korean state\u2019s dual push for military security and industrial modernization reinforced gendered distinctions in the citizenry. It shows the intersection between compulsory military service for men and the marginalization of women in the economy through the symbolic and material valorization of men\u2019s military service. The book masterfully articulates the demands of the state on gendered citizens and the repercussions for the patriarchal family, for class identities among men and women, and for Koreans\u2019 increasingly contested claims to the rights of full citizenship.<\/span><\/p>\n<p><strong><i>Kunsaju\u016die kach\u2019in k\u016dndae: kungminmand\u016dlgi, simindoegi, k\u016drigo s\u014fng\u016di ch\u014fngch\u2019i (\uad6d\uc0b0\uc8fc\uc758\uc5d0 \uac07\ud78c \uadfc\ub300: \uad6d\ubbfc \ub9cc\ub4e4\uae30, \uc2dc\ubbfc \ub418\uae30, \uadf8\ub9ac\uace0 \uc131\uc758 \uc815\uce58)<\/i><\/strong><\/p>\n<p><span style=\"font-weight: 400;\">(Seoul: Alternative Culture Publication, 2007). <\/span><\/p>\n<p><span style=\"font-weight: 400;\">Korean translation of the aforementioned book. This Korean version was elected to the list <\/span><b>of the 65<\/b><b>th<\/b><b> Recommended Books for the Youth<\/b><span style=\"font-weight: 400;\"> and <\/span><b>Ten-Books-Worth-Reading<\/b><span style=\"font-weight: 400;\"> by the Korean Publication Ethics Commission.<\/span><\/p>\n\n\t\t<style type=\"text\/css\">\n\t\t\t#gallery-2 {\n\t\t\t\tmargin: auto;\n\t\t\t}\n\t\t\t#gallery-2 .gallery-item {\n\t\t\t\tfloat: left;\n\t\t\t\tmargin-top: 10px;\n\t\t\t\ttext-align: center;\n\t\t\t\twidth: 50%;\n\t\t\t}\n\t\t\t#gallery-2 img {\n\t\t\t\tborder: 2px solid #cfcfcf;\n\t\t\t}\n\t\t\t#gallery-2 .gallery-caption {\n\t\t\t\tmargin-left: 0;\n\t\t\t}\n\t\t\t\/* see gallery_shortcode() in wp-includes\/media.php *\/\n\t\t<\/style>\n\t\t<div id='gallery-2' class='gallery galleryid-4 gallery-columns-2 gallery-size-full'><dl class='gallery-item'>\n\t\t\t<dt class='gallery-icon portrait'>\n\t\t\t\t<a href='https:\/\/pages.vassar.edu\/seungsookmoon\/books\/book2-2\/'><img loading=\"lazy\" decoding=\"async\" width=\"600\" height=\"901\" src=\"https:\/\/pages.vassar.edu\/seungsookmoon\/files\/2019\/11\/book2.jpg\" class=\"attachment-full size-full\" alt=\"\" srcset=\"https:\/\/pages.vassar.edu\/seungsookmoon\/files\/2019\/11\/book2.jpg 600w, https:\/\/pages.vassar.edu\/seungsookmoon\/files\/2019\/11\/book2-200x300.jpg 200w\" sizes=\"auto, (max-width: 600px) 100vw, 600px\" \/><\/a>\n\t\t\t<\/dt><\/dl><dl class='gallery-item'>\n\t\t\t<dt class='gallery-icon portrait'>\n\t\t\t\t<a href='https:\/\/pages.vassar.edu\/seungsookmoon\/books\/book2-2-2\/'><img loading=\"lazy\" decoding=\"async\" width=\"912\" height=\"1346\" src=\"https:\/\/pages.vassar.edu\/seungsookmoon\/files\/2019\/11\/book2-2.png\" class=\"attachment-full size-full\" alt=\"\" srcset=\"https:\/\/pages.vassar.edu\/seungsookmoon\/files\/2019\/11\/book2-2.png 912w, https:\/\/pages.vassar.edu\/seungsookmoon\/files\/2019\/11\/book2-2-203x300.png 203w, https:\/\/pages.vassar.edu\/seungsookmoon\/files\/2019\/11\/book2-2-768x1133.png 768w, https:\/\/pages.vassar.edu\/seungsookmoon\/files\/2019\/11\/book2-2-694x1024.png 694w\" sizes=\"auto, (max-width: 912px) 100vw, 912px\" \/><\/a>\n\t\t\t<\/dt><\/dl><br style=\"clear: both\" \/>\n\t\t<\/div>\n\n<p><i><span style=\"font-weight: 400;\"><strong>Over There: Living with the U.S. Military Empire from World War II to the Present<\/strong> <\/span><\/i><\/p>\n<p><span style=\"font-weight: 400;\">(<a href=\"https:\/\/www.dukeupress.edu\/over-there\" target=\"_blank\" rel=\"noopener\">Duke University Press<\/a>, 2010; 453pg in paperback; reprinted in 2017)<\/span><\/p>\n<p><span style=\"font-weight: 400;\">co-edited this volume, single-authored 3 chapters of 12 main chapters, and co-authored Introduction and Conclusion.<\/span><\/p>\n<p><span style=\"font-weight: 400;\">This wide-ranging, interdisciplinary collection critically illuminates the sprawling global network of U.S. military bases in two inseparable ways. First, it reveals how diverse base societies deal with questions of sovereignty and relations of unequal nation-states in everyday lives. Second, it powerfully demonstrates how politics of gender and sexuality, along with class and race, has been central to the construction and contestation of the U.S. military presence in South Korea, Japan\/Okinawa, Germany, and Iraq.<\/span><\/p>\n<p><strong><i>Ob\u014fr de\u014fr: jeich\u2019a segyedaej\u014fn put\u2019\u014f hy\u014fnjeggaji<\/i> <i>migunjegugkwa hamgge saraon sam (\uc624\ubc84 \ub370\uc5b4: \uc81c2\ucc28\uc138\uacc4\ub300\uc804\ubd80\ud130 \ud604\uc7ac\uae4c\uc9c0 \ubbf8\uad70 \uc81c\uad6d\uacfc \ud568\uaed8 \uc0b4\uc544\uc628 \uc0b6)<\/i><\/strong><\/p>\n<p><span style=\"font-weight: 400;\">(Seoul: Greenbee Press 2016; 630 pages in Korean)<\/span><\/p>\n<p><span style=\"font-weight: 400;\">Korean translation of the co-edited volume listed above. I supervised the translation by checking literally each sentence in Korean. This Korean version was elected to the 2017 list of <\/span><b>Excellent Scholarly Books<\/b><span style=\"font-weight: 400;\"> by the Korean Academy of Arts and Sciences.<\/span><\/p>\n","protected":false},"excerpt":{"rendered":"<p>Please read more and purchase here at Columbia University Press. Militarized Modernity and Gendered Citizenship in South Korea.\u00a0 (Duke University Press, 2005; 254 pg in paperback; reprinted in 2007) This pathbreaking study demonstrates how the South Korean state\u2019s dual push for military security and industrial modernization reinforced gendered distinctions in the citizenry. It shows the [&hellip;]<\/p>\n","protected":false},"author":10,"featured_media":0,"parent":0,"menu_order":0,"comment_status":"closed","ping_status":"closed","template":"","meta":{"footnotes":""},"class_list":["post-4","page","type-page","status-publish","hentry"],"_links":{"self":[{"href":"https:\/\/pages.vassar.edu\/seungsookmoon\/wp-json\/wp\/v2\/pages\/4","targetHints":{"allow":["GET"]}}],"collection":[{"href":"https:\/\/pages.vassar.edu\/seungsookmoon\/wp-json\/wp\/v2\/pages"}],"about":[{"href":"https:\/\/pages.vassar.edu\/seungsookmoon\/wp-json\/wp\/v2\/types\/page"}],"author":[{"embeddable":true,"href":"https:\/\/pages.vassar.edu\/seungsookmoon\/wp-json\/wp\/v2\/users\/10"}],"replies":[{"embeddable":true,"href":"https:\/\/pages.vassar.edu\/seungsookmoon\/wp-json\/wp\/v2\/comments?post=4"}],"version-history":[{"count":16,"href":"https:\/\/pages.vassar.edu\/seungsookmoon\/wp-json\/wp\/v2\/pages\/4\/revisions"}],"predecessor-version":[{"id":423,"href":"https:\/\/pages.vassar.edu\/seungsookmoon\/wp-json\/wp\/v2\/pages\/4\/revisions\/423"}],"wp:attachment":[{"href":"https:\/\/pages.vassar.edu\/seungsookmoon\/wp-json\/wp\/v2\/media?parent=4"}],"curies":[{"name":"wp","href":"https:\/\/api.w.org\/{rel}","templated":true}]}}