{"id":242,"date":"2019-10-30T12:18:57","date_gmt":"2019-10-30T16:18:57","guid":{"rendered":"http:\/\/pages.vassar.edu\/seungsookmoon\/?page_id=242"},"modified":"2024-06-04T10:26:55","modified_gmt":"2024-06-04T14:26:55","slug":"studies-of-citizenship-and-other-subjectivities","status":"publish","type":"page","link":"https:\/\/pages.vassar.edu\/seungsookmoon\/publications\/studies-of-citizenship-and-other-subjectivities\/","title":{"rendered":"Studies of citizenship and other subjectivities"},"content":{"rendered":"<p>\u201c<a href=\"http:\/\/pages.vassar.edu\/seungsookmoon\/files\/2021\/09\/Online-copy-Women-s-food-work-food-citizenship-transnational-consumer-capitalism-a-case-study-of-a-feminist-food-cooperative-in-South-Korea.pdf\">Women\u2019s Food Work, Food Citizenship, and Transnational Consumer Capitalism: A Case study of a Feminist Food Cooperative in South Korea<\/a>,\u201d <em>Food, Culture, &amp; Society 25<\/em> (June 2022): 449-467 (online version published in February 2021).<\/p>\n<p><a href=\"https:\/\/books.google.com\/books?id=EwMvDwAAQBAJ&amp;pg=PA143&amp;lpg=PA143&amp;dq=%E2%80%9CDisciplining+High-School+Students+and+Molding+Their+Subjectivity+in+South+Korea:+A+Shift+in+Disciplinary+Paradigm%E2%80%9D+(Chapter+7)+in+Challenges+of+Modernization+and+Governance+in+South+Korea:+The+Sinking+of+the+Sewol+and+Its+Causes,+edited+by+Jae-Jung+Suh+and+Mikyoung+Kim+(Palgrave+Macmillan,+2017):+143-168.&amp;source=bl&amp;ots=bcyrY0a44-&amp;sig=ACfU3U2IGaZ5UBhf4yz1cn7L336nwScJLQ&amp;hl=en&amp;sa=X&amp;ved=2ahUKEwij0s-ptcTlAhVRpFkKHRL7DOoQ6AEwAHoECAEQAg#v=onepage&amp;q=%E2%80%9CDisciplining%20High-School%20Students%20and%20Molding%20Their%20Subjectivity%20in%20South%20Korea%3A%20A%20Shift%20in%20Disciplinary%20Paradigm%E2%80%9D%20(Chapter%207)%20in%20Challenges%20of%20Modernization%20and%20Governance%20in%20South%20Korea%3A%20The%20Sinking%20of%20the%20Sewol%20and%20Its%20Causes%2C%20edited%20by%20Jae-Jung%20Suh%20and%20Mikyoung%20Kim%20(Palgrave%20Macmillan%2C%202017)%3A%20143-168.&amp;f=false\" target=\"_blank\" rel=\"noopener\">\u201cDisciplining High-School Students and Molding Their Subjectivity in South Korea: A Shift in Disciplinary Paradigm\u201d (Chapter 7) in <em>Challenges of Modernization and Governance in South Korea: The Sinking of the Sewol and Its Causes, edited by Jae-Jung Suh and Mikyoung Kim (Palgrave Macmillan, 2017): 143-168.<\/em><\/a><\/p>\n<p>\u201cHan\u2019gugeseo yusunhan haksaeng mandeulgi: hunyuk paerodaimui pyonhwareu chungsimeuro\u201d (Making docile students in South Korea: focusing on the shift indisciplinary paradigm; Chapter 7) in <em>Ch\u2019immolhan Sewolho, nanp\u2019ahaneun taehanminguk: apch\u2019ukjeok keundaehwawa pokhapjeok risk <\/em>(Sunken Ferry Sewol, the Republic of Korea in maelstrom: compressed modernization and complicated risk)(Seoul: Han\u2019ul Press, 2017): 217-248. (This is a Korean translation of the edited volume above; the English and Korean versions were published simultaneously.)<em><br \/>\n<\/em><\/p>\n<p><a href=\"https:\/\/www.routledge.com\/Routledge-Handbook-of-Global-Citizenship-Studies-1st-Edition\/Isin-Nyers\/p\/book\/9780415519724\" target=\"_blank\" rel=\"noopener\">\u201c31. Trajectories of Citizenship in South Korea\u201d in <em>The Routledge Handbook of Global Citizenship Studies<\/em>, edited by Engin F. Isin and Peter Nyers. Abingdon and New York: Routledge (2014), pp. 355-365.<\/a><\/p>\n<p><a href=\"https:\/\/www.asia-europe.uni-heidelberg.de\/fileadmin\/Pictures\/Publications\/springer_books\/transcult_pohlmann_yang_lee_978-3-642-19738-3.pdf\" target=\"_blank\" rel=\"noopener\">\u201cThe Idea and Practices of Citizenship in South Korea\u201d (chapter 2) in<em> Citizenship and Migration in the Era of Globalization: The Flow of Migrants and the Perception of Citizenship in Asia and Europe<\/em>, edited by Markus Pohlmann, Jonghoe Yang, and Jong-hee Lee. (Springer: 2013), pp. 9-38.<\/a><\/p>\n<p><a href=\"https:\/\/www.academia.edu\/6013616\/Local_meanings_and_lived_experiences_of_citizenship_voices_from_a_womens_organization_in_South_Korea_PLEASE_SCROLL_DOWN_FOR_ARTICLE\" target=\"_blank\" rel=\"noopener\">\u201cLocal Meanings and Lived Experiences of Citizenship: Voices from a Women\u2019s Organization in South Korea,\u201d <em>Citizenship Studies<\/em> 16(February 2012): 49-67.<\/a><\/p>\n<p><a href=\"https:\/\/www.jstor.org\/stable\/20721850?seq=1#metadata_info_tab_contents\" target=\"_blank\" rel=\"noopener\">\u201cThe Interplay between the State, the Market, and Culture in Shaping Civil Society: A Case Study of the PSPD in Post-Military Rule Korea,\u201d <em>Journal of Asian Studies<\/em> 69:2 (May 2010): 479-505.<\/a><\/p>\n<p><a href=\"https:\/\/www.taylorfrancis.com\/books\/e\/9780203966648\/chapters\/10.4324\/9780203966648-11\" target=\"_blank\" rel=\"noopener\">\u201cWomen and Civil Society in South Korea\u201d in <em>Korean Society: Civil Society, Democracy, and the State<\/em>, 2<sup>nd<\/sup> ed. edited by Charles K. Armstrong (Routledge, 2007; reprinted in 2009): 121-148.<\/a><\/p>\n<p><a href=\"https:\/\/www.amazon.com\/Insight-into-Korea-Bruce-Cumings\/dp\/898575629X\" target=\"_blank\" rel=\"noopener\">\u201cThe Rise of Women in Korea: Gains and Obstacles\u201d in <em>Insight into Korea<\/em>, edited by the Korea Herald. Seoul: Herald Media, 2007): 204-213.<\/a><\/p>\n<p>&#8220;Cambio social y situaci\u00f3n de las mujeres en Corea del Sur: Familia, trabajo y politica&#8221; (Social change and women&#8217;s position in South Korea: family, work, and politics) in <em>Mujeres asi\u00e1ticas: Cambio social y modernidad<\/em> (Asian women: Social Change and Modernity), edited by Amelia S\u00e1\u00e1iz L\u00f3pez. Documento CIDOB-Asia, no. 12. Barcelona: Fundaci\u00f3n CIDOB, 2006): 24-48.<\/p>\n<p><a href=\"https:\/\/journals.sagepub.com\/doi\/10.1177\/0891243203257200\" target=\"_blank\" rel=\"noopener\">\u201cImmigration and Mothering: Two Generations of Middle-Class Korean Immigrant Women,\u201d <em>Gender &amp; Society<\/em> 17:6(December 2003): 840-860.<\/a><\/p>\n<p><a href=\"https:\/\/www.researchgate.net\/publication\/290947720_Redrafting_democratization_through_women's_representation_and_participation_in_the_Republic_of_Korea\" target=\"_blank\" rel=\"noopener\">\u201cRedrafting Democratization through Women\u2019s Representation and Participation in the Republic of Korea\u201d in <em>Korea\u2019s Democratization<\/em>, edited by Samuel S. Kim (Cambridge University Press, 2003): 107-134.<\/a><\/p>\n<p><a href=\"https:\/\/www.jstor.org\/stable\/2700298?seq=1#metadata_info_tab_contents\" target=\"_blank\" rel=\"noopener\">&#8220;Carving Out Space: Civil Society and the Women&#8217;s Movement in South Korea,&#8221; <em>The Journal of Asian Studies <\/em>61:2(May, 2002): 473-500.<\/a><\/p>\n<p><a href=\"https:\/\/www.jstor.org\/stable\/j.ctt6wr277.7?refreqid=excelsior%3A0495376c12c9a991d550b283364d5b4f&amp;seq=1#metadata_info_tab_contents\" target=\"_blank\" rel=\"noopener\">&#8220;The Production and Subversion of Hegemonic Masculinity: Reconfiguring Gender Hierarchy in Contemporary South Korea,&#8221; in <em>Under construction: The Gendering of Modernity, Class, and Consumption in the Republic of Korea<\/em>, ed.Laurel Kendall (Honolulu: University of Hawaii Press, 2001), pp. 79-113.<\/a><\/p>\n<p><a href=\"https:\/\/books.google.com\/books\/about\/Korea_s_Globalization.html?id=diD3QuEXqf8C\" target=\"_blank\" rel=\"noopener\">&#8220;Overcome by Globalization: The Rise of a Women&#8217;s Policy in South Korea,&#8221; in <em>Korea&#8217;s Globalization<\/em>, ed. Samuel S. Kim (Cambridge: Cambridge University Press, 2000), pp. 126-46.<\/a><\/p>\n","protected":false},"excerpt":{"rendered":"<p>\u201cWomen\u2019s Food Work, Food Citizenship, and Transnational Consumer Capitalism: A Case study of a Feminist Food Cooperative in South Korea,\u201d Food, Culture, &amp; Society 25 (June 2022): 449-467 (online version published in February 2021). \u201cDisciplining High-School Students and Molding Their Subjectivity in South Korea: A Shift in Disciplinary Paradigm\u201d (Chapter 7) in Challenges of Modernization [&hellip;]<\/p>\n","protected":false},"author":7092,"featured_media":0,"parent":7,"menu_order":2,"comment_status":"closed","ping_status":"closed","template":"","meta":{"footnotes":""},"class_list":["post-242","page","type-page","status-publish","hentry"],"_links":{"self":[{"href":"https:\/\/pages.vassar.edu\/seungsookmoon\/wp-json\/wp\/v2\/pages\/242","targetHints":{"allow":["GET"]}}],"collection":[{"href":"https:\/\/pages.vassar.edu\/seungsookmoon\/wp-json\/wp\/v2\/pages"}],"about":[{"href":"https:\/\/pages.vassar.edu\/seungsookmoon\/wp-json\/wp\/v2\/types\/page"}],"author":[{"embeddable":true,"href":"https:\/\/pages.vassar.edu\/seungsookmoon\/wp-json\/wp\/v2\/users\/7092"}],"replies":[{"embeddable":true,"href":"https:\/\/pages.vassar.edu\/seungsookmoon\/wp-json\/wp\/v2\/comments?post=242"}],"version-history":[{"count":12,"href":"https:\/\/pages.vassar.edu\/seungsookmoon\/wp-json\/wp\/v2\/pages\/242\/revisions"}],"predecessor-version":[{"id":415,"href":"https:\/\/pages.vassar.edu\/seungsookmoon\/wp-json\/wp\/v2\/pages\/242\/revisions\/415"}],"up":[{"embeddable":true,"href":"https:\/\/pages.vassar.edu\/seungsookmoon\/wp-json\/wp\/v2\/pages\/7"}],"wp:attachment":[{"href":"https:\/\/pages.vassar.edu\/seungsookmoon\/wp-json\/wp\/v2\/media?parent=242"}],"curies":[{"name":"wp","href":"https:\/\/api.w.org\/{rel}","templated":true}]}}