{"id":8735,"date":"2013-02-22T17:57:03","date_gmt":"2013-02-22T22:57:03","guid":{"rendered":"http:\/\/pages.vassar.edu\/rosso\/?page_id=8735"},"modified":"2016-05-24T18:17:25","modified_gmt":"2016-05-24T22:17:25","slug":"doc-50","status":"publish","type":"page","link":"https:\/\/pages.vassar.edu\/rosso\/catalogues\/documents\/doc-50\/","title":{"rendered":"DOC.50 June 11, 1541"},"content":{"rendered":"<p>Giuliano Buonacorsi, the executor of Rosso\u2019s will, states that he received from the receiver of Paris 545 livres tournois (=436 livres parisis), a sum that Francesco Pellegrini (Peregrin) had been ordered to give to Buonacorsi by a sentence of May 31, 1541, this sum being the remainder of the 1125 livres tournois that had been given to the receiver of Paris by Richard d\u2019Elb\u00e8ne. (Apparently Francesco Pellegrini had claimed the 545 livres tournois from the receiver of Paris after he had gotten the full sum of 1125 livres tournois from d\u2019Elb\u00e8ne.)<\/p>\n<p>Paris, National Archives, Minutier Central, \u00c9tude XIX, 160 (Registre).<\/p>\n<blockquote><p>Noble homme M<sup>e<\/sup> Jullien de Bonacourcy, ou nome et comme ex\u00e9cuteur du testament et ordonnance de derni\u00e8re volunt\u00e9 de feu M<sup>e<\/sup> Raoul de Roux, en son vivant painctre du Roy, n. sgr, chanoyne de la Sainte Chappelle et de N. D. de Paris, confesse avoir eu et receu de n. h. M<sup>e<\/sup> Jehan Turquain, receveur ordinaire de Paris, par lequel, \u00e0 ce pr\u00e9sent, luy a est\u00e9 baill\u00e9 et pay\u00e9 comptant en la pr\u00e9sence des notaires soubzcriptz la somme de quatre cens trente six livres parisis en deux cens quarante deus escuz d\u2019or soleil, \u00e0 XLV s. t. et dix s. t. en monnoye, sur laquelle somme Fran\u00e7ois Peregrin avoit fait procedder par voye d\u2019arrest et depuis consenty et accord\u00e9 estre baill\u00e9e et mise es mains dud. de Bonacourcy comme ex\u00e9cuteur du testament dud. deffunct, ainsi qu\u2019il appert par certaine sentence donn\u00e9e au Chastellet de Paris le mardi XXXI<sup>e<\/sup> et dernier jour de may dernier pass\u00e9, de laquelle la copie est cy dessus transcripte, collationn\u00e9e \u00e0 l\u2019original d\u2019icelle par lesd, notaires. icelle somme de IIII<sup>c<\/sup> XXXVI livres parisis faisant la reste et par paye de la somme de unze cent vingt cinq livres t. qui avoit est\u00e9 mise \u00e8s mains dud. receveur Turquain par Richart d\u2019Albeyne par auctorit\u00e9 de justice, de laquelle somme de quartre cents XXXVI livres parisis led. de Bonacourcy se tient pour content et en quicte et promect acquicter led. receveur Turquan envers et contre tous, et partant autre quictance semblable \u00e0 ceste qui a est\u00e9 escripte au doz de lad. sentence et ceste pr\u00e9sent ne serviront que pour une. Prom. obl. ren. Fait et pass\u00e9 l\u2019an mil cinq cens quarante et ung\u2019 le samedy unziesme jour de juing.<\/p>\n<p align=\"right\">J. Trouv\u00e9<a href=\"#endref1\"><sup>1<\/sup><\/a><\/p>\n<\/blockquote>\n<div><br clear=\"all\" \/><\/p>\n<hr align=\"left\" size=\"1\" width=\"33%\" \/>\n<div><a name=\"endref1\"><\/a><sup>1<\/sup> Roy, 1920, 87, 91-92 (1929, 151-152, 154-155), transcribed.\u00a0 Roy pointed out that the document of the sentence of May 31, 1541, is not found attached to the document of June 11.\u00a0 He also gave the equivalency of 436 livres parisis as 545 livres tournois. \u00a0Venturi, IX, 5, 1932, 200, the sentence of May 31 mentioned.\u00a0 Grodecki, 1975, 110, n. 2, mentioned.<\/div>\n<\/div>\n","protected":false},"excerpt":{"rendered":"<p>Giuliano Buonacorsi, the executor of Rosso\u2019s will, states that he received from the receiver of Paris 545 livres tournois (=436 livres parisis), a sum that Francesco Pellegrini (Peregrin) had been ordered to give to Buonacorsi by a sentence of May 31, 1541, this sum being the remainder of the 1125 livres tournois that had been [&hellip;]<\/p>\n","protected":false},"author":13,"featured_media":0,"parent":822,"menu_order":72,"comment_status":"closed","ping_status":"closed","template":"","meta":{"footnotes":""},"class_list":["post-8735","page","type-page","status-publish","hentry"],"_links":{"self":[{"href":"https:\/\/pages.vassar.edu\/rosso\/wp-json\/wp\/v2\/pages\/8735","targetHints":{"allow":["GET"]}}],"collection":[{"href":"https:\/\/pages.vassar.edu\/rosso\/wp-json\/wp\/v2\/pages"}],"about":[{"href":"https:\/\/pages.vassar.edu\/rosso\/wp-json\/wp\/v2\/types\/page"}],"author":[{"embeddable":true,"href":"https:\/\/pages.vassar.edu\/rosso\/wp-json\/wp\/v2\/users\/13"}],"replies":[{"embeddable":true,"href":"https:\/\/pages.vassar.edu\/rosso\/wp-json\/wp\/v2\/comments?post=8735"}],"version-history":[{"count":6,"href":"https:\/\/pages.vassar.edu\/rosso\/wp-json\/wp\/v2\/pages\/8735\/revisions"}],"predecessor-version":[{"id":9947,"href":"https:\/\/pages.vassar.edu\/rosso\/wp-json\/wp\/v2\/pages\/8735\/revisions\/9947"}],"up":[{"embeddable":true,"href":"https:\/\/pages.vassar.edu\/rosso\/wp-json\/wp\/v2\/pages\/822"}],"wp:attachment":[{"href":"https:\/\/pages.vassar.edu\/rosso\/wp-json\/wp\/v2\/media?parent=8735"}],"curies":[{"name":"wp","href":"https:\/\/api.w.org\/{rel}","templated":true}]}}