{"id":8729,"date":"2013-02-22T17:55:58","date_gmt":"2013-02-22T22:55:58","guid":{"rendered":"http:\/\/pages.vassar.edu\/rosso\/?page_id=8729"},"modified":"2016-05-24T18:17:45","modified_gmt":"2016-05-24T22:17:45","slug":"doc-47","status":"publish","type":"page","link":"https:\/\/pages.vassar.edu\/rosso\/catalogues\/documents\/doc-47\/","title":{"rendered":"DOC.47 March 11, 1541 (modern style)"},"content":{"rendered":"<p>Receipt of the settlement of the sentence of March 9, 1541 (DOC.46) requested by the king\u2019s attorney that the banker Richard d\u2019Elb\u00e8ne, a Florentine and resident of Paris, turn over to the receiver of Paris 1125 livres tournois of the 1400 that Rosso, canon of Notre Dame of Paris, had put with him at some time before his death.<\/p>\n<p>Paris, National Archives, Minute de J. Trouv\u00e9, notaire au Ch\u00e2telet de Paris (this document can no longer be found among the papers of J. Trouv\u00e9 [XIX, 154-157], nor of G. Payen [XIX, 83-84]).<\/p>\n<blockquote><p>Noble homme ma\u00eetre Jehan Turquain, receveur ordinaire de Paris, confess avoir eu et receu de Richard d\u2019Alb\u00e8ne, banquier florentin en la ville de Paris, par lequel, \u00e0 ce pr\u00e9sent, et pour \u00e9viter \u00e0 l\u2019emprisonmement de sa personne, luy a est\u00e9 baill\u00e9 et mis en ses mains, en la pr\u00e9sence des notaires soubzscriptz, la somme de XI<sup>c<\/sup> XXV livres t. en cinq cens escuz d\u2019or au soleil bons et de poix du coing du Roy, ayans de pr\u00e9sent cours \u00e0 XLV s.t. pi\u00e8ce, que led. d\u2019Elb\u00e8ne, par sentence donn\u00e9e au Ch\u00e2telet de Paris, \u00e0 la requ\u00eate du procureur du Roy oud. Ch\u00e2telet, le mercredi dernier, neufviesme jour de ce pr\u00e9sent moys de mars, sign\u00e9e de Prast, transcripte en la fin de ces pr\u00e9sentes, a est\u00e9 condamn\u00e9 mectre \u00e8s mains dud. Turquain, receveur susd. comme \u00e0 personne estrange, pour icelle somme estre d\u00e9livr\u00e9e a qui il apartiendra et \u00e0 tenir prison, le tout suyvant lad. sentence et commandement \u00e0 luy signifi\u00e9 le jour d\u2019huy, fait par Jehan Desmoulins, sergent ord. oud Chastelet, en vertu de lad. sentence, de laquelle somme de XI<sup>c<\/sup> XXV livres t. led. Turquain, receveur susd., se tient pour content et en quicte led. d\u2019Elb\u00e8ne et promect acquicter et d\u00e9fendre envers et contre tous et sans pr\u00e9judice de l\u2019arest que led. d\u2019Elb\u00e8ne a maintenu par lad. sentence avoir est\u00e9 fait de lad. somme et de l\u2019appel par luy intent\u00e9 d\u2019icelle sentence jeudi dernier, dix<sup>e<\/sup> jour de ced. pr\u00e9sent moys, de mectre \u00e8s mains dud. receveur Turquain lad. somme de XI<sup>c<\/sup> XXV livres t. que led. d\u2019Elb\u00e8ne a dit luy estre demour\u00e9e de reste de la somme de XIIII<sup>c<\/sup> livres t. que feu M<sup>e<\/sup> Rousse de Roux, en son vivant chanoine de l\u2019\u00e9glise N.-D. de Paris, avoit mise en ses mains, de laquelle il dit luy avoir baill\u00e9 sa c\u00e9dulle, non obstant que par lad. sentence n\u2019ait est\u00e9 faite mention avoir fait sa c\u00e9dulle de lad. somme de XIIII<sup>c<\/sup> livres t. Prom. obl. ren.\u00a0 Fait et pass\u00e9 double l\u2019an mil V<sup>c<\/sup> XL, le vendredi XI<sup>e<\/sup> jour de mars.<a href=\"#endref1\"><sup>1<\/sup><\/a><\/p><\/blockquote>\n<div><br clear=\"all\" \/><\/p>\n<hr align=\"left\" size=\"1\" width=\"33%\" \/>\n<div>\n<p><a name=\"endref1\"><\/a><sup>1<\/sup> Roy, 1920 (1929, 151, mentioned, 153), transcribed as copied here.\u00a0 Venturi, IX, 5, 1932, 199-200, contents partially given.<\/p>\n<\/div>\n<\/div>\n","protected":false},"excerpt":{"rendered":"<p>Receipt of the settlement of the sentence of March 9, 1541 (DOC.46) requested by the king\u2019s attorney that the banker Richard d\u2019Elb\u00e8ne, a Florentine and resident of Paris, turn over to the receiver of Paris 1125 livres tournois of the 1400 that Rosso, canon of Notre Dame of Paris, had put with him at some [&hellip;]<\/p>\n","protected":false},"author":13,"featured_media":0,"parent":822,"menu_order":69,"comment_status":"closed","ping_status":"closed","template":"","meta":{"footnotes":""},"class_list":["post-8729","page","type-page","status-publish","hentry"],"_links":{"self":[{"href":"https:\/\/pages.vassar.edu\/rosso\/wp-json\/wp\/v2\/pages\/8729","targetHints":{"allow":["GET"]}}],"collection":[{"href":"https:\/\/pages.vassar.edu\/rosso\/wp-json\/wp\/v2\/pages"}],"about":[{"href":"https:\/\/pages.vassar.edu\/rosso\/wp-json\/wp\/v2\/types\/page"}],"author":[{"embeddable":true,"href":"https:\/\/pages.vassar.edu\/rosso\/wp-json\/wp\/v2\/users\/13"}],"replies":[{"embeddable":true,"href":"https:\/\/pages.vassar.edu\/rosso\/wp-json\/wp\/v2\/comments?post=8729"}],"version-history":[{"count":6,"href":"https:\/\/pages.vassar.edu\/rosso\/wp-json\/wp\/v2\/pages\/8729\/revisions"}],"predecessor-version":[{"id":9950,"href":"https:\/\/pages.vassar.edu\/rosso\/wp-json\/wp\/v2\/pages\/8729\/revisions\/9950"}],"up":[{"embeddable":true,"href":"https:\/\/pages.vassar.edu\/rosso\/wp-json\/wp\/v2\/pages\/822"}],"wp:attachment":[{"href":"https:\/\/pages.vassar.edu\/rosso\/wp-json\/wp\/v2\/media?parent=8729"}],"curies":[{"name":"wp","href":"https:\/\/api.w.org\/{rel}","templated":true}]}}