{"id":8727,"date":"2013-02-22T17:55:39","date_gmt":"2013-02-22T22:55:39","guid":{"rendered":"http:\/\/pages.vassar.edu\/rosso\/?page_id=8727"},"modified":"2016-05-24T18:17:53","modified_gmt":"2016-05-24T22:17:53","slug":"doc-46","status":"publish","type":"page","link":"https:\/\/pages.vassar.edu\/rosso\/catalogues\/documents\/doc-46\/","title":{"rendered":"DOC.46 March 9, 1541"},"content":{"rendered":"<p>Sentence requested by the king\u2019s attorney that the banker Richard d\u2019Elb\u00e8ne, a Florentine and resident of Paris, turn over to the receiver of Paris 1125 livres tournois that belonged to the deceased Rosso, canon of Notre Dame of Paris.<\/p>\n<p>Paris, National Archives, Minute of J. Trouv\u00e9, notaire au Ch\u00e2telet de Paris (this document can no longer be found among the papers of J. Trouv\u00e9 [XIX, 154-157] nor of G. Payen [XIX, 83-84]).\u00a0 From Roy, 1920 (1929, 153-154):<\/p>\n<blockquote><p>\u00a0A tous ceulx qui ces pr\u00e9sentes lettres verront&#8230;, Jehan d\u2019Estouteville, chevalier&#8230; et garde de la pr\u00e9vost\u00e9 de Paris, Salut.\u00a0 Savoir faisons que le jour et date de ces pr\u00e9sentes, sur la requ\u00eate faicte en jugement devant nous en notre auditoire commun ou Chastelet de Paris par M<sup>e<\/sup> Jaques Chanberet, procureur du Roy, n. s., oud. Chastelet, \u00e0 l\u2019encontre de Richard dElb\u00e8ne, florentin, banquier en ceste ville de Paris, qui estoit tendante \u00e0 ce que led. d\u2019Elb\u00e8ne eust \u00e0 mectre en sa justice et par devers le greffier dud. Chastelet la somme de XI<sup>c<\/sup> XXV livres t. par luy par M<sup>e<\/sup> Jehan Baudesson, son procureur, confess\u00e9 estre en la possession dud. d\u2019Elb\u00e8ne, des deniers apartenans \u00e0 feu M<sup>e<\/sup> Rousse de Roux, en son vivant chanoine de l\u2019eglise de Paris, et que \u00e0 ce faire, actendu l\u2019ordonnance de Nous donn\u00e9e et les commandemens faitz aud. d\u2019Elb\u00e8ne, parlant \u00e0 sa personne, il feust condamn\u00e9 \u00e0 ce faire par toutes voyes et mani\u00e8res deues et raisonnables, mesmes par emprisonnement de sa personne, et par led. Baudesson a est\u00e9 dit qu\u2019il ne pouvoit dire cause valable pour ce empescher et consentoit lad. somme estre mise \u00e8s mains du receveur de Paris&#8230;\u00a0 Nous, partyes oyes, avons dit et ordonn\u00e9, disons et ordonnons que, sans pr\u00e9judice de l\u2019arest par led. d\u2019Elb\u00e8ne maintenu avoir est\u00e9 fait sur lad. somme, icellui d\u2019Elb\u00e8ne sera contrainct, par toutes voyes deues et raisonnables et mesmes par emprisonnement de sa personne, de aporter ou faire aporter et mectre \u00e8s mains du receveur de Paris lad. somme de XI<sup>c<\/sup> XXV livres t. comme \u00e0 personne estrange, pour icelle somme estre d\u00e9livr\u00e9e \u00e0 qui il apartiendra&#8230;\u00a0 En temoing de ce, nous avons faitr mectre \u00e0 ces pr\u00e9sents le scel de lad. pr\u00e9vost\u00e9 de Paris.\u00a0 Ce fut fait oud. Chastelet le mercredi neufviesme jour de mars, l\u2019an mil V<sup>c<\/sup> quarente.\u00a0 (Signed:) De Prast.<\/p>\n<p>G PAYEN\u00a0\u00a0\u00a0\u00a0\u00a0\u00a0\u00a0\u00a0\u00a0\u00a0\u00a0\u00a0\u00a0\u00a0 J. TROUV\u00c9<a href=\"#endref1\"><sup>1<\/sup><\/a><\/p><\/blockquote>\n<div><br clear=\"all\" \/><\/p>\n<hr align=\"left\" size=\"1\" width=\"33%\" \/>\n<div><a name=\"endref1\"><\/a><sup>1<\/sup> Roy, 1920, 86, 90 (1929, 151, 153-154), transcribed as copied here.\u00a0 Venturi, IX, 5, 1932, 199-200, contents indicated.<\/div>\n<\/div>\n","protected":false},"excerpt":{"rendered":"<p>Sentence requested by the king\u2019s attorney that the banker Richard d\u2019Elb\u00e8ne, a Florentine and resident of Paris, turn over to the receiver of Paris 1125 livres tournois that belonged to the deceased Rosso, canon of Notre Dame of Paris. Paris, National Archives, Minute of J. Trouv\u00e9, notaire au Ch\u00e2telet de Paris (this document can no [&hellip;]<\/p>\n","protected":false},"author":13,"featured_media":0,"parent":822,"menu_order":68,"comment_status":"closed","ping_status":"closed","template":"","meta":{"footnotes":""},"class_list":["post-8727","page","type-page","status-publish","hentry"],"_links":{"self":[{"href":"https:\/\/pages.vassar.edu\/rosso\/wp-json\/wp\/v2\/pages\/8727","targetHints":{"allow":["GET"]}}],"collection":[{"href":"https:\/\/pages.vassar.edu\/rosso\/wp-json\/wp\/v2\/pages"}],"about":[{"href":"https:\/\/pages.vassar.edu\/rosso\/wp-json\/wp\/v2\/types\/page"}],"author":[{"embeddable":true,"href":"https:\/\/pages.vassar.edu\/rosso\/wp-json\/wp\/v2\/users\/13"}],"replies":[{"embeddable":true,"href":"https:\/\/pages.vassar.edu\/rosso\/wp-json\/wp\/v2\/comments?post=8727"}],"version-history":[{"count":6,"href":"https:\/\/pages.vassar.edu\/rosso\/wp-json\/wp\/v2\/pages\/8727\/revisions"}],"predecessor-version":[{"id":9951,"href":"https:\/\/pages.vassar.edu\/rosso\/wp-json\/wp\/v2\/pages\/8727\/revisions\/9951"}],"up":[{"embeddable":true,"href":"https:\/\/pages.vassar.edu\/rosso\/wp-json\/wp\/v2\/pages\/822"}],"wp:attachment":[{"href":"https:\/\/pages.vassar.edu\/rosso\/wp-json\/wp\/v2\/media?parent=8727"}],"curies":[{"name":"wp","href":"https:\/\/api.w.org\/{rel}","templated":true}]}}