{"id":8721,"date":"2013-02-22T17:54:38","date_gmt":"2013-02-22T22:54:38","guid":{"rendered":"http:\/\/pages.vassar.edu\/rosso\/?page_id=8721"},"modified":"2016-05-24T18:18:14","modified_gmt":"2016-05-24T22:18:14","slug":"doc-43","status":"publish","type":"page","link":"https:\/\/pages.vassar.edu\/rosso\/catalogues\/documents\/doc-43\/","title":{"rendered":"DOC.43 November 20, 1540, Saturday"},"content":{"rendered":"<p>The collegial assembly of Sainte Chapelle of Paris agrees to celebrate a triple obit for the deceased Rosso, canon of Sainte Chapelle, on the following Wednesday, at Sainte Chapelle, stating that Rosso died on the previous Sunday [November 14, 1540].<\/p>\n<p>Paris, National Archives, LL 626, pp. 30-30 <i>verso<\/i>, M\u00e9moiriaux de la Sainte-Chapelle de Paris.<\/p>\n<blockquote><p>Le XX<sup>e<\/sup> jour de novembre M. V<sup>c<\/sup> XL, Messieurs estantz assemblez en la paye, consid\u00e9rans la bonne coustume observ\u00e9e en plusieurs esglises cath\u00e9drals et coll\u00e9giales de ce royaulme qui est que, quant ung de leur confr\u00e8re chanoine es d\u00e9c\u00e9d\u00e9 de vie \u00e0 trespas, les chanoines luy font dire et c\u00e9l\u00e9brer ung obit incontinent apr\u00e8s son d\u00e9c\u00e8s le jour le plus prochain et commode que faire ce peult, ont ordonn\u00e9 lad. coustume estre doresnavant observ\u00e9e en la Sainct Chappelle et que pour chascun chanoine que d\u00e9c\u00e9dera cy apr\u00e8s sera dit et c\u00e9l\u00e9br\u00e9 ung obit triple en la mani\u00e8re des autres obitz triples, sans autre solemnit\u00e9, \u00e0 commencer merquedy [30 <i>verso<\/i>] prochain, ou quel jour sera dit et c\u00e9l\u00e9br\u00e9 ung obit triple pour l\u2019\u00e2me de deu Mons<sup>r<\/sup> m(aistr)e Jehan Rossy, nagu\u00e8res chanonine de c\u00e9ans, qui d\u00e9c\u00e9da dimanche dernier, \u00e0 qui Dieu face pardon et \u00e0 tous trepassez. et n\u00e9antmoins sera pay\u00e9 led. obit pour ceste foix seulement des deniers que le receveur de l\u2019esglise peut avoir en ses mains appartenans aud. feu Rossy \u00e0 cause de sa prebende, parce qu\u2019il n\u2019a aulcuns h\u00e9rtiers et que le Roy, nostre sire, a donn\u00e9 ses biens par obeine \u00e0 cause qu\u2019il n\u2019estoit de ce royaulme, ains estoit n\u00e9 et natif de Florence.<a href=\"#endref1\"><sup>1<\/sup><\/a><\/p><\/blockquote>\n<div><br clear=\"all\" \/><\/p>\n<hr align=\"left\" size=\"1\" width=\"33%\" \/>\n<div>\n<p><a name=\"endref1\"><\/a><sup>1<\/sup> Roy, 1920, 84, 88-89 (1929, 149, 152), transcribed.\u00a0 On p. 31 of the same document there appears \u201cle samedy premier jour de janvier,\u201d from which it can be determined that the previous November 14 was a Sunday.<\/p>\n<\/div>\n<\/div>\n","protected":false},"excerpt":{"rendered":"<p>The collegial assembly of Sainte Chapelle of Paris agrees to celebrate a triple obit for the deceased Rosso, canon of Sainte Chapelle, on the following Wednesday, at Sainte Chapelle, stating that Rosso died on the previous Sunday [November 14, 1540]. Paris, National Archives, LL 626, pp. 30-30 verso, M\u00e9moiriaux de la Sainte-Chapelle de Paris. Le [&hellip;]<\/p>\n","protected":false},"author":13,"featured_media":0,"parent":822,"menu_order":65,"comment_status":"closed","ping_status":"closed","template":"","meta":{"footnotes":""},"class_list":["post-8721","page","type-page","status-publish","hentry"],"_links":{"self":[{"href":"https:\/\/pages.vassar.edu\/rosso\/wp-json\/wp\/v2\/pages\/8721","targetHints":{"allow":["GET"]}}],"collection":[{"href":"https:\/\/pages.vassar.edu\/rosso\/wp-json\/wp\/v2\/pages"}],"about":[{"href":"https:\/\/pages.vassar.edu\/rosso\/wp-json\/wp\/v2\/types\/page"}],"author":[{"embeddable":true,"href":"https:\/\/pages.vassar.edu\/rosso\/wp-json\/wp\/v2\/users\/13"}],"replies":[{"embeddable":true,"href":"https:\/\/pages.vassar.edu\/rosso\/wp-json\/wp\/v2\/comments?post=8721"}],"version-history":[{"count":6,"href":"https:\/\/pages.vassar.edu\/rosso\/wp-json\/wp\/v2\/pages\/8721\/revisions"}],"predecessor-version":[{"id":9954,"href":"https:\/\/pages.vassar.edu\/rosso\/wp-json\/wp\/v2\/pages\/8721\/revisions\/9954"}],"up":[{"embeddable":true,"href":"https:\/\/pages.vassar.edu\/rosso\/wp-json\/wp\/v2\/pages\/822"}],"wp:attachment":[{"href":"https:\/\/pages.vassar.edu\/rosso\/wp-json\/wp\/v2\/media?parent=8721"}],"curies":[{"name":"wp","href":"https:\/\/api.w.org\/{rel}","templated":true}]}}