{"id":8690,"date":"2013-02-22T17:48:37","date_gmt":"2013-02-22T22:48:37","guid":{"rendered":"http:\/\/pages.vassar.edu\/rosso\/?page_id=8690"},"modified":"2016-05-24T18:22:45","modified_gmt":"2016-05-24T22:22:45","slug":"doc-28","status":"publish","type":"page","link":"https:\/\/pages.vassar.edu\/rosso\/catalogues\/documents\/doc-28\/","title":{"rendered":"DOC.28 January 17, 1533 (old and modern styles)"},"content":{"rendered":"<p>Payment to Rosso for wages due him of 350 livres tournois for each of the two quarters of July, August, September, and October, November, December, 1532.<\/p>\n<p>Paris, National Archives, J 960, fol. 15.<\/p>\n<blockquote><p>A Paris, le XVII<sup>e<\/sup> jour de janvier 1533.<\/p>\n<p>Partie deues aux paintres et graveurs cy apr\u00e8s nommez, retenuz par le Roy pour son service et plaisir, lesquelz le dit Seigneur veult et entend estre paiez M<sup>e<\/sup> Jehan Laguette, tr\u00e9sorier et recepveur g\u00e9n\u00e9ral des finances extraordinaires et parties casuelles, des premiers et plus clers deniers provenans de son dit office qui sont depr\u00e9sent ou qui seront cy apr\u00e8s portez et mis \u00e8s coffres pour ce puis nagu\u00e8res ordonnez au chastel du Louvre, pour leurs gaiges durant le temps et ainsi au\u2019il s\u2019ensuit:<\/p>\n<p align=\"center\">Premier:<\/p>\n<p>A messire Roux de Rousse est deu de reste la somme de VIj<sup>c<\/sup> l.t. pour ses gaiges des quartiers de juillet, aoust et semptembre octobre novembre et decembre, mil cinq cens trente deux dernier pass\u00e9 qui est \u00e0 raison de III<sup>c<\/sup> l.t. pour chacun quartier pour ce cy _______________________VII<sup>c<\/sup> l.<\/p>\n<p>There follow payments to other artists including Rustici, Scibec de Carpi, Juste de Juste, etc.<a href=\"#endref1\"><sup>1<\/sup><\/a><\/p><\/blockquote>\n<div><br clear=\"all\" \/><\/p>\n<hr align=\"left\" size=\"1\" width=\"33%\" \/>\n<div>\n<p><a name=\"endref1\"><\/a><sup>1<\/sup> Laborde, <i>Renaissance<\/i>, II, 1855, 756, for Rosso\u2019s wages only.\u00a0 Laborde, I, 1877, XV, for Rosso\u2019s wages, partly transcribed; II, 1880, 210, 364-365, for the other parts of the document.\u00a0 <i>Actes de Fran\u00e7ois I<sup>er<\/sup><\/i>, VII, 1896, 702, no. 28469, with reference to a letter that follows dated Paris January 16, 1533 (modern style).<\/p>\n<\/div>\n<\/div>\n","protected":false},"excerpt":{"rendered":"<p>Payment to Rosso for wages due him of 350 livres tournois for each of the two quarters of July, August, September, and October, November, December, 1532. Paris, National Archives, J 960, fol. 15. A Paris, le XVIIe jour de janvier 1533. Partie deues aux paintres et graveurs cy apr\u00e8s nommez, retenuz par le Roy pour [&hellip;]<\/p>\n","protected":false},"author":13,"featured_media":0,"parent":822,"menu_order":45,"comment_status":"closed","ping_status":"closed","template":"","meta":{"footnotes":""},"class_list":["post-8690","page","type-page","status-publish","hentry"],"_links":{"self":[{"href":"https:\/\/pages.vassar.edu\/rosso\/wp-json\/wp\/v2\/pages\/8690","targetHints":{"allow":["GET"]}}],"collection":[{"href":"https:\/\/pages.vassar.edu\/rosso\/wp-json\/wp\/v2\/pages"}],"about":[{"href":"https:\/\/pages.vassar.edu\/rosso\/wp-json\/wp\/v2\/types\/page"}],"author":[{"embeddable":true,"href":"https:\/\/pages.vassar.edu\/rosso\/wp-json\/wp\/v2\/users\/13"}],"replies":[{"embeddable":true,"href":"https:\/\/pages.vassar.edu\/rosso\/wp-json\/wp\/v2\/comments?post=8690"}],"version-history":[{"count":8,"href":"https:\/\/pages.vassar.edu\/rosso\/wp-json\/wp\/v2\/pages\/8690\/revisions"}],"predecessor-version":[{"id":11988,"href":"https:\/\/pages.vassar.edu\/rosso\/wp-json\/wp\/v2\/pages\/8690\/revisions\/11988"}],"up":[{"embeddable":true,"href":"https:\/\/pages.vassar.edu\/rosso\/wp-json\/wp\/v2\/pages\/822"}],"wp:attachment":[{"href":"https:\/\/pages.vassar.edu\/rosso\/wp-json\/wp\/v2\/media?parent=8690"}],"curies":[{"name":"wp","href":"https:\/\/api.w.org\/{rel}","templated":true}]}}