{"id":8686,"date":"2013-02-22T17:47:56","date_gmt":"2013-02-22T22:47:56","guid":{"rendered":"http:\/\/pages.vassar.edu\/rosso\/?page_id=8686"},"modified":"2016-05-24T18:22:59","modified_gmt":"2016-05-24T22:22:59","slug":"doc-26","status":"publish","type":"page","link":"https:\/\/pages.vassar.edu\/rosso\/catalogues\/documents\/doc-26\/","title":{"rendered":"DOC.26 October 31, 1532"},"content":{"rendered":"<p>Register of payment to Rosso of 350 livres tournois, according to a settlement of October 16, 1532, for his wages that are due him for the months of July, August, and September 1531.<\/p>\n<p>Paris, National Archives (number not known).<\/p>\n<blockquote><p>A Roux Jehan Baptiste de Roux, painctre ordinaire du Roy, la somme de troys cens cinquante livres tournois, \u00e0 luy ordonn\u00e9e des deniers de l\u2019espargne dudict seigneur, du quartier de juillet, aoust et septembre, prochainement venant, qui seront portez et mis \u00e8s coffres du chateau du Louvre \u00e0 Paris par le Roy et ses lettres patentes donn\u00e9es \u00e0 Chateaubryant le dernier jour de may M V<sup>c<\/sup> XXXIj, signes Fran\u00e7oys Bayard et scell\u00e9es du scel dudict seigneur, pour ung quartier des ses gaiges, lequel luy est deu en l\u2019ann\u00e9e pass\u00e9e; scavoir est, juillet, aoust, et september dernier pass\u00e9; laquelle somme lui a est\u00e9 pay\u00e9e comptant par lesdits preudhommes, des deniers pris et tirez desdits coffres, \u00e8s pr\u00e9sence de messeigneurs les pr\u00e9sidents et contrerolle, le tout en monnoye de testons, demys testons XIj<sup>ains<\/sup> et lyarts, comme il appert par sa quittance, sign\u00e9e Bonacoursy notaire et secr\u00e9taire dudict S., le XVI<sup>me<\/sup> jour d\u2019octobre M.V<sup>c<\/sup> XXXIj, enr\u00e9gisrtr\u00e9e par moy le dernier jour d\u2019icelluy moys et my cy.\u00a0\u00a0\u00a0\u00a0\u00a0\u00a0 IIj<sup>c<\/sup>l liv.<\/p>\n<p>Registre de la despence faicte des deniers de l\u2019espargne et tr\u00e9sor du Roy tir\u00e9s de ses coffres estans en son chasteau du Louvre \u00e0 Paris &#8211; pour l\u2019ann\u00e9e commenc\u00e9e le premier jour de janvier M. V<sup>c<\/sup> XXXI [1532].<a href=\"#endref1\"><sup>1<\/sup><\/a><\/p><\/blockquote>\n<div><br clear=\"all\" \/><\/p>\n<hr align=\"left\" size=\"1\" width=\"33%\" \/>\n<div><a name=\"endref1\"><\/a><sup>1<\/sup> Transcribed from Laborde, <i>Renaissance<\/i>, I, 1850, 199.<\/div>\n<\/div>\n","protected":false},"excerpt":{"rendered":"<p>Register of payment to Rosso of 350 livres tournois, according to a settlement of October 16, 1532, for his wages that are due him for the months of July, August, and September 1531. Paris, National Archives (number not known). A Roux Jehan Baptiste de Roux, painctre ordinaire du Roy, la somme de troys cens cinquante [&hellip;]<\/p>\n","protected":false},"author":13,"featured_media":0,"parent":822,"menu_order":43,"comment_status":"closed","ping_status":"closed","template":"","meta":{"footnotes":""},"class_list":["post-8686","page","type-page","status-publish","hentry"],"_links":{"self":[{"href":"https:\/\/pages.vassar.edu\/rosso\/wp-json\/wp\/v2\/pages\/8686","targetHints":{"allow":["GET"]}}],"collection":[{"href":"https:\/\/pages.vassar.edu\/rosso\/wp-json\/wp\/v2\/pages"}],"about":[{"href":"https:\/\/pages.vassar.edu\/rosso\/wp-json\/wp\/v2\/types\/page"}],"author":[{"embeddable":true,"href":"https:\/\/pages.vassar.edu\/rosso\/wp-json\/wp\/v2\/users\/13"}],"replies":[{"embeddable":true,"href":"https:\/\/pages.vassar.edu\/rosso\/wp-json\/wp\/v2\/comments?post=8686"}],"version-history":[{"count":8,"href":"https:\/\/pages.vassar.edu\/rosso\/wp-json\/wp\/v2\/pages\/8686\/revisions"}],"predecessor-version":[{"id":11990,"href":"https:\/\/pages.vassar.edu\/rosso\/wp-json\/wp\/v2\/pages\/8686\/revisions\/11990"}],"up":[{"embeddable":true,"href":"https:\/\/pages.vassar.edu\/rosso\/wp-json\/wp\/v2\/pages\/822"}],"wp:attachment":[{"href":"https:\/\/pages.vassar.edu\/rosso\/wp-json\/wp\/v2\/media?parent=8686"}],"curies":[{"name":"wp","href":"https:\/\/api.w.org\/{rel}","templated":true}]}}