{"id":8677,"date":"2013-02-22T17:44:50","date_gmt":"2013-02-22T22:44:50","guid":{"rendered":"http:\/\/pages.vassar.edu\/rosso\/?page_id=8677"},"modified":"2016-05-24T18:23:22","modified_gmt":"2016-05-24T22:23:22","slug":"doc-23","status":"publish","type":"page","link":"https:\/\/pages.vassar.edu\/rosso\/catalogues\/documents\/doc-23\/","title":{"rendered":"DOC.23 May 31, 1532"},"content":{"rendered":"<p>Mandate to the bank treasurer to pay Rosso 350 livres tournois for the third quarter of his wages of the preceding year that are still due him. This would be for the months October &#8211; December 1531, the first quarter indicated in DOC.22.<a href=\"#endref1\"><sup>1<\/sup><\/a><\/p>\n<p>Paris, National Library, ms.fr. 15628, no. 232 [<i>Mention<\/i>].<\/p>\n<p>From <i>Actes de Fran\u00e7ois I<sup>er<\/sup><\/i>, II, 1888, 150, no. 4595 (unchecked):<\/p>\n<p>Mandement au tr\u00e9sorier de l\u2019\u00e9pargne de payer \u00e0 Jean-Baptiste de Roux [le Rosso], peintre ordinaire du roi, 350 livres tournois pour le troisi\u00e8me trimestre de ses gages de l\u2019ann\u00e9e pr\u00e9c\u00e9dente qui lui restait d\u00fb. Ch\u00e2teaubriant, 31 mai 1532.<\/p>\n<p>&nbsp;<\/p>\n<div>\n<hr align=\"left\" size=\"1\" width=\"33%\" \/>\n<div>\n<p><a name=\"endref1\"><\/a><sup>1<\/sup> January &#8211; March 1532, before Easter, being the fourth quarter of 1531, old style.\u00a0 This could be the document referred to in Dorez, 1916, 451, n. 5.<\/p>\n<\/div>\n<\/div>\n","protected":false},"excerpt":{"rendered":"<p>Mandate to the bank treasurer to pay Rosso 350 livres tournois for the third quarter of his wages of the preceding year that are still due him. This would be for the months October &#8211; December 1531, the first quarter indicated in DOC.22.1 Paris, National Library, ms.fr. 15628, no. 232 [Mention]. From Actes de Fran\u00e7ois [&hellip;]<\/p>\n","protected":false},"author":13,"featured_media":0,"parent":822,"menu_order":40,"comment_status":"closed","ping_status":"closed","template":"","meta":{"footnotes":""},"class_list":["post-8677","page","type-page","status-publish","hentry"],"_links":{"self":[{"href":"https:\/\/pages.vassar.edu\/rosso\/wp-json\/wp\/v2\/pages\/8677","targetHints":{"allow":["GET"]}}],"collection":[{"href":"https:\/\/pages.vassar.edu\/rosso\/wp-json\/wp\/v2\/pages"}],"about":[{"href":"https:\/\/pages.vassar.edu\/rosso\/wp-json\/wp\/v2\/types\/page"}],"author":[{"embeddable":true,"href":"https:\/\/pages.vassar.edu\/rosso\/wp-json\/wp\/v2\/users\/13"}],"replies":[{"embeddable":true,"href":"https:\/\/pages.vassar.edu\/rosso\/wp-json\/wp\/v2\/comments?post=8677"}],"version-history":[{"count":9,"href":"https:\/\/pages.vassar.edu\/rosso\/wp-json\/wp\/v2\/pages\/8677\/revisions"}],"predecessor-version":[{"id":9879,"href":"https:\/\/pages.vassar.edu\/rosso\/wp-json\/wp\/v2\/pages\/8677\/revisions\/9879"}],"up":[{"embeddable":true,"href":"https:\/\/pages.vassar.edu\/rosso\/wp-json\/wp\/v2\/pages\/822"}],"wp:attachment":[{"href":"https:\/\/pages.vassar.edu\/rosso\/wp-json\/wp\/v2\/media?parent=8677"}],"curies":[{"name":"wp","href":"https:\/\/api.w.org\/{rel}","templated":true}]}}