{"id":8675,"date":"2013-02-22T17:44:36","date_gmt":"2013-02-22T22:44:36","guid":{"rendered":"http:\/\/pages.vassar.edu\/rosso\/?page_id=8675"},"modified":"2016-05-24T18:23:28","modified_gmt":"2016-05-24T22:23:28","slug":"doc-22","status":"publish","type":"page","link":"https:\/\/pages.vassar.edu\/rosso\/catalogues\/documents\/doc-22\/","title":{"rendered":"DOC.22 February 21, 1532 (modern style)"},"content":{"rendered":"<p>Payment ordered by the king for Rosso\u2019s wages and living expenses for 15 months (5 quarters) from October 1, 1531 to December 31, 1532. Wages of several other artists and artisans, including Rustici and Scibec de Carpi, for this same period are also given.<\/p>\n<p>Formerly Tours, Municipal Library, Fonds Salmon.<\/p>\n<blockquote><p>Fran\u00e7ois, par la gr\u00e2ce de Dieu, Roy de France, \u00e0 notre am\u00e9 et f\u00e9al Conseiller, Tr\u00e9sorier et Receveur g\u00e9n\u00e9ral de nos Finances extraordinaires et parties casuelles, Me Jehan Laguette, salut et dilection.\u00a0 Comme cejourd\u2019huy nous vous ayons ordonn\u00e9 payer aux painctres, graveurs, sculteurs, manis-facteurs et autres cy apr\u00e8s nommez, lesquelz nous avons retenuz pour nostre service et plaisir les partyes et sommes de deniers cy apr\u00e8s declair\u00e9es, montant ensemble \u00e0 la somme de neuf mille trois cent soixante et quinze livres tournois, laquelle somme nous voulons et entendons leur estre pay\u00e9e et distribu\u00e9e jouxte l\u2019estat que en avons fait dresser, sign\u00e9 de nostre propre main, pour leurs gaiges et entretenemens durant cinq quartiers d\u2019an, qui sont quinze mis entiers, commenc\u00e9s le premier jour d\u2019octobre mil cinq cens trente et ung dernier pass\u00e9, et finissant le dernier jour de d\u00e9cembre mil cinq cens trente deux prochainement venant, en ensuyvant sur ce nostredit estat que avons cy fait actacher soubs le contre scel de nostre Chancellerye, voulons et vous mandons que des premiers et plus clers deniers prouvenant de vostredite Recepte g\u00e9n\u00e9ralle, par chacun desdits quartiers et iceulx \u00e9chus et passez, vous payez, baillez et delivrez comptant ausditz painctres, graveurs, sculteurs, et autres cy apr\u00e8s nommez, ladite somme de IX<sup>m<\/sup> III<sup>c<\/sup> LXXV livres, ainsy et en la mani\u00e8re qui s\u2019ensuyt:<\/p>\n<p>C\u2019est assavoir, \u00e0 <i>Roux de Rousse<\/i>, painctre florentin, la somme de dix sept cent cinquante livres tournois, qui est pour chacun desdits quartiers III<sup>c<\/sup> L livres; &#8211; \u00e0 <i>Francisque de Rustichy<\/i>, sculteur en bronze, la somme de quinze cens livres tournois, qui est \u00e0 raison de III<sup>c<\/sup> livres par chacun desdits quartiers;- \u00e0 <i>Math\u00e9e d\u2019Alnassart<\/i>, de V\u00e9ronne, graveur, la somme de sept cens cinquante livres, qui est \u00e0 raison de VII<sup>xx<\/sup>X livres par chacun desdit cinq quartiers;- \u00e0 <i>Francisque de Carpy<\/i>, menuisier, et <i>Jehan Michael de Pantal\u00e9on<\/i>, marqueteur, fr\u00e8re <i>Andr\u00e9 de Gennes<\/i>, religieux ing\u00e9nyeur, et \u00e0 Orsonvillier, en attendant qu\u2019il soit couch\u00e9 en l\u2019estat de nostre maison, chacun d\u2019eux la somme de Vc livres, qui est \u00e0 raison de c livres par chacun desdits quartiers;- \u00e0 <i>Juste de Just<\/i>, sculteur en marbre, <i>Jerome de Robia<\/i>, <i>Symon de Bari<\/i>, aussy scultures en marbre, <i>Barthelemy Guety<\/i>, painctre, et <i>Baptiste<\/i> <i>d\u2019Auvergne<\/i>, tireur d\u2019or, \u00e0 chacun la somme de 300 liv., qui est \u00e0 raison de LX livres par chacun desdits cinq quartiers;- \u00e0 <i>Dominique de Rota<\/i>, ouvrier en moresque, la somme de VII<sup>c <\/sup>L liv., qui est \u00e0 raison de VII<sup>xx<\/sup>X liv. par chacun desdits quartiers;- \u00e0 <i>Albert de Rippa<\/i>, joueur de lut, VI<sup>c<\/sup>XXV liv., qui est \u00e0 raison de VI<sup>xx<\/sup>V livres, par chacun quartier;- \u00e0 <i>Symon Foug\u00e8res<\/i> et \u00e0 <i>Jehannet de Bouchefort<\/i>, chantres, \u00e0 chacun II<sup>c<\/sup>L liv., qui est \u00e0 raison de L liv. par chacun desdits quartiers, ausquels et \u00e0 chacun d\u2019eulx, en leur regard, nous leur avons ordonn\u00e9 et ordonnons par ces pr\u00e9sentes pour leurs gaiges et entretenement durant lesdits cinq quartiers d\u2019an, commenc\u00e9s et finissant comme dessus est dit, et en outre et par dessus les autres dons, gaiges, pensions et bienfaicts qu\u2019ils ont eus cy davant et pourront avoir de nous cy apr\u00e8s, pour autre ou semblable cause, et par rapportant ces pr\u00e9sentes, sign\u00e9es de nostre main, ledit estat cy attach\u00e9, avec quittance de chacun des dessusdits respectivement suffisante f\u00e9allement, nous voullons laditte somme de IX<sup>m<\/sup> III<sup>c<\/sup> LXX livres, ou ce que pay\u00e9 en aurez \u00e0 la cause dessusdits, estre pass\u00e9 et allou\u00e9 en la despense de vos comptes et rabattu de vostre recepte generalle, par nos amez et f\u00e9aulx les gens de nos comptes \u00e0 Paris, ausquels nous mandons ainsy le faire sans aucune difficult\u00e9, car tel est nostre plaisir, nonobstant quelsconques ordonnances, us, styles, rigueur de compte, mandement ou deffense \u00e0 ce contraire.<\/p>\n<p>Donn\u00e9 \u00e0 Rouen, le XXI<sup>e<\/sup> jour de fevrier l\u2019an mil cinq cens trente et ung, et de nostre regne le dix huitiesme.<\/p>\n<p>Sing\u00e9: FRAN\u00c7OYS, et par le Roy: <i>Corne<\/i>.<a href=\"#endref1\"><sup>1<\/sup><\/a><\/p><\/blockquote>\n<div><br clear=\"all\" \/><\/p>\n<hr align=\"left\" size=\"1\" width=\"33%\" \/>\n<div><a name=\"endref1\"><\/a><sup>1<\/sup> Transcribed as here in Grandmaison, Ch. de, \u201cGages de peintres et sculpteurs employ\u00e9s par Fran\u00e7ois I<sup>er<\/sup> (1531-32),\u201d <i>Nouvelles Archives de l\u2019Art Fran\u00e7ais<\/i>, 1876, 90-92.\u00a0 The original of this document was destroyed during World War II.\u00a0 \u201cGalerie,\u201d <i>RdA<\/i>, 1972, 40, as related to the Gallery of Francis I, which, however, is nowhere indicated in the document itself.<\/div>\n<\/div>\n","protected":false},"excerpt":{"rendered":"<p>Payment ordered by the king for Rosso\u2019s wages and living expenses for 15 months (5 quarters) from October 1, 1531 to December 31, 1532. Wages of several other artists and artisans, including Rustici and Scibec de Carpi, for this same period are also given. Formerly Tours, Municipal Library, Fonds Salmon. Fran\u00e7ois, par la gr\u00e2ce de [&hellip;]<\/p>\n","protected":false},"author":13,"featured_media":0,"parent":822,"menu_order":39,"comment_status":"closed","ping_status":"closed","template":"","meta":{"footnotes":""},"class_list":["post-8675","page","type-page","status-publish","hentry"],"_links":{"self":[{"href":"https:\/\/pages.vassar.edu\/rosso\/wp-json\/wp\/v2\/pages\/8675","targetHints":{"allow":["GET"]}}],"collection":[{"href":"https:\/\/pages.vassar.edu\/rosso\/wp-json\/wp\/v2\/pages"}],"about":[{"href":"https:\/\/pages.vassar.edu\/rosso\/wp-json\/wp\/v2\/types\/page"}],"author":[{"embeddable":true,"href":"https:\/\/pages.vassar.edu\/rosso\/wp-json\/wp\/v2\/users\/13"}],"replies":[{"embeddable":true,"href":"https:\/\/pages.vassar.edu\/rosso\/wp-json\/wp\/v2\/comments?post=8675"}],"version-history":[{"count":9,"href":"https:\/\/pages.vassar.edu\/rosso\/wp-json\/wp\/v2\/pages\/8675\/revisions"}],"predecessor-version":[{"id":11993,"href":"https:\/\/pages.vassar.edu\/rosso\/wp-json\/wp\/v2\/pages\/8675\/revisions\/11993"}],"up":[{"embeddable":true,"href":"https:\/\/pages.vassar.edu\/rosso\/wp-json\/wp\/v2\/pages\/822"}],"wp:attachment":[{"href":"https:\/\/pages.vassar.edu\/rosso\/wp-json\/wp\/v2\/media?parent=8675"}],"curies":[{"name":"wp","href":"https:\/\/api.w.org\/{rel}","templated":true}]}}