{"id":8673,"date":"2013-02-22T17:44:02","date_gmt":"2013-02-22T22:44:02","guid":{"rendered":"http:\/\/pages.vassar.edu\/rosso\/?page_id=8673"},"modified":"2016-05-24T18:23:37","modified_gmt":"2016-05-24T22:23:37","slug":"doc-21","status":"publish","type":"page","link":"https:\/\/pages.vassar.edu\/rosso\/catalogues\/documents\/doc-21\/","title":{"rendered":"DOC.21 1532"},"content":{"rendered":"<p>Letter from Antonio Mini in Paris to Francesco Tedaldi in Lyons concerning the paintings of <i>Leda<\/i> (Michelangelo\u2019s, it would seem, and copies of it) that have gone to Rosso, Luigi Alamanni, and Giuliano Buonacorsi, and mentioning a large frame that Rosso is having made (apparently for Michelangelo\u2019s painting; see L.38); also commenting on the friendship of Rosso and Buonacorsi.<\/p>\n<p>Florence, Buonarroti Archive, XII, no. 13.<\/p>\n<blockquote><p>M.<sup>e<\/sup> Francesco mio haro.\u00a0 Se voi sapessi el vero quanto mi quoce he una opera di Mihelagniolo sia instata voluta tufare e spregiarla per volere rilevare uno giutatore!\u00a0 Ma io vi so dire he preparamenti si fano di tale sortta, he io ar\u00f2 agio di schoprire e cotare cli [<i>sic<\/i>; chi] ne fa botegha e no si hura se none de l\u2019utile: gli \u00e0no bene saputo havare <i>ducati<\/i> 2000 d\u2019una fihura cossacia, e cos\u00ec de sa.<sup>tto<\/sup> Bastiano ed altre cossace, he io sono instato ragualgliato he io guastavo la loro botegha: crepano di rabia he le no mi sieno inte malle [<i>sic<\/i>; ite male], e delle Lede n\u2019\u00e0no fanto pi\u00f9 mostre com sbefarle e ridesene e\u2019quanti fahini c[h]e l\u2019h\u00e0nno veduta.\u00a0 M. Chuzzo se n\u2019\u00e8 fanto a padrone, ma io acorder\u00f2 Otaviano e s\u00ec le meter\u00f2 in lato co\u2019 vostr[e] commessione, hella instia in altra riputazione, e s\u00ec mi conocerete he, se voi m\u2019avete fanto piacere, he io non vi sono ingrato e he no vo drieto a dieci <i>ducati<\/i> pi\u00f9 o mancho; saro conoc[i]uto se ar\u00f2 ingiegnio; vi rame[n]ter\u00f2 un d\u00ec he manuziazi [m\u2019annunziassi?] he io potrei fare qualhe colppo, forse tanto he nesuno he venisi qua di questo mestiero.\u00a0 Le cose he io \u00f2ne no\u2019sono ciurme, e s\u2019e\u2019 re le stima e tanto he se voi sapesi cli \u00e0ne hangi Batista tiraloro \u00e0ne <i>ducati<\/i> 300 l\u2019\u00e0nno per inshu[l]tore, e songli pahati come di pepe.\u00a0 Dihano he io no\u2019 mi sono riservato in Lione amiho se no voi, e io instimo pi\u00f9 Francesco Tedaldi he no\u2019 fo tunto [<i>sic<\/i>; tutto] e\u2019 resto de\u2019 Fiorentini he sono in Lione.\u00a0 Volevano pure he voi m\u2019avesi a rubare ongni cossa: voi gli avette fanti me[n]tire a loro dispeto: siate pi\u00f9 ommo da bene he tanti sacenti he mi volevano manegare e ora m\u2019\u00e0nno messo in baia: me ne rido hella rabia he gni \u00e0nno sie instato hausa he le Lede sieno inte [<i>sic<\/i>; ite] coss\u00ec tra Rosso, M. Luigi e sere Buonacorso: cli l\u2019a tirata in qua, cli l\u00e0, tanto he io sonno d\u2019animo, se io ci dovesi metere ci\u00f2 he io \u00f2ne ella vita insieme, di schoprire le loro boteghe di ciurmare.\u00a0 E\u2019Roso fa fare unno adornamento, h\u2019\u00e8 s\u00ec gra[n]de e s\u00ec grosso, he pessa pi\u00f9 he fa el mio gra[n]de quadro he si fa; inspe[n]de in deto adorname[n]to franhi 200, vi va drento pincola cassa di pitura, si \u00e8 uno aonvato.<\/p>\n<p>Sere Buonacorso pangha tunto, s\u2019e\u2019 re no llo instima, per debito gra[n]disimo he ci \u00e0 e\u2019Rosso, he no ci pu\u00f2 pi\u00f9 stare: sonno <i>ducati<\/i> 1200 o pi\u00f9 tra sere Buonacorso, Otaviano, el Mihelozzo, el Freschobaldo, M. Riciardo.\u00a0 Tunti dihano he \u00e0nno avere; s\u2019e\u2019 re no rie[m]pie moltto la bucha, se gli ucir\u00e0 adosso con ta[n]ti quadri maestro Matio, el Bolognia, quant\u2019italiani di pitore ci sono: ogniuno s\u2019ordina contro a\u2019 Rosso per mostrare la ciurma, he l\u2019adornameti forse noll\u2019aiuterano vedere la ragia, se io guastavo: he \u2019l Buonacorso ne fa col sartino botegha e io coll\u2019aiuto si choprir\u00e0, e<b><sup>.<\/sup><\/b>ss\u00f2ci[?] i[n]velenito&#8230;.<\/p>\n<p>Vostro Antonio Mini.<\/p>\n<p>Come mi \u00e8 riucito uno mio disegnio in Parigi, volglio inscrivere in Lione, e tatno far\u00f2 he si sapr\u00e0 delle treconerie di piture he sere Buonacorso collo avermi tratato e agirato voi e me he sono asihuratisimo he gli afani he noi albiamo aunto di dete tavole, gli omori gra[n]disimi he sono qua tra Rosso e Sere Buonacorso; voi m\u2019i[n]tedete. &#8230;<a href=\"#endref1\"><sup>1<\/sup><\/a><\/p><\/blockquote>\n<div><br clear=\"all\" \/><\/p>\n<hr align=\"left\" size=\"1\" width=\"33%\" \/>\n<div><a name=\"endref1\"><\/a><sup>1<\/sup> <i>Michelangelo<\/i>, 1964, 144-147, transcribed as here (partially, unchecked), and dated 1532.\u00a0 The reference to the paintings of <i>Leda<\/i> places this letter within 1532.<\/div>\n<\/div>\n","protected":false},"excerpt":{"rendered":"<p>Letter from Antonio Mini in Paris to Francesco Tedaldi in Lyons concerning the paintings of Leda (Michelangelo\u2019s, it would seem, and copies of it) that have gone to Rosso, Luigi Alamanni, and Giuliano Buonacorsi, and mentioning a large frame that Rosso is having made (apparently for Michelangelo\u2019s painting; see L.38); also commenting on the friendship [&hellip;]<\/p>\n","protected":false},"author":13,"featured_media":0,"parent":822,"menu_order":38,"comment_status":"closed","ping_status":"closed","template":"","meta":{"footnotes":""},"class_list":["post-8673","page","type-page","status-publish","hentry"],"_links":{"self":[{"href":"https:\/\/pages.vassar.edu\/rosso\/wp-json\/wp\/v2\/pages\/8673","targetHints":{"allow":["GET"]}}],"collection":[{"href":"https:\/\/pages.vassar.edu\/rosso\/wp-json\/wp\/v2\/pages"}],"about":[{"href":"https:\/\/pages.vassar.edu\/rosso\/wp-json\/wp\/v2\/types\/page"}],"author":[{"embeddable":true,"href":"https:\/\/pages.vassar.edu\/rosso\/wp-json\/wp\/v2\/users\/13"}],"replies":[{"embeddable":true,"href":"https:\/\/pages.vassar.edu\/rosso\/wp-json\/wp\/v2\/comments?post=8673"}],"version-history":[{"count":8,"href":"https:\/\/pages.vassar.edu\/rosso\/wp-json\/wp\/v2\/pages\/8673\/revisions"}],"predecessor-version":[{"id":11994,"href":"https:\/\/pages.vassar.edu\/rosso\/wp-json\/wp\/v2\/pages\/8673\/revisions\/11994"}],"up":[{"embeddable":true,"href":"https:\/\/pages.vassar.edu\/rosso\/wp-json\/wp\/v2\/pages\/822"}],"wp:attachment":[{"href":"https:\/\/pages.vassar.edu\/rosso\/wp-json\/wp\/v2\/media?parent=8673"}],"curies":[{"name":"wp","href":"https:\/\/api.w.org\/{rel}","templated":true}]}}