{"id":8671,"date":"2013-02-22T17:43:25","date_gmt":"2013-02-22T22:43:25","guid":{"rendered":"http:\/\/pages.vassar.edu\/rosso\/?page_id=8671"},"modified":"2016-05-24T18:23:51","modified_gmt":"2016-05-24T22:23:51","slug":"doc-20","status":"publish","type":"page","link":"https:\/\/pages.vassar.edu\/rosso\/catalogues\/documents\/doc-20\/","title":{"rendered":"DOC.20 January 11, 1532 (modern style)"},"content":{"rendered":"<p>Letter from Antonio Mini in Lyons to Michelangelo in Florence, remarking, after a reference to the <i>Leda<\/i> painting that has not arrived, on a letter from Rosso to Francesco Tedaldi about Michelangelo\u2019s fame at the French court.<\/p>\n<p>Florence, Buonarroti Archive, IX, no. 550.<\/p>\n<blockquote><p>Michelangniolo mio charisimo, questa per darvi avisso che io instar\u00f2 qui dua m[esi], rispento an tenpi e rispento che lla tavola no pu\u00f2 venire per terra.\u00a0 Bisongni[a] a ongni modo farlla venire per mare per insino a Ma[r]silia, e anspentare [c]he la barcha si parta; la no si mander\u00e0 che lla si far\u00e0 asinchurare, a ci\u00f2 [c]he, se la barcha anechassi, che no si perda la vaulta di detta tavolla.\u00a0 Io \u00f2ne trovanto qui tale partito da dare la tavola, d\u2019e\u2019pregio che io ne ch[e]devo chost\u00e0 gi\u00f9 in Firenze; io non \u00f2 voluto fare nie[n]te per insino che io la volglio portare in persona a\u2019 ccristianisimo Re.<\/p>\n<p>Io \u00f2nne letto una letera che viene a Franciescho Tedaldi, di mano de\u2019Rosso dipintore, che dicie ch\u2019e\u2019vostro nome, cio\u00e8 che la fama vostra \u00e8 divenutta talle in chorte e che voi ci siate sollo infra \u2019l gni omini; e di pi\u00f9 \u00f2ne intesso da messere Luigi ch\u2019e\u2019Re se ne dileta tanto e intendenesi quanto ch\u2019uomo che sia in Francia.\u00a0 Giuliano Buonachorsi, e\u2019fratello di Giovanni Inspina e quanti Fiorentini ci \u00e8 di chonto, s\u00ec mi dichano risolutamente ch\u2019e\u2019 Re mi dar\u00e0 danari e grande e[n]trata, e s\u00ec mi fanno tante chareze se chome io fusi qua qualche gra\u2019 bacha[la]re, in modo ch\u2019e\u2019 mi pare mille anni di vedere q[u]esti gra[n]di miracholli iniversalemente che m\u2019\u00e8 detto da ongniuno.\u00a0 Io, per me, inst\u00f2 unno pocho a l\u2019erta; s\u2019el gli \u00e8 a la met\u00e0 di quelo che m\u2019\u00e8 detto, io torner\u00f2 unno tranto chost\u00e0 chon qualche grande e[n]trata.\u00a0 La chorte, dichano che ong[n]iuno atende a nchonperare.\u00a0 Io vi dicho che qui in Lione ci \u00e8 unna gra[n]disima inspensa del vivere d\u2019ongni cho[sa] chara&#8230;.<\/p>\n<p>Fatta in fretta, a d\u00ec 11 di gienaio 1531.<\/p>\n<p>Vostro pi\u00f9 che suo Antonio Mini in Lione.<\/p>\n<p><i>Spettabilli viro domino<\/i> Michelangniolo Buonaroti in Firenze.<a href=\"#endref1\"><sup>1<\/sup><\/a><\/p><\/blockquote>\n<div><br clear=\"all\" \/><\/p>\n<hr align=\"left\" size=\"1\" width=\"33%\" \/>\n<div>\n<p><a name=\"endref1\"><\/a><sup>1<\/sup> Frey, 1899, 316f., 323.\u00a0 Dorez, 1916, 454.\u00a0 Venturi, IX, 5, 1932, 196-197, reference to Rosso transcribed.\u00a0 Vasari-Barocchi, <i>Michelangelo<\/i>, II, 1962, 1109-1110, partially transcribed.\u00a0 Barocchi and Ristori, 1973, 369, 370, transcribed as here (partially, unchecked), and with other bibliography.\u00a0 Mentioned in Carroll, 1987, 30.<\/p>\n<\/div>\n<\/div>\n","protected":false},"excerpt":{"rendered":"<p>Letter from Antonio Mini in Lyons to Michelangelo in Florence, remarking, after a reference to the Leda painting that has not arrived, on a letter from Rosso to Francesco Tedaldi about Michelangelo\u2019s fame at the French court. Florence, Buonarroti Archive, IX, no. 550. Michelangniolo mio charisimo, questa per darvi avisso che io instar\u00f2 qui dua [&hellip;]<\/p>\n","protected":false},"author":13,"featured_media":0,"parent":822,"menu_order":37,"comment_status":"closed","ping_status":"closed","template":"","meta":{"footnotes":""},"class_list":["post-8671","page","type-page","status-publish","hentry"],"_links":{"self":[{"href":"https:\/\/pages.vassar.edu\/rosso\/wp-json\/wp\/v2\/pages\/8671","targetHints":{"allow":["GET"]}}],"collection":[{"href":"https:\/\/pages.vassar.edu\/rosso\/wp-json\/wp\/v2\/pages"}],"about":[{"href":"https:\/\/pages.vassar.edu\/rosso\/wp-json\/wp\/v2\/types\/page"}],"author":[{"embeddable":true,"href":"https:\/\/pages.vassar.edu\/rosso\/wp-json\/wp\/v2\/users\/13"}],"replies":[{"embeddable":true,"href":"https:\/\/pages.vassar.edu\/rosso\/wp-json\/wp\/v2\/comments?post=8671"}],"version-history":[{"count":8,"href":"https:\/\/pages.vassar.edu\/rosso\/wp-json\/wp\/v2\/pages\/8671\/revisions"}],"predecessor-version":[{"id":11995,"href":"https:\/\/pages.vassar.edu\/rosso\/wp-json\/wp\/v2\/pages\/8671\/revisions\/11995"}],"up":[{"embeddable":true,"href":"https:\/\/pages.vassar.edu\/rosso\/wp-json\/wp\/v2\/pages\/822"}],"wp:attachment":[{"href":"https:\/\/pages.vassar.edu\/rosso\/wp-json\/wp\/v2\/media?parent=8671"}],"curies":[{"name":"wp","href":"https:\/\/api.w.org\/{rel}","templated":true}]}}