{"id":8661,"date":"2013-02-22T17:41:27","date_gmt":"2013-02-22T22:41:27","guid":{"rendered":"http:\/\/pages.vassar.edu\/rosso\/?page_id=8661"},"modified":"2016-05-24T18:24:21","modified_gmt":"2016-05-24T22:24:21","slug":"doc-15","status":"publish","type":"page","link":"https:\/\/pages.vassar.edu\/rosso\/catalogues\/documents\/doc-15\/","title":{"rendered":"DOC.15 July, 1531"},"content":{"rendered":"<p>Payment to Rosso for his living expenses for the nine months, November 1530 through July 1531, during which time he painted a large picture for the king; payment to Scibec de Carpi, woodworker, for the making of the frame for this picture; payment to Jehan de Poulletier for the gilding of the frame; payment to Archangelle de Platte for a trip from Fontainebleau to Paris to get the picture (and, apparently, take it to Fontainebleau) and for the cases and other things needed for its transportation.<\/p>\n<p>Paris, National Archives, J. 960<span style=\"text-decoration: underline;\"><sup>3<\/sup><\/span>, no. 42 (formerly J. 960, 2, no. 17).<\/p>\n<blockquote><p>A M<sup>e<\/sup> Julian Bonacorsy, tr\u00e9sorier de Provence, pour paier Rousse de Roussy, Fleurentin, painctre, de IIII<sup>c<\/sup>XX escus soleil, \u00e0 XLIII s. pi\u00e8ce, qui sont IX<sup>c<\/sup>III livres pour son entretenement des mois de Novembre, D\u00e9cembre, Janvier, F\u00e9vrier, Mars, Avril, May, Juing et ce pr\u00e9sent moys de Juillet, durant lequel temps il a fait un grant tableau pour le Roy.\u00a0 A Francisque de Carpy, menuysier, VII<sup>xx<\/sup>X 1. pour le bois et entretailleure d\u2019icelluy tableau.\u00a0 A M<sup>e<\/sup> Jehan Poulletier, autre painctre, pour l\u2019or, fa\u00e7on dud. aornement de bois, VI<sup>xx<\/sup>X 1., et \u00e0 Archangelle de Platte, pour un voiaige dudit Fontainebleau \u00e0 Paris, pour faire venir led. tableau et pour les caisses et autres choses qu\u2019il a faillu pour icelluy enveloper pour ce, \u00e0 prandre sur le pr\u00e9sent quartier de Juillet.<\/p>\n<p>XII<sup>c<\/sup>XV\u00a0 l.t<a href=\"#endref1\"><sup>1<\/sup><\/a><\/p><\/blockquote>\n<p>&nbsp;<\/p>\n<div>\n<hr align=\"left\" size=\"1\" width=\"33%\" \/>\n<div>\n<p><a name=\"endref1\"><\/a><sup>1<\/sup> Laborde, <i>Renaissance<\/i>, II, 1855, 753-754, as datable in May, 1531 (although the document states it was written in July).\u00a0 Laborde, II, 1880, 365, undated.\u00a0 <i>Actes de Fran\u00e7ois I<sup>er<\/sup><\/i>, VII, 1896, 678, no. 28250, undated.\u00a0 Roy, 1921 (1929, 124), as July 1531, because of another payment contained within another part of it to another person giving the period November 1530-May 1531, and because the payment to Jehan Poulletier appears again in a document dated 8 July 1531 (on which see <a href=\"http:\/\/pages.vassar.edu\/rosso\/catalogues\/lost-works\/l-36\/\">L.36<\/a>).\u00a0 Roy, 1923, 29 (1929, 124).\u00a0 Roy wrongly believed the painting mentioned was a copy of Michelangelo\u2019s <i>Leda<\/i>, which had not yet arrived in France (see <a href=\"http:\/\/pages.vassar.edu\/rosso\/catalogues\/drawings\/d-74-leda-and-the-swan-after-michelangelo\/\">D.74<\/a>).\u00a0 Venturi, IX, 5, 1932, 196, as not related to Michelangelo\u2019s <i>Leda<\/i>.\u00a0 Grodecki, 1975, 104, n. 2.<\/p>\n<\/div>\n<\/div>\n","protected":false},"excerpt":{"rendered":"<p>Payment to Rosso for his living expenses for the nine months, November 1530 through July 1531, during which time he painted a large picture for the king; payment to Scibec de Carpi, woodworker, for the making of the frame for this picture; payment to Jehan de Poulletier for the gilding of the frame; payment to [&hellip;]<\/p>\n","protected":false},"author":13,"featured_media":0,"parent":822,"menu_order":32,"comment_status":"closed","ping_status":"closed","template":"","meta":{"footnotes":""},"class_list":["post-8661","page","type-page","status-publish","hentry"],"_links":{"self":[{"href":"https:\/\/pages.vassar.edu\/rosso\/wp-json\/wp\/v2\/pages\/8661","targetHints":{"allow":["GET"]}}],"collection":[{"href":"https:\/\/pages.vassar.edu\/rosso\/wp-json\/wp\/v2\/pages"}],"about":[{"href":"https:\/\/pages.vassar.edu\/rosso\/wp-json\/wp\/v2\/types\/page"}],"author":[{"embeddable":true,"href":"https:\/\/pages.vassar.edu\/rosso\/wp-json\/wp\/v2\/users\/13"}],"replies":[{"embeddable":true,"href":"https:\/\/pages.vassar.edu\/rosso\/wp-json\/wp\/v2\/comments?post=8661"}],"version-history":[{"count":10,"href":"https:\/\/pages.vassar.edu\/rosso\/wp-json\/wp\/v2\/pages\/8661\/revisions"}],"predecessor-version":[{"id":12000,"href":"https:\/\/pages.vassar.edu\/rosso\/wp-json\/wp\/v2\/pages\/8661\/revisions\/12000"}],"up":[{"embeddable":true,"href":"https:\/\/pages.vassar.edu\/rosso\/wp-json\/wp\/v2\/pages\/822"}],"wp:attachment":[{"href":"https:\/\/pages.vassar.edu\/rosso\/wp-json\/wp\/v2\/media?parent=8661"}],"curies":[{"name":"wp","href":"https:\/\/api.w.org\/{rel}","templated":true}]}}