{"id":8659,"date":"2013-02-22T17:41:07","date_gmt":"2013-02-22T22:41:07","guid":{"rendered":"http:\/\/pages.vassar.edu\/rosso\/?page_id=8659"},"modified":"2016-05-24T18:24:26","modified_gmt":"2016-05-24T22:24:26","slug":"doc-14","status":"publish","type":"page","link":"https:\/\/pages.vassar.edu\/rosso\/catalogues\/documents\/doc-14\/","title":{"rendered":"DOC.14 Late 1530-1532"},"content":{"rendered":"<p>Lazare de Ba\u00eff, in Venice as the French Ambassador, is paid 300 scudoes to buy pigments for fresco painting as requested by Rosso.<\/p>\n<p>Paris, National Archives, 9601 pi\u00e8ce no. 51 (formerly J. 961, 1, no. 95).<\/p>\n<blockquote><p>A Messire Lazare de Bayf, la somme de troys cens escutz soleil pour employer aux couleurs \u00e0 fr\u00e8s, suyvant le m\u00e9moire de Roux, paintre dud. seigneur [le Roy], qui luy a est\u00e9 envoy\u00e9, et a ordonn\u00e9 led. seigneur lad. somme de IIIc escus estre envoy\u00e9e aud. de Bayf par le tr\u00e9sorier de l\u2019espargne, pour cecy. IIIc csc.sol.<a href=\"#endref1\"><sup>1<\/sup><\/a><\/p><\/blockquote>\n<p>&nbsp;<\/p>\n<div>\n<hr align=\"left\" size=\"1\" width=\"33%\" \/>\n<div>\n<p><a name=\"endref1\"><\/a><sup>1<\/sup> Laborde, <i>Renaissance<\/i>, II, 1855, 752-753, as datable, \u201c\u00e0 en juger par divers articles\u201d apparently related to this record, after the month of December and probably in the first months of 1531.\u00a0 Laborde, II, 1880, 365, as within the period 1530-1532.\u00a0 <i>Actes de Francois I<sup>er<\/sup><\/i>, VII, 1896, 650, no 27997.\u00a0 Dorez, 1916, 451, n. 5, as 1531.\u00a0 Mentioned in Adh\u00e9mar, 1954, 313, n. 1.\u00a0 J. Coural and M.-H. Babelon, in <i>EdF<\/i>, 1972, 339, stated that this document dates from after 23 March 1531, but they give no argument for this conclusion.\u00a0 In \u201cGalerie,\u201d <i>RdA<\/i>, 1972, 40, as 1530-1532, and as related to the decoration of the Gallery of Francis I.\u00a0 If Rosso\u2019s \u201cm\u00e9moire\u201d was made in France, as is likely, then this payment cannot have been made before November 1530 when Rosso is first recorded there.\u00a0 He arrived from Venice.<\/p>\n<\/div>\n<\/div>\n","protected":false},"excerpt":{"rendered":"<p>Lazare de Ba\u00eff, in Venice as the French Ambassador, is paid 300 scudoes to buy pigments for fresco painting as requested by Rosso. Paris, National Archives, 9601 pi\u00e8ce no. 51 (formerly J. 961, 1, no. 95). A Messire Lazare de Bayf, la somme de troys cens escutz soleil pour employer aux couleurs \u00e0 fr\u00e8s, suyvant [&hellip;]<\/p>\n","protected":false},"author":13,"featured_media":0,"parent":822,"menu_order":31,"comment_status":"closed","ping_status":"closed","template":"","meta":{"footnotes":""},"class_list":["post-8659","page","type-page","status-publish","hentry"],"_links":{"self":[{"href":"https:\/\/pages.vassar.edu\/rosso\/wp-json\/wp\/v2\/pages\/8659","targetHints":{"allow":["GET"]}}],"collection":[{"href":"https:\/\/pages.vassar.edu\/rosso\/wp-json\/wp\/v2\/pages"}],"about":[{"href":"https:\/\/pages.vassar.edu\/rosso\/wp-json\/wp\/v2\/types\/page"}],"author":[{"embeddable":true,"href":"https:\/\/pages.vassar.edu\/rosso\/wp-json\/wp\/v2\/users\/13"}],"replies":[{"embeddable":true,"href":"https:\/\/pages.vassar.edu\/rosso\/wp-json\/wp\/v2\/comments?post=8659"}],"version-history":[{"count":10,"href":"https:\/\/pages.vassar.edu\/rosso\/wp-json\/wp\/v2\/pages\/8659\/revisions"}],"predecessor-version":[{"id":12001,"href":"https:\/\/pages.vassar.edu\/rosso\/wp-json\/wp\/v2\/pages\/8659\/revisions\/12001"}],"up":[{"embeddable":true,"href":"https:\/\/pages.vassar.edu\/rosso\/wp-json\/wp\/v2\/pages\/822"}],"wp:attachment":[{"href":"https:\/\/pages.vassar.edu\/rosso\/wp-json\/wp\/v2\/media?parent=8659"}],"curies":[{"name":"wp","href":"https:\/\/api.w.org\/{rel}","templated":true}]}}