{"id":8632,"date":"2013-02-22T17:34:33","date_gmt":"2013-02-22T22:34:33","guid":{"rendered":"http:\/\/pages.vassar.edu\/rosso\/?page_id=8632"},"modified":"2016-05-24T18:26:34","modified_gmt":"2016-05-24T22:26:34","slug":"doc-4","status":"publish","type":"page","link":"https:\/\/pages.vassar.edu\/rosso\/catalogues\/documents\/doc-4\/","title":{"rendered":"DOC.4 Florence, November 17, 1518"},"content":{"rendered":"<p>Not having paid his debt after ten days, Rosso is given another five days to do so or he will have to pay a fine of 2 soldi for each lira owed.<\/p>\n<blockquote><p>Die Mercurii XVII Novembris 1518<\/p>\n<p>Ad petitione del detto Iacopo di messer Lionardo da Cholle, el detto Signor uffitiale sedente pro tribunali dove et come di sopra, veduto et considerato una petitione et accusa di soldi due per lira, data et facta in decta Corte per detto Iacopo insino ad\u00ec 5 del mese presente o altro pi\u00f9 vero d\u00ec contro Baptista di Iacopo, vocato Rosso depintore.\u00a0 Et veduto uno termine di d\u00ec dieci assegnato al detto Baptista sotto decto d\u00ec a dare et paghare et a havere dato et paghato al detto Iacopo la somma et quantit\u00e0 di sorte et spese in detta petitione et accusa contenuta, o a achordarsi con lui, altrimenti sarebbe sbandito et condannato in soldi due per lira.\u00a0 Et veduto la forma delli vigenti statuti et ordini, et tutto ci\u00f2 che fu et \u00e8 stato da vedere et considerare et veduto la contumacia et inobedientia del detto Baptista [<i>etc.<\/i>] assegni\u00f2 al detto Baptista tempo et termine di [d\u00ec] cinque proximi futuri a dare et pagliare et havere dato et paghato al detto Iacopo la somma et quantit\u00e0 di sorte et spese in detta petitone et accusa contenuta o achordarsi con lui o che sar\u00e0 pronumptiato sbandito et condennato in soldi due per lira [<i>etc.<\/i>]<\/p><\/blockquote>\n<p>There follows a report that \u201cBiagio, messo della Mercanzia\u201d notified all this to Rosso.<a href=\"#endref1\"><sup>1<\/sup><\/a><\/p>\n<div><br clear=\"all\" \/><\/p>\n<hr align=\"left\" size=\"1\" width=\"33%\" \/>\n<div><a name=\"endref1\"><\/a><sup>1<\/sup> This document is mentioned but not transcribed in Franklin, 1987, 662, Appendix B; see Franklin, 1994, 52, 275-276, n. 65, 316.<\/div>\n<\/div>\n","protected":false},"excerpt":{"rendered":"<p>Not having paid his debt after ten days, Rosso is given another five days to do so or he will have to pay a fine of 2 soldi for each lira owed. Die Mercurii XVII Novembris 1518 Ad petitione del detto Iacopo di messer Lionardo da Cholle, el detto Signor uffitiale sedente pro tribunali dove [&hellip;]<\/p>\n","protected":false},"author":13,"featured_media":0,"parent":822,"menu_order":14,"comment_status":"closed","ping_status":"closed","template":"","meta":{"footnotes":""},"class_list":["post-8632","page","type-page","status-publish","hentry"],"_links":{"self":[{"href":"https:\/\/pages.vassar.edu\/rosso\/wp-json\/wp\/v2\/pages\/8632","targetHints":{"allow":["GET"]}}],"collection":[{"href":"https:\/\/pages.vassar.edu\/rosso\/wp-json\/wp\/v2\/pages"}],"about":[{"href":"https:\/\/pages.vassar.edu\/rosso\/wp-json\/wp\/v2\/types\/page"}],"author":[{"embeddable":true,"href":"https:\/\/pages.vassar.edu\/rosso\/wp-json\/wp\/v2\/users\/13"}],"replies":[{"embeddable":true,"href":"https:\/\/pages.vassar.edu\/rosso\/wp-json\/wp\/v2\/comments?post=8632"}],"version-history":[{"count":10,"href":"https:\/\/pages.vassar.edu\/rosso\/wp-json\/wp\/v2\/pages\/8632\/revisions"}],"predecessor-version":[{"id":12018,"href":"https:\/\/pages.vassar.edu\/rosso\/wp-json\/wp\/v2\/pages\/8632\/revisions\/12018"}],"up":[{"embeddable":true,"href":"https:\/\/pages.vassar.edu\/rosso\/wp-json\/wp\/v2\/pages\/822"}],"wp:attachment":[{"href":"https:\/\/pages.vassar.edu\/rosso\/wp-json\/wp\/v2\/media?parent=8632"}],"curies":[{"name":"wp","href":"https:\/\/api.w.org\/{rel}","templated":true}]}}