{"id":8630,"date":"2013-02-22T17:34:12","date_gmt":"2013-02-22T22:34:12","guid":{"rendered":"http:\/\/pages.vassar.edu\/rosso\/?page_id=8630"},"modified":"2016-05-24T18:26:41","modified_gmt":"2016-05-24T22:26:41","slug":"doc-3a","status":"publish","type":"page","link":"https:\/\/pages.vassar.edu\/rosso\/catalogues\/documents\/doc-3a\/","title":{"rendered":"DOC.3a Florence, November 5, 1518"},"content":{"rendered":"<p>Record of trial concerning\u00a0Rosso\u2019s indebtedness of 86 lire <i>piccioli<\/i> to Jacopo di Leonardo da Colle, who a year earlier, on December 18, 1517, had brought Rosso to court \u201cnell\u2019arte et universit\u00e0 degli Spetiali dell citt\u00e0 di Firenze\u201d because of his refusal to pay this debt (see <a href=\"http:\/\/pages.vassar.edu\/rosso\/catalogues\/documents\/doc-3\/\">DOC.3<\/a>).<a href=\"#endref1\"><sup>1<\/sup><\/a>\u00a0 Rosso was to pay the full amount in six months.\u00a0 Rosso not having done so, Jacopo brought his case to the higher Tribunale di Mercanzia, which ordered Rosso to pay his debt and declared that if he did not pay he would have to pay, in addition, a fine of 2 soldi for each lira owed (after, apparently, ten days; see <a href=\"http:\/\/pages.vassar.edu\/rosso\/catalogues\/documents\/doc-5\/\">DOC.5<\/a>).<\/p>\n<p>Florence, State Archives, Tribunale di Mercanzia, vol. 4658,\u00a0<i>Atti in Cause Straordinarie, o, Esecutive<\/i>\u00a0(unpaginated).<\/p>\n<blockquote><p>Die Veneris, V Novembris 1518<\/p>\n<p>Dinanzi a voi, Signori uffitiale et vostra Corte, expone et dice con reverentia Iacopo di messer Lionardo da Cholle, cittadino fiorentino, che essendo el decto Iacopo creditore di Giovambaptista di Iacopo, vocato Rosso, dipintore, della somma et quantit\u00e0 di lire ottantasei piccioli nell\u2019arte et universit\u00e0 degli Spetiali della citt\u00e0 di Firenze, et per e Signori Consoli di quella, sotto d\u00ec 18 del mese di dicembre dell\u2019anno 1517 o altro pi\u00f9 vero tempo, servatis servandis et precendenti le debite citazioni, fu lata et data sententia, condannagione et taxatione di spese in favore et a [illegible word] del detto Iacopo, per la quale el detto Iovanbaptista fu condamnato a dare et paghare al detto Iacopo la detta somma et quantit\u00e0 di lire ottantasei piccioli, infra tempo et termine di mesi sei alhora proximi futuri dal d\u00ec di detta data sententia, in questo modo, cio\u00e8 la met\u00e0 per d\u2019alhora a mesi tre, e l\u2019altra met\u00e0 dipoi infra tre altri mesi proxime sequenti detti primi tre mesi.\u00a0 Con conditione che se detto Iovambaptista manchassi nel primo paghamento et passato quatro mesi proximi futuri dal d\u00ec della data sententia, in detto caso dichiarorono et dichiarando condamnorono detto Iovambaptista a dare et paghare al detto Iacopo tutta la intera quantit\u00e0 di dette lire ottantasei piccioli infra quatro mesi dal d\u00ec di detta data sententia, et le parte absolute dalle spese.\u00a0 Alla quale sententia et a tutto ci\u00f2 che in essa si contiene, il detto Iacopo si riferisce, et quella produce, usa et allega et depone appresso al Cancelliere di detti consoli et una copia et fede di tutto, le quale etiandio produce [et] depone apresso a ser Bartolomeo Mutii, notario in detta Corte, per farne quanto di ragione si richiede.\u00a0 Et che nonostante tale sententia et dechiaratione di credito data come di sopra, el detto Iohambaptista non ha mai dato n\u00e9 pagheto al detto Iocopo di detta somma di L.86 se non la somma et quantit\u00e0 di L.40 piccioli, in modo che il restante di detta somma, che sono L.46, el detto Iohambaptista non ha mai dato n\u00e9 voluto dare et paghare al detta Iacopo.\u00a0 Et che il detto Iacopo ha pi\u00f9 volte richiesto el detto Iohambaptista che gli dia et paghi tale quantit\u00e0, et sempre ci\u00f2 fare ha cessato et cessa, contro al dovere.\u00a0 Il perch\u00e9 il detto Iacopo intende et vuole procedere et che si proceda contro al detto Iohambaptista al bando et condannagione di soldi, lira per lira.\u00a0 Et pertanto el detto Iacopo domanda che per voi Signori uffitiali et vostra Corte si proceda al bando et con dannagione di soldi, lira per lira, secondo gli ordini etc et come in simili casi et cause si procede et fa, et che assegnati e termini consueti et observate le debite solennit\u00e0 da observarsi, non paghando detto Iohambaptista o non achordando di paghare, domanda che per voi Signori uffitiali et vostra Corte si pronumpti senentia et dichiari el detto Iohambaptista dovere et potere esser condennato in soldi due per lira, da pagharsi alla presente universit\u00e0 [etc: <i>more formulae<\/i>].<a href=\"#endref2\"><sup>2<\/sup><\/a><\/p><\/blockquote>\n<div>\n<hr align=\"left\" size=\"1\" width=\"33%\" \/>\n<div>\n<p><a name=\"endref1\"><\/a><sup>1<\/sup> Gino Corti has confirmed that there is a gap in the legal papers of the Arte degli Speziale where the record of the trial of December 18, 1517 would have been found.<\/p>\n<\/div>\n<div>\n<p><a name=\"endref2\"><\/a><sup>2<\/sup> As transcribed by Franklin, 1987, 662, Appendix B; and 1994, 52, 275-276, n. 64, and 301, Appendix B, DOCUMENT 8, 316; slightly corrected by Gino Corti.<\/p>\n<\/div>\n<\/div>\n","protected":false},"excerpt":{"rendered":"<p>Record of trial concerning\u00a0Rosso\u2019s indebtedness of 86 lire piccioli to Jacopo di Leonardo da Colle, who a year earlier, on December 18, 1517, had brought Rosso to court \u201cnell\u2019arte et universit\u00e0 degli Spetiali dell citt\u00e0 di Firenze\u201d because of his refusal to pay this debt (see DOC.3).1\u00a0 Rosso was to pay the full amount in [&hellip;]<\/p>\n","protected":false},"author":13,"featured_media":0,"parent":822,"menu_order":13,"comment_status":"closed","ping_status":"closed","template":"","meta":{"footnotes":""},"class_list":["post-8630","page","type-page","status-publish","hentry"],"_links":{"self":[{"href":"https:\/\/pages.vassar.edu\/rosso\/wp-json\/wp\/v2\/pages\/8630","targetHints":{"allow":["GET"]}}],"collection":[{"href":"https:\/\/pages.vassar.edu\/rosso\/wp-json\/wp\/v2\/pages"}],"about":[{"href":"https:\/\/pages.vassar.edu\/rosso\/wp-json\/wp\/v2\/types\/page"}],"author":[{"embeddable":true,"href":"https:\/\/pages.vassar.edu\/rosso\/wp-json\/wp\/v2\/users\/13"}],"replies":[{"embeddable":true,"href":"https:\/\/pages.vassar.edu\/rosso\/wp-json\/wp\/v2\/comments?post=8630"}],"version-history":[{"count":20,"href":"https:\/\/pages.vassar.edu\/rosso\/wp-json\/wp\/v2\/pages\/8630\/revisions"}],"predecessor-version":[{"id":12019,"href":"https:\/\/pages.vassar.edu\/rosso\/wp-json\/wp\/v2\/pages\/8630\/revisions\/12019"}],"up":[{"embeddable":true,"href":"https:\/\/pages.vassar.edu\/rosso\/wp-json\/wp\/v2\/pages\/822"}],"wp:attachment":[{"href":"https:\/\/pages.vassar.edu\/rosso\/wp-json\/wp\/v2\/media?parent=8630"}],"curies":[{"name":"wp","href":"https:\/\/api.w.org\/{rel}","templated":true}]}}