{"id":7867,"date":"2012-12-11T17:41:16","date_gmt":"2012-12-11T22:41:16","guid":{"rendered":"http:\/\/pages.vassar.edu\/rosso\/?page_id=7867"},"modified":"2013-02-21T16:31:14","modified_gmt":"2013-02-21T21:31:14","slug":"l-67","status":"publish","type":"page","link":"https:\/\/pages.vassar.edu\/rosso\/catalogues\/lost-works\/l-67\/","title":{"rendered":"L.67 Rosso? Male Nude"},"content":{"rendered":"<p>1530-1540?<\/p>\n<p>Drawing, formerly Pierre Crozat Collection, Paris.<\/p>\n<p>In his <i>Ab\u00e9c\u00e9dario<\/i> (Paris, 1858-1859, 17), Pierre-Jean Mariette noted: \u201cJ\u2019ay veu chez M. Crozat un dessein d\u2019acad\u00e9mie du Rosso, o\u00f9 ce peintre estoit surnomm\u00e9 <i>de Bonsi<\/i>. &#8211; Peut-\u00eatre a-t\u2019on \u00e9xcrit <i>de Bonsi<\/i> pour <i>de\u2019 Rossi<\/i>.\u201d<\/p>\n<p>This drawing has not been identified.\u00a0 If by Rosso, not according to the actual reading of the inscription but because Mariette thought, apparently, that it looked like Rosso\u2019s, it is possible that it was done in France.\u00a0 It is not specifically mentioned in Pierre-Jean Mariette, <i>Description Sommaire des Dessins de Grand Maistres&#8230;du Cabinet de Few M. Crozat<\/i>, Paris, 1741, 4, where Rosso\u2019s name appears.<\/p>\n","protected":false},"excerpt":{"rendered":"<p>1530-1540? Drawing, formerly Pierre Crozat Collection, Paris. In his Ab\u00e9c\u00e9dario (Paris, 1858-1859, 17), Pierre-Jean Mariette noted: \u201cJ\u2019ay veu chez M. Crozat un dessein d\u2019acad\u00e9mie du Rosso, o\u00f9 ce peintre estoit surnomm\u00e9 de Bonsi. &#8211; Peut-\u00eatre a-t\u2019on \u00e9xcrit de Bonsi pour de\u2019 Rossi.\u201d This drawing has not been identified.\u00a0 If by Rosso, not according to the [&hellip;]<\/p>\n","protected":false},"author":13,"featured_media":0,"parent":826,"menu_order":72,"comment_status":"closed","ping_status":"closed","template":"","meta":{"footnotes":""},"class_list":["post-7867","page","type-page","status-publish","hentry"],"_links":{"self":[{"href":"https:\/\/pages.vassar.edu\/rosso\/wp-json\/wp\/v2\/pages\/7867","targetHints":{"allow":["GET"]}}],"collection":[{"href":"https:\/\/pages.vassar.edu\/rosso\/wp-json\/wp\/v2\/pages"}],"about":[{"href":"https:\/\/pages.vassar.edu\/rosso\/wp-json\/wp\/v2\/types\/page"}],"author":[{"embeddable":true,"href":"https:\/\/pages.vassar.edu\/rosso\/wp-json\/wp\/v2\/users\/13"}],"replies":[{"embeddable":true,"href":"https:\/\/pages.vassar.edu\/rosso\/wp-json\/wp\/v2\/comments?post=7867"}],"version-history":[{"count":4,"href":"https:\/\/pages.vassar.edu\/rosso\/wp-json\/wp\/v2\/pages\/7867\/revisions"}],"predecessor-version":[{"id":8582,"href":"https:\/\/pages.vassar.edu\/rosso\/wp-json\/wp\/v2\/pages\/7867\/revisions\/8582"}],"up":[{"embeddable":true,"href":"https:\/\/pages.vassar.edu\/rosso\/wp-json\/wp\/v2\/pages\/826"}],"wp:attachment":[{"href":"https:\/\/pages.vassar.edu\/rosso\/wp-json\/wp\/v2\/media?parent=7867"}],"curies":[{"name":"wp","href":"https:\/\/api.w.org\/{rel}","templated":true}]}}