{"id":7837,"date":"2012-12-11T17:34:32","date_gmt":"2012-12-11T22:34:32","guid":{"rendered":"http:\/\/pages.vassar.edu\/rosso\/?page_id=7837"},"modified":"2013-02-20T10:20:52","modified_gmt":"2013-02-20T15:20:52","slug":"l-52","status":"publish","type":"page","link":"https:\/\/pages.vassar.edu\/rosso\/catalogues\/lost-works\/l-52\/","title":{"rendered":"L.52 Miniatures for Francis I"},"content":{"rendered":"<p>1530-1540<\/p>\n<p>Vasari, 1568, II, 211 (Vasari-Milanesi, V, 171), in the \u201cLife\u201d of Rosso: \u201c&#8230; e fece anco di Minio a q[ue]l Re cose rarissi[me].\u201d<\/p>\n<p>Kusenberg, 1931, 106, 204, n. 272, cites Le Comte, III, 1702, 12: \u201cIl a fait aussi des merveilles au sujet de la miniature, on en voit quelques pi\u00e8ces dans le cabinet du roi.\u201d\u00a0 B\u00e9guin, in Cox-Rearick, 1972, 3, states that the library of Francis I at Fontainebleau contained \u201cminiatures de Rosso.\u201d\u00a0 Both of these remarks would seem to be dependent upon Vasari\u2019s brief statement.\u00a0 However, no specific miniatures, or illuminated manuscripts, by Rosso were actually identified in the sixteenth century, or later.<\/p>\n<p>B\u00e9guin, 1960, 46 (ill.), 47, 64, mentioned the lost miniatures by Rosso and suggested that they are reflected in two miniatures of 1549 in the Book of Hours of the Conn\u00e9table de Montmorency in the Mus\u00e9e Cond\u00e9 at Chantilly, which she suggested might be by Geoffroy Dumonstier.<a href=\"#endref1\"><sup>1<\/sup><\/a>\u00a0 B\u00e9guin also recognized Rosso\u2019s influence on the <i>Francis I as Minerva<\/i> of around 1545 in the Biblioth\u00e8que Nationale, Paris, attributed to Nicolas Belin (see also McAllister Johnson, in <i>EdF<\/i>, 1972, 26 (ill.), 27, no. 27).\u00a0 The wit of the conceit of the latter brings Rosso\u2019s art to mind, but the actual appearance of the miniature is not especially imitative of Rosso\u2019s style.\u00a0 Derivative as the Montmorency illuminations are from Rosso\u2019s style as seen in the decorations of the Gallery of Francis I, the miniatures have a formal and expressive simplicity that seems rather reductive in regard to whatever by Rosso the artist may have studied.\u00a0 One might have a better idea of what any miniatures by Rosso would have looked like from Thiry\u2019s drawings for the <i>Story of Jason and the Conquest of the Golden Fleece<\/i> (<a href=\"http:\/\/pages.vassar.edu\/rosso\/files\/2012\/10\/RE.1513-Drawing.jpg\" target=\"_blank\">Fig.RE.15, 13 Drawing<\/a>) that Boyvin engraved (see <a href=\"http:\/\/pages.vassar.edu\/rosso\/catalogues\/rejected-prints\/re15\/\">RE.15<\/a>), although these drawings are not colored, and tend to be exaggeratedly, even caricaturally, Rossoesque.<\/p>\n<p>But more specifically there is Rosso\u2019s own miniature-like Petrarch drawing at Christ Church (<a href=\"http:\/\/pages.vassar.edu\/rosso\/files\/2011\/12\/D.47a-Petrarch-drawing-color.jpg\" target=\"_blank\">Fig.D.47a<\/a>).\u00a0 Although also uncolored and possibly made as a modello for a tapestry, its format of framed scenes with a text and the precision of its execution probably give a good idea of what an illumination by Rosso would have looked like.<\/p>\n<div>\n<p>&nbsp;<\/p>\n<hr align=\"left\" size=\"1\" width=\"33%\" \/>\n<div><a name=\"endref1\"><\/a><sup>1<\/sup> B\u00e9guin illustrates the illumination of the Story of Samuel, but mentions also the one of the Story of Elisha; see also L\u00e9opold Delisle, \u201cLes Heures du Conn\u00e9table de Montmorency au Mus\u00e9e Cond\u00e9,\u201d <i>La Revue de l\u2019Art Ancien et Modern<\/i>, VII, 1900.\u00a0 Mentioned in Verdier, 1967, 179, n. 2.<\/div>\n<\/div>\n","protected":false},"excerpt":{"rendered":"<p>1530-1540 Vasari, 1568, II, 211 (Vasari-Milanesi, V, 171), in the \u201cLife\u201d of Rosso: \u201c&#8230; e fece anco di Minio a q[ue]l Re cose rarissi[me].\u201d Kusenberg, 1931, 106, 204, n. 272, cites Le Comte, III, 1702, 12: \u201cIl a fait aussi des merveilles au sujet de la miniature, on en voit quelques pi\u00e8ces dans le cabinet [&hellip;]<\/p>\n","protected":false},"author":13,"featured_media":0,"parent":826,"menu_order":57,"comment_status":"closed","ping_status":"closed","template":"","meta":{"footnotes":""},"class_list":["post-7837","page","type-page","status-publish","hentry"],"_links":{"self":[{"href":"https:\/\/pages.vassar.edu\/rosso\/wp-json\/wp\/v2\/pages\/7837","targetHints":{"allow":["GET"]}}],"collection":[{"href":"https:\/\/pages.vassar.edu\/rosso\/wp-json\/wp\/v2\/pages"}],"about":[{"href":"https:\/\/pages.vassar.edu\/rosso\/wp-json\/wp\/v2\/types\/page"}],"author":[{"embeddable":true,"href":"https:\/\/pages.vassar.edu\/rosso\/wp-json\/wp\/v2\/users\/13"}],"replies":[{"embeddable":true,"href":"https:\/\/pages.vassar.edu\/rosso\/wp-json\/wp\/v2\/comments?post=7837"}],"version-history":[{"count":8,"href":"https:\/\/pages.vassar.edu\/rosso\/wp-json\/wp\/v2\/pages\/7837\/revisions"}],"predecessor-version":[{"id":8560,"href":"https:\/\/pages.vassar.edu\/rosso\/wp-json\/wp\/v2\/pages\/7837\/revisions\/8560"}],"up":[{"embeddable":true,"href":"https:\/\/pages.vassar.edu\/rosso\/wp-json\/wp\/v2\/pages\/826"}],"wp:attachment":[{"href":"https:\/\/pages.vassar.edu\/rosso\/wp-json\/wp\/v2\/media?parent=7837"}],"curies":[{"name":"wp","href":"https:\/\/api.w.org\/{rel}","templated":true}]}}