{"id":7815,"date":"2012-12-11T17:29:55","date_gmt":"2012-12-11T22:29:55","guid":{"rendered":"http:\/\/pages.vassar.edu\/rosso\/?page_id=7815"},"modified":"2013-06-04T17:10:09","modified_gmt":"2013-06-04T21:10:09","slug":"l-41","status":"publish","type":"page","link":"https:\/\/pages.vassar.edu\/rosso\/catalogues\/lost-works\/l-41\/","title":{"rendered":"L.41 Rosso? Decoration of The Small Gallery"},"content":{"rendered":"<p>Around 1533-1534?<\/p>\n<p>Frescoes and stuccoes, Ch\u00e2teau, Fontainebleau.<\/p>\n<p>The possibility that Rosso designed a scheme of decoration for the destroyed Small Gallery was suggested by Dimier, 1900, 160-161, 284-289, when discussing the Salle de Bal at Fontainebleau.\u00a0 Dimier\u2019s argument depended upon the following passage in Vasari\u2019s \u201cLife\u201d of Rosso (1568, II, 211; Vasari-Milanesi, V, 170): \u201cMa una gran parte delle stanze, che il Rosso fece al detto luogo di Fontanableo sono state disfatte dopo la sua morte dal detto Francesco Primaticcio, che in quel luogo ha fatto nuova, e maggior fabrica.\u201d\u00a0 Documentary evidence does not indicate any such extensive demolition.\u00a0 The only building that this passage could refer to (other than the destruction of the staircase in the Cour Ovale [<a href=\"http:\/\/pages.vassar.edu\/rosso\/catalogues\/architecture\/a-2-exterior-staircase-destroyed-and-portico\/\">A.2<\/a>], which is not a \u201cstanza\u201d) is the one that contained the Small Gallery and that was destroyed in the 1540s to build the Salle de Bal (see also Dimier, 1904, 83-84, and 1925, 10, 36; Roy, 1929, 240-244; Kusenberg, 1931, 104, 203, ns. 253-256; B\u00e9guin, 1960, 42-43, and <i>RdA<\/i>, 1969, 172, n. 127; Pressouyre, 1974, 31, and n. 31; Carroll, 1987, 30).\u00a0 Claude Lauriol, in <i>EdF<\/i>, 1972, 482, and in <i>Fontainebleau<\/i>, 1973, II, 155, questioned that the building containing the Small Gallery was ever constructed.\u00a0 But the surviving evidence clearly indicates that it was.\u00a0 However, there is no documentary evidence indicating that the Small Gallery was decorated by Rosso, or by anyone else for that matter.\u00a0 Only Vasari\u2019s passage about the destruction of some work by Rosso and its replacement by something larger by Primaticcio leads one to suspect that the information he had was related to the Small Gallery and the larger Salle de Bal.<\/p>\n<p>In 1528 (Laborde, I, 1877, 41-43) there was planned for construction to the right of the entrance to the ch\u00e2teau (the Porte Dor\u00e9e) \u201cun corps d\u2019hostel de 15 toises de long ou environ, et de 18 pieds de largeur ou environ, par le rees de chauss\u00e9e et par dedans oeuvre, dont l\u2019estage du rees de chaus\u00e9e sera appliqu\u00e9 \u00e0 quatres offices, deux cuisines et un revesti\u00e8re pour servir \u00e0 ladite chapelle [of the \u201ccour du Donjon\u201d to the east], et l\u2019estage d\u2019au dessus sera appliqu\u00e9 \u00e0 gallerie,&#8230;\u201d (B.N., ms. fr. 11.179, fol. 75<sup>v<\/sup>, Laborde, I, 1877, 71).\u00a0 The \u201ccorps d\u2019hostel des offices\u201d and the \u201cgallerie dessus les dits offices\u201d are mentioned as points of reference in a document of 12 May 1535 concerning carpentry work certified as done 2 April 1533, indicating that they had been built by that time.<a href=\"#endref1\"><sup>1<\/sup><\/a>\u00a0 In the small view of the ch\u00e2teau that is under the <i>Venus and Minerva<\/i> in the Gallery of Francis I (<a href=\"http:\/\/pages.vassar.edu\/rosso\/files\/2011\/11\/P.22-I-N-h-Gallery-Exterior-View-color.jpg\" target=\"_blank\">Fig.P.22, I N h<\/a>) the exterior of the south wall of the Small Gallery appears at the far right.\u00a0 It shows four gabled windows with pilasters at the sides set upon the ledge of a horizontal wall that is carried upon the high wall of the ground floor.\u00a0 The four windows must be those of the Small Gallery (now so-called to distinguish it from the Gallery of Francis I and the destroyed \u201cgrande gallerie\u201d or Gallery of Ulysses).<a href=\"#endref2\"><sup>2<\/sup><\/a><\/p>\n<p>The dimensions of the \u201ccorps d\u2019hostel\u201d as planned were a little more than 29 meters long by almost 6 meters wide.\u00a0 The length is exactly that of the interior of the Salle de Bal that replaced the Small Gallery (but the Salle de Bal is almost ten meters wide).\u00a0 In the frescoed view of the ch\u00e2teau in the Gallery of Francis I, the south fa\u00e7ade of the Small Gallery is seen on the first floor of the \u201ccorps d\u2019hostel\u201d to the right of the Porte Dor\u00e9e and the vertical block at its right containing a staircase.\u00a0 Four windows are shown with pediments and pilasters placed upon a ledge that runs the entire length of the building and even continues across the vertical block to the left.\u00a0 Dimier\u2019s reconstruction of the plan of the ch\u00e2teau under Francis I shows the plan of the Small Gallery with five windows (<a href=\"http:\/\/pages.vassar.edu\/rosso\/files\/2012\/12\/Dimier-Plan-under-Francis-I-.jpg\" target=\"_blank\">Fig.Dimier, Plan under Francis I<\/a>).\u00a0 The Salle de Bal also has five.\u00a0 As in all other respects the painted view of the ch\u00e2teau seems to be very accurate, it is possible that the Small Gallery had only four windows.\u00a0 The four windows of the Small Gallery in the fresco look slightly wider than those of the Gallery of Francis I seen at the left, even taking into account the effect of perspective upon the appearance of these two galleries, which are not on the same plane.\u00a0 The slightly different axis of the Small Gallery does not seem indicated in the fresco but it is still possible that the projection of the Porte Dor\u00e9e hides a fifth window.\u00a0 Their proportions are also different.\u00a0 The windows of the Small Gallery with only four rows of panes are decidedly shorter than those of the Gallery of Francis I with their five rows of panes and as can be judged by relating the two rows of windows to the higher and lower moldings that follow around the walls of the ch\u00e2teau to the left.\u00a0 One interesting detail of the exterior appearance of the Small Gallery in the small fresco is the blue color of the areas around and above the windows, indicating that these areas belong to the roof system of the ch\u00e2teau.\u00a0 This means that the windows are actually dormers like those of the story above the Gallery of Francis I.\u00a0 Whatever their actual size, they were spaced evenly along the length of the gallery of slightly more than 23 meters.\u00a0 What is difficult to appreciate in the small fresco is that they occupied the same length of wall as the five large windows of the Salle de Bal.\u00a0 But this would seem to have been the case.\u00a0 As to the interior of the Small Gallery, the window sills were probably about a meter from the floor.\u00a0 The ceiling was almost certainly flat (with beams, and with coffering?) as in the larger gallery.\u00a0 But the height of the Small Gallery would seem to have been less with the ceiling probably at a level just above the tops of the shorter window casements.<\/p>\n<p>Like the Gallery of Francis I, the Small Gallery joined two parts of the ch\u00e2teau; it also had kitchens beneath it.\u00a0 Its function, therefore, must have been in some respects similar to that of the larger gallery.\u00a0 Decoration was almost certainly intended for it similar to, although less grand probably than, that of the undoubtedly more important and larger Gallery of Francis I.\u00a0 It is not possible to calculate what precisely were the wall\u00a0\u00a0\u00a0\u00a0 areas that would receive the decoration.\u00a0 There would have been those alongside the four dormer windows as well as the areas of the short east and west walls.\u00a0 It is probable that the Small Gallery had wood wainscoting on the lower part of the walls at least up to the level of the window sills, and possibly higher elsewhere.\u00a0 The doors in the end walls may have been set within this paneling.\u00a0 Above it Rosso\u2019s decoration would have been placed, and it probably would have been composed of stucco work and painting.\u00a0 Almost certainly it would have been different from the decoration in the Gallery of Francis I, not only for the sake of variety but also because of the room\u2019s smaller size and its dormer windows.<\/p>\n<p>Unfortunately it is not possible to know the shape of the wall areas along the north and south sides of the gallery, nor of the ends.\u00a0 If they were vertical, and the view of the exterior of the gallery suggests that they might have been if the wood paneling was not higher than the sills of the dormers, which is very possible, then it can be proposed that one etching by Fantuzzi may be related to the decoration of the Small Gallery.\u00a0 This cartouche (<a href=\"http:\/\/pages.vassar.edu\/rosso\/files\/2012\/04\/E.82-Vertical-Cartouche-London.jpg\" target=\"_blank\">Fig.E.82<\/a>) deserves special attention because it shows at the top two salamanders with their necks entwined and at the bottom the Royal F encircled with a crown.\u00a0 Its style can be associated with Rosso\u2019s design of 1532 or 1533 for the stucco frames planned for the lost Pavilion of Pomona (<a href=\"http:\/\/pages.vassar.edu\/rosso\/files\/2012\/04\/Correct-Fig.E.63-Satyrs-Framing-Port.jpg\" target=\"_blank\">Fig.E.63<\/a>, and <a href=\"http:\/\/pages.vassar.edu\/rosso\/catalogues\/lost-works\/l-39\/\">L.39<\/a>), with his Petrarch drawing at Christ Church of around 1534 (<a href=\"http:\/\/pages.vassar.edu\/rosso\/files\/2011\/12\/D.47a-Petrarch-drawing-color.jpg\" target=\"_blank\">Fig.D.47a<\/a>), and with those parts of the Gallery of Francis I designed before April 1534, such as the <i>Loss of Perpetual Youth<\/i> and its flanking frescoes and stuccoes (<a href=\"http:\/\/pages.vassar.edu\/rosso\/files\/2011\/06\/P.22-II-S-a-Youth-Loss.jpg\" target=\"_blank\">Fig.P.22, II S a<\/a>).<\/p>\n<p>It is just within the period in which these works were invented that the decoration of the Small Gallery would most probably have been done.\u00a0 The building of which it was a part (on which, see below) may have been constructed at the same time as the staircase and portico that Rosso seems to have designed for the Cour Ovale (<a href=\"http:\/\/pages.vassar.edu\/rosso\/catalogues\/architecture\/a-2-exterior-staircase-destroyed-and-portico\/\">A.2<\/a>; <a href=\"http:\/\/pages.vassar.edu\/rosso\/files\/2012\/09\/Bray-Elevation.jpg\" target=\"_blank\">Fig.Bray Elevation<\/a>) and onto which the north windows of the Small Gallery looked.\u00a0 The staircase and portico were commissioned 5 August 1531 and may have been completed by the end of the following year.\u00a0 The decoration of the Pavilion of Pomona was probably done in 1532 but almost surely before mid-1533.\u00a0 In the spring of 1534 the execution of the decoration of the Gallery of Francis I was started after a period of preparatory work.\u00a0 It is, therefore, very possible that the Small Gallery was decorated in 1533-1534, at the same time that Primaticcio was at work in the Chambre du Roi.\u00a0 It may have been in the Pavilion of Pomona and in the Small Gallery, for both of which no documents of payment exist, that Rosso trained his assistants to execute his designs in stucco and fresco before they were faced with the much more elaborate and extensive decoration of the Gallery of Francis I.\u00a0 Later, when the decoration of that gallery was on its way to being completed, Rosso\u2019s activity seems to have been centered on the decoration of several parts of the Pavillon des Po\u00eales.<\/p>\n<p>The etching by Fantuzzi would have been made from a drawing by Rosso, the design of which probably was meant to be executed in stucco in the Small Gallery, although the winged figures at the top and their garlands could have been painted.\u00a0 This composition could have been repeated throughout the Small Gallery, at least on the long walls; the end walls might have received panels of another design.\u00a0 The blank oval and two small rectangles would have been filled with frescoes, differing from one wall area to another but thematically related.\u00a0 On a much smaller scale this presumably was the arrangement in the Pavilion of Pomona, where the two narrative frescoes had the same frames.\u00a0 Otherwise, of course, one has to suppose some other arrangement of a variety of frames, probably with related forms and compositions.<\/p>\n<p>With this in mind, there are three other vertical cartouches by Fantuzzi that should be mentioned as just possibly related to the decoration of the Small Gallery.\u00a0 One, showing two sleeping putti at the top (<a href=\"http:\/\/pages.vassar.edu\/rosso\/files\/2012\/04\/E.83-Sleeping-Putti-Blank-Circle-Zerner.jpg\" target=\"_blank\">Fig.E.83<\/a>), frames an empty circle that is set slightly above the center of the composition.\u00a0 This cartouche may well go back, at least in good part, to a drawing by Rosso. \u00a0The other cartouches (<a href=\"http:\/\/pages.vassar.edu\/rosso\/files\/2012\/04\/E.84-Child-Blank-Circle-Zerner.jpg\" target=\"_blank\">Fig.E.84<\/a> and <a href=\"http:\/\/pages.vassar.edu\/rosso\/files\/2012\/04\/E.85-Child-Landscape-in-Circle-Zerner.jpg\" target=\"_blank\">Fig.E.85<\/a>), showing a child playing two horns and with circular centers, are variants of each other and are less surely relatable to Rosso, although they could reflect some lost model or models by him.\u00a0 What all of these cartouches share is a vertical format with a small central area.\u00a0 They also have somewhat small forms, suggesting that they may go back to designs made by Rosso about the same time, around 1533 or 1534.\u00a0 Therefore, they could be related to a single project, and hence perhaps to the decoration of the Small Gallery, if Rosso did actually decorate it.<\/p>\n<p>Chastel, 1967, 76-78, thought that the building of the block containing the Small Gallery may have been part of a larger plan involving other structures around and within the Cour Ovale.\u00a0 The portico and now destroyed staircase in this courtyard were commissioned 5 August 1531 (<a href=\"http:\/\/pages.vassar.edu\/rosso\/catalogues\/architecture\/a-2-exterior-staircase-destroyed-and-portico\/\">A.2<\/a>) from Gilles Le Breton.\u00a0 However, Chastel attributed their design to Rosso, very probably correctly.\u00a0 The chapel (<a href=\"http:\/\/pages.vassar.edu\/rosso\/catalogues\/architecture\/a-4-rosso-chapel-of-saint-saturnin-and-the-chapelle-haute-du-roi\/\">A.4<\/a>), next to the Small Gallery and with its fa\u00e7ade facing the Cour Ovale, was commissioned at the same time, also from Le Breton.\u00a0 The exterior of its apse (<a href=\"http:\/\/pages.vassar.edu\/rosso\/files\/2012\/09\/St.-Saturnin-Apse-Exterior.jpg\" target=\"_blank\">Fig.St. Saturnin Apse, Exterior<\/a>) is articulated like that of the staircase and portico and therefore it is possible that Rosso was responsible for its design, or part of it.\u00a0 The exterior of the block containing the Small Gallery as it appears in the small view of the ch\u00e2teau in the Gallery of Francis I shows no architectural features that can be related to those parts of the other structures with which Rosso\u2019s name has been associated.\u00a0 Its simple windows look very much like those by Le Breton in the Cour Ovale.\u00a0 Hence, Rosso\u2019s supposed work on this block would have to have been inside, in the Small Gallery, and perhaps in the sacristy of the ground floor that is mentioned in the specifications of 1528.\u00a0 (The four offices would probably not have had any special architectural character or decoration, nor the two kitchens, and there is no indication that there were \u201capartements\u201d as Chastel thought.)\u00a0 Nothing is known of the sacristy.\u00a0 Given the plan of the Small Gallery with its dormer windows, it is unlikely that its interior was richly articulated architecturally (as was the Galerie Basse, for example; see <a href=\"http:\/\/pages.vassar.edu\/rosso\/catalogues\/lost-works\/l-44\/\">L.44<\/a>).\u00a0 It is more probable that if Rosso had something to do with this block between the Porte Dor\u00e9e and the chapel he was not concerned with its architecture but with the decoration only of the Small Gallery.<\/p>\n<p>The whole block was torn down to build the Salle de Bal between 1541 and 1550 (Dimier, 1900, 284-285).\u00a0 This change may be related to the demolition of the staircase in the Cour Ovale in 1541 and the building of the colonnade in that courtyard (see <a href=\"http:\/\/pages.vassar.edu\/rosso\/catalogues\/architecture\/a-2-exterior-staircase-destroyed-and-portico\/\">A.2<\/a>).<a href=\"#endref3\"><sup>3<\/sup><\/a><\/p>\n<div>\n<p>&nbsp;<\/p>\n<hr align=\"left\" size=\"1\" width=\"33%\" \/>\n<div>\n<p><a name=\"endref1\"><\/a><sup>1<\/sup> Paris, Bibl. nat., ms. fr. 11.179, folios 92-92<sup>v<\/sup> (Laborde, I, 1877, 70-71):<\/p>\n<p>\u201cAudit <i>Maillard<\/i>, la somme de 1,240 livres qui luy a est\u00e9 ordonn\u00e9 par le dit sieur de Neufville, pour les ouvrages de charpenterie qu\u2019il a faits de neuf pour le Roy, tant au grand jeu de paulme \u00e9diff\u00e9 de neuf joignant le chasteau du dit Fontainebleau, que au corps d\u2019hostel de la despoille dudit jeu et \u00e0 une grande mont\u00e9e de charpenterie faitte au grand jardin du dit lieu, entre et joignant le corps d\u2019hostel des offices du dit chasteau par o\u00f9 descendoit feue Madame, de la gallerie estant dessus les dits offices audit grand jardin, lesquels ouvrages de charpenterie ont \u00e9ste faits de l\u2019ordonnance dudit commissaire, suivant le vouloir et commandement verbal du Roy, qui ont \u00e9ste veus et visitez par Jean Montinier et Guillaume le Peuple, charpentiers jurez, en la pr\u00e9sence de Pierre Paule dit l\u2019Italian, et Pierre Deshostels, varlets de chambre ordinaires du Roy, et par luy commis \u00e0 la conduitte et contrerolles desdits bastimens et \u00e9diffices de Fontainebleau, \/921v\/ et iceux ouvrages trouvez avoir est\u00e9 bien et deuement faits et parfaits comme il appert par les parties escriptes par le menu, en un cayer de papier certiffi\u00e9 des dits jurez, sign\u00e9y de leurs mains et aussy des contrerolleurs, le mecredy 2<sup>e<\/sup> d\u2019apvril 1532, avant Pasques, cy devant transcript attach\u00e9 aux lettres de mandement dudit de Neufville, donn\u00e9es \u00e0 Paris soubs son signet le 28 d\u2019apvril 1535, par vertu desquelles et du contenu au dit cayer, m(aistr)e Nicolas Picart a fait compte et payement comptant au dit Maillard de la somme de 1,240 livres, comme par sa quittance faitte \u00e0 sa requeste par deux notaires royaux au Chastellet l\u2019an 1535, le mecredy 12<sup>e<\/sup> de may, attach\u00e9e avec les lettres de mandement et cayer susdit.\u201d<\/p>\n<\/div>\n<div>\n<p><a name=\"endref2\"><\/a><sup>2<\/sup> Herbet, 1937, 326-327, believed that the Small Gallery was never built, as what appears in the view in the Gallery of Francis I does not match what was set out in the specifications of 1528.\u00a0 Furthermore, he believed that the reference to a gallery in the document of 12 May 1535 was to the Gallery of Francis I.\u00a0 But the gallery mentioned in 1535 was above \u201coffices,\u201d which was not the case with the Gallery of Francis I.\u00a0 From the view in the Gallery of Francis I it does appear that the Small Gallery was not built as planned, which may be one reason that it was soon replaced by the larger Salle de Bal.<\/p>\n<\/div>\n<div>\n<p><a name=\"endref3\"><\/a><sup>3<\/sup> Babelon, 1989, 200, would seem to indicate the Small Gallery in his reference to a <i>salle des f\u00eates<\/i> planned for the south side of the Cour Ovale next to a planned new chapel dedicated to Saint Saturnin.\u00a0 Babelon, 1989, 203-204, gave the plan of the Salle de Bal to Rosso.\u00a0 But later (431) he referred to it as by Gilles Le Breton, designed as a loggia with large vaulted bays and then closed in and given a flat ceiling by Philibert de L\u2019Orme.\u00a0 But the present Salle de Bal seems to have been begun in 1541 after Rosso\u2019s death at the end of the previous year.\u00a0 It is, of course, possible, that Rosso had left plans of some kind for the building that replaced the Small Gallery.\u00a0 The vaulted loggia that Le Breton began would have been an extraordinary structure, perhaps beyond the abilities of the master mason\u2019s imagination.\u00a0 Dan, 1642, 219, stated that when Charles V visited Fontainebleau in late 1539, \u201cLe soup\u00e9 estant prepar\u00e9 en la Salle du Bal&#8230;.\u201d\u00a0 At that time the present Salle de Bal did not exist, its site then occupied, it would seem, by the Small Gallery, where the supper could have been served.\u00a0 However, it is possible that the meal was served in the Gallery of Francis I, beneath the terrace walkway of which were kitchens and larders.<\/p>\n<\/div>\n<\/div>\n","protected":false},"excerpt":{"rendered":"<p>Around 1533-1534? Frescoes and stuccoes, Ch\u00e2teau, Fontainebleau. The possibility that Rosso designed a scheme of decoration for the destroyed Small Gallery was suggested by Dimier, 1900, 160-161, 284-289, when discussing the Salle de Bal at Fontainebleau.\u00a0 Dimier\u2019s argument depended upon the following passage in Vasari\u2019s \u201cLife\u201d of Rosso (1568, II, 211; Vasari-Milanesi, V, 170): \u201cMa [&hellip;]<\/p>\n","protected":false},"author":13,"featured_media":0,"parent":826,"menu_order":46,"comment_status":"closed","ping_status":"closed","template":"","meta":{"footnotes":""},"class_list":["post-7815","page","type-page","status-publish","hentry"],"_links":{"self":[{"href":"https:\/\/pages.vassar.edu\/rosso\/wp-json\/wp\/v2\/pages\/7815","targetHints":{"allow":["GET"]}}],"collection":[{"href":"https:\/\/pages.vassar.edu\/rosso\/wp-json\/wp\/v2\/pages"}],"about":[{"href":"https:\/\/pages.vassar.edu\/rosso\/wp-json\/wp\/v2\/types\/page"}],"author":[{"embeddable":true,"href":"https:\/\/pages.vassar.edu\/rosso\/wp-json\/wp\/v2\/users\/13"}],"replies":[{"embeddable":true,"href":"https:\/\/pages.vassar.edu\/rosso\/wp-json\/wp\/v2\/comments?post=7815"}],"version-history":[{"count":12,"href":"https:\/\/pages.vassar.edu\/rosso\/wp-json\/wp\/v2\/pages\/7815\/revisions"}],"predecessor-version":[{"id":9361,"href":"https:\/\/pages.vassar.edu\/rosso\/wp-json\/wp\/v2\/pages\/7815\/revisions\/9361"}],"up":[{"embeddable":true,"href":"https:\/\/pages.vassar.edu\/rosso\/wp-json\/wp\/v2\/pages\/826"}],"wp:attachment":[{"href":"https:\/\/pages.vassar.edu\/rosso\/wp-json\/wp\/v2\/media?parent=7815"}],"curies":[{"name":"wp","href":"https:\/\/api.w.org\/{rel}","templated":true}]}}