{"id":7325,"date":"2012-10-24T18:09:25","date_gmt":"2012-10-24T22:09:25","guid":{"rendered":"http:\/\/pages.vassar.edu\/rosso\/?page_id=7325"},"modified":"2013-06-05T15:16:53","modified_gmt":"2013-06-05T19:16:53","slug":"re25","status":"publish","type":"page","link":"https:\/\/pages.vassar.edu\/rosso\/catalogues\/rejected-paintings-sculpture\/re25\/","title":{"rendered":"RE.25 Nude Acrobats"},"content":{"rendered":"<div id=\"attachment_7411\" style=\"width: 235px\" class=\"wp-caption alignright\"><a href=\"http:\/\/pages.vassar.edu\/rosso\/files\/2012\/10\/RE.251-London-I7.97.jpg\" target=\"_blank\"><img loading=\"lazy\" decoding=\"async\" aria-describedby=\"caption-attachment-7411\" class=\"size-medium wp-image-7411\" title=\"RE.25,1 London I,7.97\" alt=\"\" src=\"http:\/\/pages.vassar.edu\/rosso\/files\/2012\/10\/RE.251-London-I7.97-225x300.jpg\" width=\"225\" height=\"300\" srcset=\"https:\/\/pages.vassar.edu\/rosso\/files\/2012\/10\/RE.251-London-I7.97-225x300.jpg 225w, https:\/\/pages.vassar.edu\/rosso\/files\/2012\/10\/RE.251-London-I7.97-112x150.jpg 112w, https:\/\/pages.vassar.edu\/rosso\/files\/2012\/10\/RE.251-London-I7.97-400x532.jpg 400w, https:\/\/pages.vassar.edu\/rosso\/files\/2012\/10\/RE.251-London-I7.97.jpg 750w\" sizes=\"auto, (max-width: 225px) 100vw, 225px\" \/><\/a><p id=\"caption-attachment-7411\" class=\"wp-caption-text\">RE.25,1 Juste de Juste, Nude Acrobats<\/p><\/div>\n<p><strong>Five Groups of Five or Six Nude Acrobats and Twelve Single Male Nudes<\/strong><\/p>\n<p>17 etchings by Juste de Juste (Jean Viset), 25.3 &#8211; 28 x 24 &#8211; 24.5 (Groups); 16.8 &#8211; 19.5 x 7.8 &#8211; 9 (Zerner, Paris, and Prout\u00e9 Collection).<\/p>\n<p><a href=\"http:\/\/pages.vassar.edu\/rosso\/files\/2012\/10\/RE.251-London-I7.97.jpg\" target=\"_blank\">Fig.RE.25,1<\/a> (London, I,7.97)<br \/>\n<a href=\"http:\/\/pages.vassar.edu\/rosso\/files\/2012\/10\/RE.252-London-I7.98.jpg\" target=\"_blank\">Fig.RE.25,2<\/a> (London, I,7.98)<br \/>\n<a href=\"http:\/\/pages.vassar.edu\/rosso\/files\/2012\/10\/RE.253-London-I7.102.jpg\" target=\"_blank\">Fig.RE.25,3<\/a> (London, I,7.102)<\/p>\n<p>Destailleur, 1895, 287.\u00a0 Zerner, 1969, J.1-17.<\/p>\n<p>COLLECTIONS: Hamburg, Inv. nos. 926 I, 926 III.\u00a0 London, I,7.97 to I,7.105 (Zerner, J.1-5, 8-9, 13).\u00a0 Los Angeles (Ruiz).\u00a0 Paris, AA1 r\u00e9serve; Ea 13, R\u00e9s. (Adh\u00e9mar, 1938, 155-156).\u00a0 New York, 53.519.1 (Arnauldet 5).\u00a0 Paris, Paul Prout\u00e9 Collection.\u00a0 Rennes (<em>Six Acrobats<\/em>).<\/p>\n<p>LITERATURE:<\/p>\n<p>Arnauldet, 1861, 367-368.<\/p>\n<p>Zerner, 1969, J.2, 196, no. 83, Zerner, J.6, 197, no. 84, Zerner, J.15, all Los Angeles (Ruiz), as by Juste, perhaps influenced by Rosso but graphically closer to Bandinelli.<\/p>\n<p>Zerner, in <em>EdF<\/em>, 1972, 288, Figs., 289, nos. 353 and 354 (Paris).<\/p>\n<p>Eisler, 1973, 640, stated that these prints may reflect some lost series by Rosso.<\/p>\n<p>L\u00e9v\u00eaque, 1984, 12, 13, Figs. (Paris).<\/p>\n<p>P. Ramade, in <em>Renaissance<\/em>, Quebec, 1984, 325, no. 192, Fig. (Rennes).<\/p>\n<p>Schab, 1986, 89, no. 73, Fig., inside front cover (Zerner, J.15; Los Angeles, Ruiz).<\/p>\n<p>Davis, 1988, 194-195, no. 82.<\/p>\n<p>Fuhring, in <em>French Renaissance<\/em>, 1994, 282-285, no. 63, Fig. (Paris, AA1 r\u00e9serve), and 285-286, no. 84 (Paris, AA1 r\u00e9serve), as Juste de Juste, a sculptor who was one of Rosso\u2019s assistants at Fontainebleau, and as showing in some plates undisguised sexual play.<\/p>\n<p>Boorsch, in <em>French Renaissance<\/em>, 1994, 83, as in total accord with Zerner\u2019s rejection of Viset as the etcher.<\/p>\n<p>&nbsp;<\/p>\n<p>While it might be possible to say that images of these etchings could not have been invented in France without their inventor having been aware of Rosso\u2019s kind of imagination, there is nothing in the prints themselves that suggests that they are specifically dependent on inventions by Rosso himself.<\/p>\n<p>On Juste de Juste, who worked under Rosso at Fontainebleau in 1535 and 1536, and Jean Viset, to whom these prints have also been attributed, see Renouvier, II, 1854, 185; Arnauldet, 1861; Herbet, IV, 1900, 318-322 (1969, 168-172); Adh\u00e9mar, 1938, 155, 2; Bousquet, 1964, 119, 123, 252, 249; Verdier, 1967, 109-111, no. 55, who states that there are nineteen prints in Paris (nos. 120-140), ten acrobatic compositions and nine anatomical figures; Oberhuber, 1967-1968, 184; Zerner, 1969, XXXIII-XXXV; B\u00e9guin, <em>RdA<\/em>, 1969, 107; Zerner, in <em>EdF<\/em>, 1972, 289; E. Hevers, in <em>Zauber der Medusa<\/em>, 1987, 308-309, nos. V, 114, 5, Figs. (Hamburg).<\/p>\n<p>COPY: London, I,7.105, 19.8 x 9.4 L (<a href=\"http:\/\/pages.vassar.edu\/rosso\/files\/2012\/10\/RE.25-Copy.jpg\" target=\"_blank\">Fig.RE.25, Copy<\/a>).\u00a0 This seems to be a copy of an etching not included in Zerner, 1969, indicating that the original number was larger than seventeen.<\/p>\n<p>ENAMEL: Baltimore, The Walters Art Gallery, Inv. 44.189 (<a href=\"http:\/\/pages.vassar.edu\/rosso\/files\/2012\/10\/RE.25-Enamel.jpg\" target=\"_blank\">Fig.RE.25, Enamel<\/a>).\u00a0 Pierre P\u00e9nicaud, <em>Six Acrobats<\/em>.<\/p>\n<p>LITERATURE: Verdier, 1967, 109-111, no. 55, with Fig.\u00a0 The composition is not specifically derived from any of the known prints but is similar to them, with the figures less thin and the three facing forward wearing loin cloths.<\/p>\n","protected":false},"excerpt":{"rendered":"<p>Five Groups of Five or Six Nude Acrobats and Twelve Single Male Nudes 17 etchings by Juste de Juste (Jean Viset), 25.3 &#8211; 28 x 24 &#8211; 24.5 (Groups); 16.8 &#8211; 19.5 x 7.8 &#8211; 9 (Zerner, Paris, and Prout\u00e9 Collection). Fig.RE.25,1 (London, I,7.97) Fig.RE.25,2 (London, I,7.98) Fig.RE.25,3 (London, I,7.102) Destailleur, 1895, 287.\u00a0 Zerner, 1969, [&hellip;]<\/p>\n","protected":false},"author":13,"featured_media":0,"parent":1357,"menu_order":225,"comment_status":"closed","ping_status":"closed","template":"","meta":{"footnotes":""},"class_list":["post-7325","page","type-page","status-publish","hentry"],"_links":{"self":[{"href":"https:\/\/pages.vassar.edu\/rosso\/wp-json\/wp\/v2\/pages\/7325","targetHints":{"allow":["GET"]}}],"collection":[{"href":"https:\/\/pages.vassar.edu\/rosso\/wp-json\/wp\/v2\/pages"}],"about":[{"href":"https:\/\/pages.vassar.edu\/rosso\/wp-json\/wp\/v2\/types\/page"}],"author":[{"embeddable":true,"href":"https:\/\/pages.vassar.edu\/rosso\/wp-json\/wp\/v2\/users\/13"}],"replies":[{"embeddable":true,"href":"https:\/\/pages.vassar.edu\/rosso\/wp-json\/wp\/v2\/comments?post=7325"}],"version-history":[{"count":9,"href":"https:\/\/pages.vassar.edu\/rosso\/wp-json\/wp\/v2\/pages\/7325\/revisions"}],"predecessor-version":[{"id":9493,"href":"https:\/\/pages.vassar.edu\/rosso\/wp-json\/wp\/v2\/pages\/7325\/revisions\/9493"}],"up":[{"embeddable":true,"href":"https:\/\/pages.vassar.edu\/rosso\/wp-json\/wp\/v2\/pages\/1357"}],"wp:attachment":[{"href":"https:\/\/pages.vassar.edu\/rosso\/wp-json\/wp\/v2\/media?parent=7325"}],"curies":[{"name":"wp","href":"https:\/\/api.w.org\/{rel}","templated":true}]}}