{"id":5922,"date":"2012-06-21T15:20:04","date_gmt":"2012-06-21T19:20:04","guid":{"rendered":"http:\/\/blogs.vassar.edu\/rosso\/?page_id=5922"},"modified":"2013-02-22T17:05:06","modified_gmt":"2013-02-22T22:05:06","slug":"rejected-sculpture","status":"publish","type":"page","link":"https:\/\/pages.vassar.edu\/rosso\/catalogues\/rejected-paintings-sculpture\/rejected-sculpture\/","title":{"rendered":"RS. Tomb Effigy of Alberto Pio of Savoy, Count of Carpi"},"content":{"rendered":"<p>Paris, Louvre, M.R. 1680 and N. 15092.<\/p>\n<div id=\"attachment_5977\" style=\"width: 277px\" class=\"wp-caption alignright\"><a href=\"http:\/\/pages.vassar.edu\/rosso\/files\/2012\/06\/Sculpture-b-Tomb-Effigy-Alberto-Pio.jpg\" target=\"_blank\"><img loading=\"lazy\" decoding=\"async\" aria-describedby=\"caption-attachment-5977\" class=\"size-medium wp-image-5977\" alt=\"\" src=\"http:\/\/pages.vassar.edu\/rosso\/files\/2012\/06\/Sculpture-b-Tomb-Effigy-Alberto-Pio-267x300.jpg\" width=\"267\" height=\"300\" srcset=\"https:\/\/pages.vassar.edu\/rosso\/files\/2012\/06\/Sculpture-b-Tomb-Effigy-Alberto-Pio-267x300.jpg 267w, https:\/\/pages.vassar.edu\/rosso\/files\/2012\/06\/Sculpture-b-Tomb-Effigy-Alberto-Pio-133x150.jpg 133w, https:\/\/pages.vassar.edu\/rosso\/files\/2012\/06\/Sculpture-b-Tomb-Effigy-Alberto-Pio-912x1024.jpg 912w, https:\/\/pages.vassar.edu\/rosso\/files\/2012\/06\/Sculpture-b-Tomb-Effigy-Alberto-Pio-400x448.jpg 400w, https:\/\/pages.vassar.edu\/rosso\/files\/2012\/06\/Sculpture-b-Tomb-Effigy-Alberto-Pio.jpg 1454w\" sizes=\"auto, (max-width: 267px) 100vw, 267px\" \/><\/a><p id=\"caption-attachment-5977\" class=\"wp-caption-text\">RS. Tomb Effigy of Alberto Pio<\/p><\/div>\n<p>Bronze.\u00a0 56 x 167 x 65.4.<\/p>\n<p>The statue was originally partially gilt.<\/p>\n<p><a href=\"http:\/\/pages.vassar.edu\/rosso\/files\/2012\/06\/Sculpture-a-Tomb-Effigy-Alberto-Pio.jpg\" target=\"_blank\">Fig.Sculpture a<\/a><br \/>\n<a href=\"http:\/\/pages.vassar.edu\/rosso\/files\/2012\/06\/Sculpture-b-Tomb-Effigy-Alberto-Pio.jpg\" target=\"_blank\">Fig.Sculpture b<\/a><\/p>\n<p>PROVENANCE: From his tomb on the left side of the nave of the church of the Cordeliers, Paris.\u00a0 Mus\u00e9e des Monuments fran\u00e7ais, 7 Frimaire an II (27 November 1793).\u00a0 Entered the Louvre in 1816.<\/p>\n<p>LITERATURE:<\/p>\n<p>Dimier, 1900, 123 and n. 4, as of 1535, and certainly Florentine, perhaps by Rustici or by his pupil Lorenzo (Laurent) Naldini (Renaudin or Regnauldin).<\/p>\n<p>Adolfo Venturi, \u201cMiscellanea,\u201d <em>L\u2019Arte<\/em>, VII, 1904, 471, Fig., 472, attributed the statue to Prospero Spani, il Clemente.<\/p>\n<p>Roy, 1921 (1929), as by Rosso, and related to the model for a tomb made by Rosso and mentioned in a document of October-December, 1531.<\/p>\n<p>Kusenberg, 1931, 131, as not by Rosso.<\/p>\n<p>Blunt, 1953, 40, n. 27, found Roy\u2019s argument convincing and thought the tomb may have been designed by Rosso.<\/p>\n<p>Carroll, 1966, 179, n. 48, as not by Rosso.<\/p>\n<p>Laskin, 1971, 256, as not by Rosso.<\/p>\n<p>Jacques Thirion, in <em>EdF<\/em>, 1972, 402-403, no. 552, 404, Fig. (with earlier bibliography), as attributed to Rosso, with reservations, and as not sure that it was executed in France.<\/p>\n<p>Raggio, 1974, 75, as around 1542, far from Rosso and from France, and reminding her of Ammanati.<\/p>\n<p>Ulrich Middledorf, \u201cOn Some Portrait Busts Attributed to Leone Leoni,\u201d <em>BM<\/em>, 117, 1975, 88, as by Rustici, \u201ceven if Rosso furnished the all-over design.\u201d<\/p>\n<p>Mich\u00e8le Beaulieu, <em>Description raisonn\u00e9e des sculptures du Mus\u00e9e du Louvre<\/em>, II, <em>Renaissance fran\u00e7aise<\/em>, Paris, 1978, 165-167, no. 255 (with earlier bibliography), as attributed to Rosso, with reservations.<\/p>\n<p>Carroll, 1987, 35, n. 99, as not by Rosso.<\/p>\n<p>&nbsp;<\/p>\n<p>One time attributed to the fictitious Paul Ponce, the author of this statue has been variously suggested as Rustici, Lorenzo Naldini, Prospero Spani, Rosso, Ammanati, and again Rustici.\u00a0 Beaulieu, remarking on its fine chasing, said it brought to mind the Fontainebleau artists\u2019 studios under the direction of Pierre Bontemps.\u00a0 He also pointed out that the tasseled pillow bent by the weight of the figure\u2019s elbow is a motif frequently found in Rosso\u2019s paintings.\u00a0 While such pillows are found in Rosso\u2019s <em>Piet\u00e0<\/em> in the Louvre and in his <em>Loss of Perpetual Youth<\/em> in the Gallery of Francis I, so, too, is one found in Primaticcio\u2019s <em>Dana\u00eb<\/em> in the same gallery, and in many other French pictures and statues of the sixteenth century.\u00a0 Rosso\u2019s pillows do not seem to be affected by anything weighing upon them.<\/p>\n<p>There is no direct evidence that connects this tomb effigy to the document of October-December, 1531, referring to a model for a tomb requested verbally by Francis I (see <a href=\"http:\/\/pages.vassar.edu\/rosso\/catalogues\/lost-works\/l-37\/\">L.37<\/a>).\u00a0 Roy\u2019s arguments prove no such relationship.\u00a0 The inscription on the tomb, while it mentioned the count\u2019s association with Francis I, indicated that the tomb was erected by Alberto Pio\u2019s heirs, not by the king.\u00a0 Furthermore, Roy made no attempt to support his hypothesis with any stylistic comparisons.\u00a0 There is an abundant amount of sculpture designed by Rosso in the Gallery of Francis I, and although Rosso may not actually have modeled any of it, the sculpture surely bears the imprint of his imagination and invention.\u00a0 The tomb effigy does not look like any of the sculpture in the gallery, nor like any in other works by him, such as the <em>Design for an Altar<\/em> (<a href=\"http:\/\/pages.vassar.edu\/rosso\/files\/2011\/11\/D.38a-Design-for-an-Altar-color.jpg\" target=\"_blank\">Fig.D.38a<\/a>) or the <em>Design for a Tomb<\/em> (<a href=\"http:\/\/pages.vassar.edu\/rosso\/files\/2011\/12\/D.81a-Design-for-a-Tomb-color-from-BM-website.jpg\" target=\"_blank\">Fig.D.81a<\/a>).\u00a0 It also bears no resemblance to Rosso\u2019s <em>Saint Paul and Saint Peter<\/em>, an engraving attributed to Boyvin (<a href=\"http:\/\/pages.vassar.edu\/rosso\/files\/2012\/04\/E.8a-Boyvin-Peter-and-Paul-Florence.jpg\" target=\"_blank\">Fig.E.8a<\/a>), which may have been designed as sculpture between 1530 and 1532.\u00a0 The whole formal conception of the bronze figure in space appears totally at odds with Rosso\u2019s planar mode of invention.<\/p>\n<p>The surface decoration of the pillow and pad on which the figure lies very much resembles some of the patterns in Francesco Pellegrino\u2019s <em>La Fleur de la Science de Pourtraicture<\/em> of 1530, which, it might be pointed out, was sold \u201cAu logis de monseigneur Le Conte de Carpes\u201d (<a href=\"http:\/\/pages.vassar.edu\/rosso\/files\/2012\/06\/Pellegrino-Pattern.jpg\" target=\"_blank\">Fig.Pellegrino, Pattern<\/a>; <a href=\"http:\/\/pages.vassar.edu\/rosso\/files\/2012\/06\/Pellegrino-Pattern-2.jpg\" target=\"_blank\">Fig.Pellegrino, Pattern 2<\/a>).<a href=\"#endref1\"><sup>1<\/sup><\/a>\u00a0 This kind of decoration is found nowhere in Rosso\u2019s art.\u00a0 Pellegrino was Rosso\u2019s most highly paid assistant in the Gallery of Francis I and worked primarily as a stuccoer.\u00a0 He was a Florentine.\u00a0 The likelihood is that he was a sculptor before Rosso used his talents in the gallery.\u00a0 He was a friend of Rustici, who was introduced to Francis I by Pellegrino.<a href=\"#endref2\"><sup>2<\/sup><\/a><\/p>\n<p>I cannot say who made this statue.\u00a0 Prospero Spano does not seem likely to me, as he did not to Beaulieu.\u00a0 The attributions to Rustici and Ammanati need further time to resolve, as does the association with Bontemps.\u00a0 I venture to add Pellegrino\u2019s name as a possible candidate.<\/p>\n<div>\n<p>&nbsp;<\/p>\n<hr align=\"left\" size=\"1\" width=\"33%\" \/>\n<div>\n<p><a name=\"endref1\"><\/a><sup>1<\/sup> See Pellegrin, 1530.<\/p>\n<\/div>\n<div>\n<p><a name=\"endref2\"><\/a><sup>2<\/sup> See Vasari in Vasari-Milanesi, VI, 609, 619.<\/p>\n<\/div>\n<\/div>\n","protected":false},"excerpt":{"rendered":"<p>Paris, Louvre, M.R. 1680 and N. 15092. Bronze.\u00a0 56 x 167 x 65.4. The statue was originally partially gilt. Fig.Sculpture a Fig.Sculpture b PROVENANCE: From his tomb on the left side of the nave of the church of the Cordeliers, Paris.\u00a0 Mus\u00e9e des Monuments fran\u00e7ais, 7 Frimaire an II (27 November 1793).\u00a0 Entered the Louvre [&hellip;]<\/p>\n","protected":false},"author":13,"featured_media":0,"parent":1357,"menu_order":0,"comment_status":"closed","ping_status":"closed","template":"","meta":{"footnotes":""},"class_list":["post-5922","page","type-page","status-publish","hentry"],"_links":{"self":[{"href":"https:\/\/pages.vassar.edu\/rosso\/wp-json\/wp\/v2\/pages\/5922","targetHints":{"allow":["GET"]}}],"collection":[{"href":"https:\/\/pages.vassar.edu\/rosso\/wp-json\/wp\/v2\/pages"}],"about":[{"href":"https:\/\/pages.vassar.edu\/rosso\/wp-json\/wp\/v2\/types\/page"}],"author":[{"embeddable":true,"href":"https:\/\/pages.vassar.edu\/rosso\/wp-json\/wp\/v2\/users\/13"}],"replies":[{"embeddable":true,"href":"https:\/\/pages.vassar.edu\/rosso\/wp-json\/wp\/v2\/comments?post=5922"}],"version-history":[{"count":8,"href":"https:\/\/pages.vassar.edu\/rosso\/wp-json\/wp\/v2\/pages\/5922\/revisions"}],"predecessor-version":[{"id":8614,"href":"https:\/\/pages.vassar.edu\/rosso\/wp-json\/wp\/v2\/pages\/5922\/revisions\/8614"}],"up":[{"embeddable":true,"href":"https:\/\/pages.vassar.edu\/rosso\/wp-json\/wp\/v2\/pages\/1357"}],"wp:attachment":[{"href":"https:\/\/pages.vassar.edu\/rosso\/wp-json\/wp\/v2\/media?parent=5922"}],"curies":[{"name":"wp","href":"https:\/\/api.w.org\/{rel}","templated":true}]}}