{"id":4220,"date":"2012-04-05T16:20:16","date_gmt":"2012-04-05T20:20:16","guid":{"rendered":"http:\/\/blogs.vassar.edu\/rosso\/?page_id=4220"},"modified":"2012-08-20T11:06:19","modified_gmt":"2012-08-20T15:06:19","slug":"e-97-limosin-resurrection","status":"publish","type":"page","link":"https:\/\/pages.vassar.edu\/rosso\/catalogues\/engravings\/e-97-limosin-resurrection\/","title":{"rendered":"E.97 Resurrection"},"content":{"rendered":"<div id=\"attachment_4221\" style=\"width: 232px\" class=\"wp-caption alignright\"><a href=\"http:\/\/pages.vassar.edu\/rosso\/files\/2012\/04\/E.97-Resurrection-Paris.jpg\" target=\"_blank\"><img loading=\"lazy\" decoding=\"async\" aria-describedby=\"caption-attachment-4221\" class=\"size-medium wp-image-4221\" src=\"http:\/\/pages.vassar.edu\/rosso\/files\/2012\/04\/E.97-Resurrection-Paris-222x300.jpg\" alt=\"\" width=\"222\" height=\"300\" srcset=\"https:\/\/pages.vassar.edu\/rosso\/files\/2012\/04\/E.97-Resurrection-Paris-222x300.jpg 222w, https:\/\/pages.vassar.edu\/rosso\/files\/2012\/04\/E.97-Resurrection-Paris-111x150.jpg 111w, https:\/\/pages.vassar.edu\/rosso\/files\/2012\/04\/E.97-Resurrection-Paris-757x1024.jpg 757w, https:\/\/pages.vassar.edu\/rosso\/files\/2012\/04\/E.97-Resurrection-Paris-400x540.jpg 400w, https:\/\/pages.vassar.edu\/rosso\/files\/2012\/04\/E.97-Resurrection-Paris.jpg 2018w\" sizes=\"auto, (max-width: 222px) 100vw, 222px\" \/><\/a><p id=\"caption-attachment-4221\" class=\"wp-caption-text\">E.97 Limosin, Resurrection<\/p><\/div>\n<p>After Rosso?<\/p>\n<p>Etching by L\u00e9onard Limosin, 26.1 x 19 (Zerner), the lower left cut, the lower right torn.\u00a0 Inscribed at the lower right: <em>1544<\/em>, and on a plaque: <em>LEONAR[D] \/ LIMOSI[N]<\/em>.<\/p>\n<p><a href=\"http:\/\/pages.vassar.edu\/rosso\/files\/2012\/04\/E.97-Resurrection-Paris.jpg\" target=\"_blank\">Fig.E.97<\/a> (Paris)<\/p>\n<p>Robert-Dumesnil, 1841, 49, 4.\u00a0 Le Blanc, 1854-1890, II, 553, 4.\u00a0 Herbet, IV, 1900, 329, 8.\u00a0 Zerner, 1969, L.L.8.<\/p>\n<p>COLLECTION: Paris, AA 1 R\u00e9s.<\/p>\n<p>LITERATURE:<\/p>\n<p>Kusenberg, 1931, 115, 119, 208, n. 312, pointed out that the figure seen from the back at the left is related to one in the left relief on the West Wall of the Gallery of Francis I, and that the two figures at the lower right are related to two in the relief beneath the <em>Combat of Centaurs and Lapiths<\/em> in the gallery.<\/p>\n<p>Adh\u00e9mar, 1938, 3, no. 8.<\/p>\n<p>Zerner, 1969, xxxiii, stated that two figures at the right are literally taken from a composition by Rosso, his <em>Allegorical Scene of Rage and Madness<\/em>, or more probably from an etching of it [E.140].<\/p>\n<p>Fay, in <em>EdF<\/em>, 1972, 291, under 356.<\/p>\n<p>Baratte, 1993, 22.<\/p>\n<p>&nbsp;<\/p>\n<p>The draped figure with a hammer at the lower right is related to the figure of Tribulation in Rosso\u2019s <em>Allegorical Scene of Rage and Madness<\/em> in stucco beneath the <em>Combat of Centaurs and Lapiths <\/em>in the Gallery of Francis I (<a href=\"http:\/\/pages.vassar.edu\/rosso\/files\/2011\/06\/P.22-I-S-c-Combat-ReliefRage-and-Madness.jpg\" target=\"_blank\">Fig.P.22, I S c<\/a>).\u00a0 They are in the same direction, but whereas Rosso\u2019s figure is female, Limosin\u2019s is a bearded old man.\u00a0 The man at the right with a shield in the print is slightly reminiscent of the female figure of Fury in the relief, both also in the same direction.\u00a0 An anonymous print (<a href=\"http:\/\/pages.vassar.edu\/rosso\/files\/2012\/04\/E.140-Rage-and-Madness-London-18500527.113.jpg\" target=\"_blank\">Fig.E.140<\/a>) shows this scene in reverse and is probably based on a drawing by Rosso other than the one that served the stuccoer in the gallery.\u00a0 As Kusenberg stated, the figure seen from the back at the left is related to the figure at the top of the foreground group in the relief on the left side of the West Wall of the gallery (<a href=\"http:\/\/pages.vassar.edu\/rosso\/files\/2011\/06\/P.22-WestWall-d-stucco-left.jpg\" target=\"_blank\">Fig.P.22, WestWall, d<\/a>).\u00a0 There is no known print of this scene, although one may once have existed.\u00a0 Or again, Limosin may have known a lost drawing by Rosso for this scene.\u00a0 But it is possible that the entire scene of the etching goes back to another lost drawing by Rosso in which he used figures he had used before.\u00a0 However, it is impossible to judge to what extent Limosin was faithful to this supposed drawing.\u00a0 The man with a hammer is a strange figure in a <em>Resurrection<\/em> and one may well wonder what Rosso or Limosin meant by it.\u00a0 As a woman in Rosso\u2019s <em>Allegorical Scene of Rage and Madness<\/em> and in his <em>Pandora and Her Box<\/em> (<a href=\"http:\/\/pages.vassar.edu\/rosso\/files\/2011\/12\/D.67a-Pandora-and-Her-Box-bw.jpg\" target=\"_blank\">Fig.D.67a<\/a>), the figure represents Tribulation, but as a man it could not.<\/p>\n<p>ENAMEL: Limosin.\u00a0 \u00c9couen, Ch\u00e2teau, Mus\u00e9e national de la Renaissance, Cl 904K (<a href=\"http:\/\/pages.vassar.edu\/rosso\/files\/2012\/04\/E.97-Enamel-Resurrection.jpg\" target=\"_blank\">Fig.E.97, Enamel<\/a>).\u00a0 Oval, 34 x 26.<\/p>\n<p>LITERATURE: Du Sommerard, 1883, 364, no. 4627.\u00a0 Demartial, 1912, 24, Fig. 6, 25-26.<\/p>\n<p>The enamel follows closely the print in the same direction, although the radiance around Christ is not reproduced.\u00a0 The figures at left and right have been slightly extended to fill the oval format of the enamel.<\/p>\n","protected":false},"excerpt":{"rendered":"<p>After Rosso? Etching by L\u00e9onard Limosin, 26.1 x 19 (Zerner), the lower left cut, the lower right torn.\u00a0 Inscribed at the lower right: 1544, and on a plaque: LEONAR[D] \/ LIMOSI[N]. Fig.E.97 (Paris) Robert-Dumesnil, 1841, 49, 4.\u00a0 Le Blanc, 1854-1890, II, 553, 4.\u00a0 Herbet, IV, 1900, 329, 8.\u00a0 Zerner, 1969, L.L.8. COLLECTION: Paris, AA 1 [&hellip;]<\/p>\n","protected":false},"author":13,"featured_media":0,"parent":824,"menu_order":103,"comment_status":"closed","ping_status":"closed","template":"","meta":{"footnotes":""},"class_list":["post-4220","page","type-page","status-publish","hentry"],"_links":{"self":[{"href":"https:\/\/pages.vassar.edu\/rosso\/wp-json\/wp\/v2\/pages\/4220","targetHints":{"allow":["GET"]}}],"collection":[{"href":"https:\/\/pages.vassar.edu\/rosso\/wp-json\/wp\/v2\/pages"}],"about":[{"href":"https:\/\/pages.vassar.edu\/rosso\/wp-json\/wp\/v2\/types\/page"}],"author":[{"embeddable":true,"href":"https:\/\/pages.vassar.edu\/rosso\/wp-json\/wp\/v2\/users\/13"}],"replies":[{"embeddable":true,"href":"https:\/\/pages.vassar.edu\/rosso\/wp-json\/wp\/v2\/comments?post=4220"}],"version-history":[{"count":13,"href":"https:\/\/pages.vassar.edu\/rosso\/wp-json\/wp\/v2\/pages\/4220\/revisions"}],"predecessor-version":[{"id":6634,"href":"https:\/\/pages.vassar.edu\/rosso\/wp-json\/wp\/v2\/pages\/4220\/revisions\/6634"}],"up":[{"embeddable":true,"href":"https:\/\/pages.vassar.edu\/rosso\/wp-json\/wp\/v2\/pages\/824"}],"wp:attachment":[{"href":"https:\/\/pages.vassar.edu\/rosso\/wp-json\/wp\/v2\/media?parent=4220"}],"curies":[{"name":"wp","href":"https:\/\/api.w.org\/{rel}","templated":true}]}}