{"id":4201,"date":"2012-04-05T16:20:17","date_gmt":"2012-04-05T20:20:17","guid":{"rendered":"http:\/\/blogs.vassar.edu\/rosso\/?page_id=4201"},"modified":"2012-08-20T10:52:21","modified_gmt":"2012-08-20T14:52:21","slug":"e-92-limosin-jerusalem","status":"publish","type":"page","link":"https:\/\/pages.vassar.edu\/rosso\/catalogues\/engravings\/e-92-limosin-jerusalem\/","title":{"rendered":"E.92 Entry into Jerusalem"},"content":{"rendered":"<div id=\"attachment_4202\" style=\"width: 233px\" class=\"wp-caption alignright\"><a href=\"http:\/\/pages.vassar.edu\/rosso\/files\/2012\/04\/E.92-Jerusalem-New-York.jpg\" target=\"_blank\"><img loading=\"lazy\" decoding=\"async\" aria-describedby=\"caption-attachment-4202\" class=\"size-medium wp-image-4202\" src=\"http:\/\/pages.vassar.edu\/rosso\/files\/2012\/04\/E.92-Jerusalem-New-York-223x300.jpg\" alt=\"\" width=\"223\" height=\"300\" srcset=\"https:\/\/pages.vassar.edu\/rosso\/files\/2012\/04\/E.92-Jerusalem-New-York-223x300.jpg 223w, https:\/\/pages.vassar.edu\/rosso\/files\/2012\/04\/E.92-Jerusalem-New-York-111x150.jpg 111w, https:\/\/pages.vassar.edu\/rosso\/files\/2012\/04\/E.92-Jerusalem-New-York-762x1024.jpg 762w, https:\/\/pages.vassar.edu\/rosso\/files\/2012\/04\/E.92-Jerusalem-New-York-400x537.jpg 400w, https:\/\/pages.vassar.edu\/rosso\/files\/2012\/04\/E.92-Jerusalem-New-York.jpg 1972w\" sizes=\"auto, (max-width: 223px) 100vw, 223px\" \/><\/a><p id=\"caption-attachment-4202\" class=\"wp-caption-text\">E.92 Limosin, Entry into Jerusalem<\/p><\/div>\n<p>After Rosso?<\/p>\n<p>Etching by L\u00e9onard Limosin, 25.9 x 18.8 P (Paris).\u00a0 Inscribed at the lower right: <em>+ L L + \/ 1544<\/em> (the 4s backwards).<\/p>\n<p><a href=\"http:\/\/pages.vassar.edu\/rosso\/files\/2012\/04\/E.92-Jerusalem-New-York.jpg\" target=\"_blank\">Fig.E.92<\/a> (New York)<\/p>\n<p>Robert-Dumesnil, V, 1841, 48.1.\u00a0 Le Blanc, 1854-1890, II, 553, 1, wrongly as 1541.\u00a0 Herbet, IV, 1900, 328 (1969, 178), 3.\u00a0 Zerner, 1969, L.L.3 (New York).<\/p>\n<p>COLLECTIONS: New York, 37.42.22, the upper corners cut and the lower left missing, all filled and redrawn.\u00a0 Paris, AA 1 R\u00e9s.<\/p>\n<p>LITERATURE:<\/p>\n<p>Demartial, 1912, 19, 20, Fig. 2 (Paris), 22, 25.<\/p>\n<p>Lavendan, 1913, 77, Fig. (Paris).<\/p>\n<p>Kusenberg, 1931, 115, 119.<\/p>\n<p>Ross, 1938, 361.<\/p>\n<p>Adh\u00e9mar, 1938, 2, no. 2.<\/p>\n<p>Baratte, 1993, 22.<\/p>\n<p>&nbsp;<\/p>\n<p>The figure types in this etching are Rossoesque and the background cityscape with its obelisk also recalls his art.\u00a0 But there is no way of knowing to what extent the composition may be related to a lost image by Rosso himself.<\/p>\n<p>ENAMEL: Limosin.\u00a0 \u00c9couen, Ch\u00e2teau, Mus\u00e9e national de la Renaissance, Cl 904B (<a href=\"http:\/\/pages.vassar.edu\/rosso\/files\/2012\/04\/E.92-Enamel-Jerusalem.jpg\" target=\"_blank\">Fig.E.92, Enamel<\/a>).\u00a0 Oval, 34 x 26.<\/p>\n<p>LITERATURE: \u00a0Du Sommerard, 1883, 362-363, no. 4618. \u00a0Demartial, 1912, 21, Fig. 3, 22. \u00a0Lavedan, 1913, 81, Fig. \u00a0Bertrand Jestaz, in <em>EdF<\/em>, 1972, 447, no. 638, and in <em>Fontainebleau<\/em>, 1973, I, Fig. 145, II, 138, no. 638. \u00a0Baratte, 1993, 22-23, Color Pl. 8.<\/p>\n<p>Apparently done in 1557, the enamel is in the same direction as Limosin\u2019s print.\u00a0 Figures have been added at left and right to fill the oval format of the enamel, and small elements and details have been changed and added.<\/p>\n","protected":false},"excerpt":{"rendered":"<p>After Rosso? Etching by L\u00e9onard Limosin, 25.9 x 18.8 P (Paris).\u00a0 Inscribed at the lower right: + L L + \/ 1544 (the 4s backwards). Fig.E.92 (New York) Robert-Dumesnil, V, 1841, 48.1.\u00a0 Le Blanc, 1854-1890, II, 553, 1, wrongly as 1541.\u00a0 Herbet, IV, 1900, 328 (1969, 178), 3.\u00a0 Zerner, 1969, L.L.3 (New York). COLLECTIONS: New [&hellip;]<\/p>\n","protected":false},"author":13,"featured_media":0,"parent":824,"menu_order":98,"comment_status":"closed","ping_status":"closed","template":"","meta":{"footnotes":""},"class_list":["post-4201","page","type-page","status-publish","hentry"],"_links":{"self":[{"href":"https:\/\/pages.vassar.edu\/rosso\/wp-json\/wp\/v2\/pages\/4201","targetHints":{"allow":["GET"]}}],"collection":[{"href":"https:\/\/pages.vassar.edu\/rosso\/wp-json\/wp\/v2\/pages"}],"about":[{"href":"https:\/\/pages.vassar.edu\/rosso\/wp-json\/wp\/v2\/types\/page"}],"author":[{"embeddable":true,"href":"https:\/\/pages.vassar.edu\/rosso\/wp-json\/wp\/v2\/users\/13"}],"replies":[{"embeddable":true,"href":"https:\/\/pages.vassar.edu\/rosso\/wp-json\/wp\/v2\/comments?post=4201"}],"version-history":[{"count":13,"href":"https:\/\/pages.vassar.edu\/rosso\/wp-json\/wp\/v2\/pages\/4201\/revisions"}],"predecessor-version":[{"id":6628,"href":"https:\/\/pages.vassar.edu\/rosso\/wp-json\/wp\/v2\/pages\/4201\/revisions\/6628"}],"up":[{"embeddable":true,"href":"https:\/\/pages.vassar.edu\/rosso\/wp-json\/wp\/v2\/pages\/824"}],"wp:attachment":[{"href":"https:\/\/pages.vassar.edu\/rosso\/wp-json\/wp\/v2\/media?parent=4201"}],"curies":[{"name":"wp","href":"https:\/\/api.w.org\/{rel}","templated":true}]}}