{"id":160,"date":"2012-10-22T12:59:24","date_gmt":"2012-10-22T16:59:24","guid":{"rendered":"http:\/\/pages.vassar.edu\/grunfeld\/?page_id=160"},"modified":"2016-09-01T09:10:29","modified_gmt":"2016-09-01T13:10:29","slug":"selected-publications","status":"publish","type":"page","link":"https:\/\/pages.vassar.edu\/grunfeld\/selected-publications\/","title":{"rendered":"Selected Publications"},"content":{"rendered":"<p style=\"text-align: justify\"><em>Antolog\u00eda de la poes\u00eda latinoamericana de vanguardia.<\/em> Madrid: Hiperi\u00f3n, 1996.<\/p>\n<p style=\"text-align: justify\">&#8220;The 1920s,&#8221; <em>Encyclopedia of Contemporary Latin American and Caribbean Cultures.<\/em> Eds. D. Balderston, M. Gonz\u00e1lez and A.M. Lopez. London and New York: Routledge, 2000, v.1, pp. 1-5.<\/p>\n<p style=\"text-align: justify\">&#8220;Avant-Garde in Latin America,&#8221;<em> Encyclopedia of Contemporary Latin American and Caribbean Cultures.&#8221;<\/em> Eds. D. Balderston, M. Gonz\u00e1lez and A.M. Lopez. London and New York: Routledge, 2000, v.1, pp. 121-125.<\/p>\n<p style=\"text-align: justify\">&#8220;Voces femeninas de la vanguardia: el compromiso de Magda Portal,&#8221;<em> Revista de Cr\u00edtica Literaria Latinoamericana<\/em> 26.51 (Septiembre 2000): 67-82.<\/p>\n<p style=\"text-align: justify\">&#8220;Oliverio Girondo y el viaje de la vanguardia,&#8221; <em>Hispam\u00e9rica<\/em> 82 (1999): 21-34.<\/p>\n<p style=\"text-align: justify\">&#8220;De viaje con los modernistas.&#8221; <em>Revista Iberoamericana<\/em> 175(Abril-Junio 1996): 351-366.<\/p>\n<p style=\"text-align: justify\">&#8220;Los marcos en La vor\u00e1gine.&#8221; <em>Revista de Estudios Colombianos<\/em> 8 (1990): 21-31.<\/p>\n<p style=\"text-align: justify\">&#8220;Cosmopolitismo modernista y vanguardista: una identidad latinoamericana divergente.&#8221;<em> Revista Iberoamericana<\/em> 146-147 (1989): 33-41.<\/p>\n<p style=\"text-align: justify\">\u201cYou are busted Daddy\u201d Short story read on WAMC Public Radio Station 90.7 (Summer 2005)<\/p>\n<p style=\"text-align: justify\">\u201cMother\u2019s Good Bye.\u201d The Millrock Writers&#8217; Collective Summer Reading and Reception, Dutch Reformed Church Education Building, New Paltz (June 2005)<\/p>\n<p style=\"text-align: justify\">\u201cRituals\u201d, short story read at The Millrock Writers Salon, Unison Center (July 2004)<\/p>\n<p style=\"text-align: justify\">&#8220;Raw Potato&#8221;, short story published in http:\/\/www.corpse.org\/issue_11\/ficciones\/grunfeld.html (Spring 2003)<\/p>\n<p style=\"text-align: justify\">&#8220;In between Father and Mother&#8221; Short story read on WAMC 90.7 (Spring 2001)<\/p>\n<table style=\"background-color: #ffffff\" width=\"100%\" border=\"0\" cellspacing=\"3\" cellpadding=\"3\">\n<tbody>\n<tr>\n<td><img loading=\"lazy\" decoding=\"async\" src=\"http:\/\/pages.vassar.edu\/grunfeld\/files\/2010\/09\/pro277.jpg\" alt=\"\" width=\"206\" height=\"300\" \/><\/td>\n<td><img loading=\"lazy\" decoding=\"async\" src=\"http:\/\/pages.vassar.edu\/grunfeld\/files\/2012\/10\/irse.jpg\" alt=\"\" width=\"206\" height=\"300\" \/><\/td>\n<td><img loading=\"lazy\" decoding=\"async\" src=\"http:\/\/pages.vassar.edu\/grunfeld\/files\/2012\/10\/leaving.jpg\" alt=\"\" width=\"206\" height=\"300\" \/><\/td>\n<\/tr>\n<\/tbody>\n<\/table>\n","protected":false},"excerpt":{"rendered":"<p>Antolog\u00eda de la poes\u00eda latinoamericana de vanguardia. Madrid: Hiperi\u00f3n, 1996. &#8220;The 1920s,&#8221; Encyclopedia of Contemporary Latin American and Caribbean Cultures. Eds. D. Balderston, M. Gonz\u00e1lez and A.M. Lopez. London and New York: Routledge, 2000, v.1, pp. 1-5. &#8220;Avant-Garde in Latin &hellip; <a href=\"https:\/\/pages.vassar.edu\/grunfeld\/selected-publications\/\">Continue reading <span class=\"meta-nav\">&rarr;<\/span><\/a><\/p>\n","protected":false},"author":1090,"featured_media":0,"parent":0,"menu_order":0,"comment_status":"closed","ping_status":"closed","template":"onecolumn-page.php","meta":{"footnotes":""},"class_list":["post-160","page","type-page","status-publish","hentry"],"_links":{"self":[{"href":"https:\/\/pages.vassar.edu\/grunfeld\/wp-json\/wp\/v2\/pages\/160","targetHints":{"allow":["GET"]}}],"collection":[{"href":"https:\/\/pages.vassar.edu\/grunfeld\/wp-json\/wp\/v2\/pages"}],"about":[{"href":"https:\/\/pages.vassar.edu\/grunfeld\/wp-json\/wp\/v2\/types\/page"}],"author":[{"embeddable":true,"href":"https:\/\/pages.vassar.edu\/grunfeld\/wp-json\/wp\/v2\/users\/1090"}],"replies":[{"embeddable":true,"href":"https:\/\/pages.vassar.edu\/grunfeld\/wp-json\/wp\/v2\/comments?post=160"}],"version-history":[{"count":7,"href":"https:\/\/pages.vassar.edu\/grunfeld\/wp-json\/wp\/v2\/pages\/160\/revisions"}],"predecessor-version":[{"id":182,"href":"https:\/\/pages.vassar.edu\/grunfeld\/wp-json\/wp\/v2\/pages\/160\/revisions\/182"}],"wp:attachment":[{"href":"https:\/\/pages.vassar.edu\/grunfeld\/wp-json\/wp\/v2\/media?parent=160"}],"curies":[{"name":"wp","href":"https:\/\/api.w.org\/{rel}","templated":true}]}}