{"id":22,"date":"2012-03-15T19:45:14","date_gmt":"2012-03-15T23:45:14","guid":{"rendered":"http:\/\/blogs.vassar.edu\/giovanna-borradori\/?page_id=22"},"modified":"2016-09-13T10:54:44","modified_gmt":"2016-09-13T14:54:44","slug":"essays","status":"publish","type":"page","link":"https:\/\/pages.vassar.edu\/giovanna-borradori\/essays\/","title":{"rendered":"Selected Essays"},"content":{"rendered":"<div class=\"page\" title=\"Page 5\">\n<div class=\"layoutArea\">\n<div class=\"column\">\n<p><a href=\"http:\/\/pages.vassar.edu\/giovanna-borradori\/files\/2012\/03\/Giovanna-Borradori.-Ungrivable-Lives-copy-2-min.pdf\">&#8220;\u00c9crans Doubles. La Democratie et le Droit au S\u00e9cret,&#8221;<\/a> in <em>Vivre Par(mi) les \u00c9crans<\/em>, edited by Mauro Carbone, Jacopo Bodini, Anna Caterina Dalmasso, Les Presses du R\u00e9el, Dijon, France, 243-256. (2016).<\/p>\n<p style=\"text-align: justify\"><a href=\"http:\/\/pages.vassar.edu\/giovanna-borradori\/files\/2012\/03\/Philosophy-Social-Criticism-2016-Borradori-0191453715623321.pdf\">&#8220;Between transparency and surveillance: Politics of the secret,&#8221;<\/a> in\u00a0<em>Philosophy and Social Criticism<\/em>, Vol. 42, 1-9. (2016).<\/p>\n<div class=\"page\" title=\"Page 5\">\n<div class=\"layoutArea\">\n<div class=\"column\">\n<p><a href=\"http:\/\/pages.vassar.edu\/giovanna-borradori\/files\/2012\/03\/abitare-possibile-copy.pdf\">\u201cCitta\u0300 Rifugio, Citta\u0300 Ribelli e la Citta\u0300 A-Venire. Il Diritto alla Citta\u0300 tra Neoliberismo e Austerita\u0300,\u201d<\/a> in <em>L\u2019Abitare Possibile, Estetica, Architettura, New Media<\/em>, edited by Giuseppina de Luca, Bruno Mondadori Editore, Milan, Italy, 45-60. (2014).<\/p>\n<\/div>\n<\/div>\n<\/div>\n<p><a href=\"http:\/\/pages.vassar.edu\/giovanna-borradori\/files\/2012\/03\/10-Bankovsky-Review-copy.pdf\">\u201cThe Markers of Deconstructive Citizenship: A Corrective to the Constructionist Approach to Justice,\u201d<\/a> A Review of Miriam Bakovsky\u2019s <em>Perfecting Justice in Rawls, Habermas, and Honneth<\/em>, in Philosophy Today (Vol. 58, Issue 3), 477-486. (2013).<\/p>\n<div class=\"page\" title=\"Page 5\">\n<div class=\"layoutArea\">\n<div class=\"column\">\n<p><a href=\"http:\/\/pages.vassar.edu\/giovanna-borradori\/files\/2012\/03\/Borradori-Giovanna-Cities-in-Flux-copy-3.pdf\">\u201cCities in Flux: Bergson, Gaudi\u0301, Loos,\u201d<\/a> in <em>The European Legacy<\/em>, Vol. 16, No. 7, 919-936. (2011).<\/p>\n<\/div>\n<\/div>\n<\/div>\n<p><a href=\"http:\/\/pages.vassar.edu\/giovanna-borradori\/files\/2012\/03\/Borradori-Giovanna-Tiny-Sparks-of-Contingency-copy-3.pdf\">\u201cTiny Sparks of Contingency: On the Aesthetics of Human Rights,\u201d<\/a> in <em>Philosophical Dimensions of Human Rights: Some Contemporary Views<\/em>, edited by Claudio Corradetti, Springer, Heidelberg, Germany, 157-172. (2011).<\/p>\n<div class=\"page\" title=\"Page 4\">\n<div class=\"layoutArea\">\n<div class=\"column\">\n<div class=\"page\" title=\"Page 4\">\n<div class=\"layoutArea\">\n<div class=\"column\">\n<div class=\"page\" title=\"Page 4\">\n<div class=\"layoutArea\">\n<div class=\"column\">\n<div class=\"page\" title=\"Page 4\">\n<div class=\"layoutArea\">\n<div class=\"column\">\n<div class=\"page\" title=\"Page 6\">\n<div class=\"layoutArea\">\n<div class=\"column\">\n<div class=\"page\" title=\"Page 5\">\n<div class=\"layoutArea\">\n<div class=\"column\">\n<div class=\"page\" title=\"Page 4\">\n<div class=\"layoutArea\">\n<div class=\"column\">\n<p><a href=\"http:\/\/pages.vassar.edu\/giovanna-borradori\/files\/2012\/03\/Giovanna-Borradori.-Ungrivable-Lives-copy-3.pdf\">\u201cUngrievable Lives. Terror and the Global Media,\u201d<\/a>\u00a0in <em>The Handbook of Global Communication and Media Ethics<\/em>, edited by Robert Fortner and P. Mark Fackler, Wiley-Blackwell, London, NY, 461-480. (2011)<\/p>\n<\/div>\n<\/div>\n<\/div>\n<\/div>\n<\/div>\n<\/div>\n<\/div>\n<\/div>\n<\/div>\n<\/div>\n<\/div>\n<\/div>\n<\/div>\n<\/div>\n<\/div>\n<\/div>\n<\/div>\n<\/div>\n<\/div>\n<\/div>\n<\/div>\n<p style=\"text-align: justify\"><a href=\"http:\/\/pages.vassar.edu\/giovanna-borradori\/files\/2012\/03\/Derrida-Habermas-and-Religion.pdf\">\u201cL\u2019Altro Discorso, Un\u2019Altra Traccia: Habermas, Derrida e la Religione,\u201d<\/a> in <em>Spettri di Derrida<\/em>, edited by Carola Barbero, Simone Regazzoni, Amelia Valtolina, Edizioni Il Melangolo, Genoa, Italy, 127-141. (2010).<\/p>\n<p style=\"text-align: justify\"><a href=\"http:\/\/pages.vassar.edu\/giovanna-borradori\/files\/2012\/03\/Borradori-chp-8-Nihilism-and-politics-2.pdf\">\u201cPostmodern Salvation. Gianni Vattimo\u2019s Philosophy of Religion,\u201d<\/a> in <em>Between Nihilism and Politics: The Hermeneutics of Gianni Vattimo<\/em>, edited by Silvia Benso and Brian Schroeder, SUNY Press, Albany, NY, 135-148. (2010).<\/p>\n<\/div>\n<\/div>\n<\/div>\n<div class=\"page\" style=\"text-align: justify\" title=\"Page 4\">\n<div class=\"layoutArea\">\n<div class=\"column\">\n<div class=\"page\" title=\"Page 4\">\n<div class=\"layoutArea\">\n<div class=\"column\">\n<div class=\"page\" title=\"Page 4\">\n<div class=\"layoutArea\">\n<div class=\"column\">\n<div class=\"page\" title=\"Page 4\">\n<div class=\"layoutArea\">\n<div class=\"column\">\n<div class=\"page\" title=\"Page 6\">\n<div class=\"layoutArea\">\n<div class=\"column\">\n<div class=\"page\" title=\"Page 5\">\n<div class=\"layoutArea\">\n<div class=\"column\">\n<div class=\"page\" title=\"Page 4\">\n<div class=\"layoutArea\">\n<div class=\"column\">\n<p><a href=\"http:\/\/pages.vassar.edu\/giovanna-borradori\/files\/2012\/03\/Islam-and-the-West-Forward-PDF-copy.pdf\">\u201cPure Faith in Peace,\u201d<\/a> introduction to, Jacques Derrida and Mustapha Che\u0301rif, <em>Islam and the West<\/em>, University of Chicago Press, Chicago, IL, IX-XXII. (2009).<\/p>\n<\/div>\n<\/div>\n<\/div>\n<\/div>\n<\/div>\n<\/div>\n<\/div>\n<\/div>\n<\/div>\n<\/div>\n<\/div>\n<\/div>\n<\/div>\n<\/div>\n<\/div>\n<\/div>\n<\/div>\n<\/div>\n<\/div>\n<\/div>\n<\/div>\n<div class=\"page\" title=\"Page 5\">\n<div class=\"layoutArea\">\n<div class=\"column\">\n<div class=\"page\" title=\"Page 6\">\n<div class=\"layoutArea\">\n<div class=\"column\">\n<p style=\"text-align: justify\"><a href=\"http:\/\/pages.vassar.edu\/giovanna-borradori\/files\/2012\/03\/Two-Versions-of-Continental-Holism.pdf\">\u201cTwo Versions of Continental Holism: Derrida and Structuralism,\u201d<\/a> in <em>Philosophy and Social Criticism<\/em>, Vol. 26, 1-22. (2000).<\/p>\n<div class=\"page\" style=\"text-align: justify\" title=\"Page 4\">\n<div class=\"layoutArea\">\n<div class=\"column\">\n<div class=\"page\" title=\"Page 4\">\n<div class=\"layoutArea\">\n<div class=\"column\">\n<div class=\"page\" title=\"Page 4\">\n<div class=\"layoutArea\">\n<div class=\"column\">\n<div class=\"page\" title=\"Page 4\">\n<div class=\"layoutArea\">\n<div class=\"column\">\n<div class=\"page\" title=\"Page 6\">\n<div class=\"layoutArea\">\n<div class=\"column\">\n<div class=\"page\" title=\"Page 5\">\n<div class=\"layoutArea\">\n<div class=\"column\">\n<div class=\"page\" title=\"Page 4\">\n<div class=\"layoutArea\">\n<div class=\"column\">\n<p><a href=\"http:\/\/pages.vassar.edu\/giovanna-borradori\/files\/2012\/03\/Borradori-Ideas-Y-Volores-No.-110-Augusto-1999-Virtualidad-Arquitectura-Filosofia-.pdf\">\u201cVirtualidad, Arquitectura, Filosofia,\u201d<\/a> in <em>Ideas y Valores<\/em>, Universidad Nacional de Colombia, Bogota\u0300, Colombia, Numero 110, 33-66. (1999).<\/p>\n<\/div>\n<\/div>\n<\/div>\n<\/div>\n<\/div>\n<\/div>\n<\/div>\n<\/div>\n<\/div>\n<\/div>\n<\/div>\n<\/div>\n<\/div>\n<\/div>\n<\/div>\n<\/div>\n<\/div>\n<\/div>\n<\/div>\n<\/div>\n<\/div>\n<\/div>\n<\/div>\n<\/div>\n<\/div>\n<\/div>\n<\/div>\n","protected":false},"excerpt":{"rendered":"<p>&#8220;\u00c9crans Doubles. La Democratie et le Droit au S\u00e9cret,&#8221; in Vivre Par(mi) les \u00c9crans, edited by Mauro Carbone, Jacopo Bodini, Anna Caterina Dalmasso, Les Presses du R\u00e9el, Dijon, France, 243-256. (2016). &#8220;Between transparency and surveillance: Politics of the secret,&#8221; in\u00a0Philosophy &hellip; <a href=\"https:\/\/pages.vassar.edu\/giovanna-borradori\/essays\/\">Continue reading <span class=\"meta-nav\">&rarr;<\/span><\/a><\/p>\n","protected":false},"author":1411,"featured_media":0,"parent":0,"menu_order":0,"comment_status":"closed","ping_status":"closed","template":"","meta":{"footnotes":""},"class_list":["post-22","page","type-page","status-publish","hentry"],"_links":{"self":[{"href":"https:\/\/pages.vassar.edu\/giovanna-borradori\/wp-json\/wp\/v2\/pages\/22","targetHints":{"allow":["GET"]}}],"collection":[{"href":"https:\/\/pages.vassar.edu\/giovanna-borradori\/wp-json\/wp\/v2\/pages"}],"about":[{"href":"https:\/\/pages.vassar.edu\/giovanna-borradori\/wp-json\/wp\/v2\/types\/page"}],"author":[{"embeddable":true,"href":"https:\/\/pages.vassar.edu\/giovanna-borradori\/wp-json\/wp\/v2\/users\/1411"}],"replies":[{"embeddable":true,"href":"https:\/\/pages.vassar.edu\/giovanna-borradori\/wp-json\/wp\/v2\/comments?post=22"}],"version-history":[{"count":18,"href":"https:\/\/pages.vassar.edu\/giovanna-borradori\/wp-json\/wp\/v2\/pages\/22\/revisions"}],"predecessor-version":[{"id":215,"href":"https:\/\/pages.vassar.edu\/giovanna-borradori\/wp-json\/wp\/v2\/pages\/22\/revisions\/215"}],"wp:attachment":[{"href":"https:\/\/pages.vassar.edu\/giovanna-borradori\/wp-json\/wp\/v2\/media?parent=22"}],"curies":[{"name":"wp","href":"https:\/\/api.w.org\/{rel}","templated":true}]}}