{"id":295,"date":"2012-06-13T16:00:34","date_gmt":"2012-06-13T20:00:34","guid":{"rendered":"http:\/\/blogs.vassar.edu\/diffractionsymmetries\/?page_id=295"},"modified":"2012-07-18T11:15:41","modified_gmt":"2012-07-18T15:15:41","slug":"noureddine-melikechi-d-phil-professor-and-dean","status":"publish","type":"page","link":"https:\/\/pages.vassar.edu\/diffractionsymmetries\/research\/research-team\/collaborators\/noureddine-melikechi-d-phil-professor-and-dean\/","title":{"rendered":"Noureddine Melikechi, D. Phil., Professor and Dean"},"content":{"rendered":"<table width=\"100%\" border=\"0\">\n<tbody>\n<tr valign=\"top\">\n<td><a href=\"http:\/\/pages.vassar.edu\/diffractionsymmetries\/files\/2012\/06\/NMelikechi-Profphoto20101.jpg\"><img loading=\"lazy\" decoding=\"async\" class=\"alignnone size-full wp-image-617\" src=\"http:\/\/pages.vassar.edu\/diffractionsymmetries\/files\/2012\/06\/NMelikechi-Profphoto20101-e1342584299271.jpg\" alt=\"\" width=\"270\" height=\"285\" \/><\/a><span style=\"text-decoration: underline\">E-mail:<\/span>\u00a0<a href=\"mailto:nmelikechi@desu.edu\">nmelikechi@desu.edu<\/a><strong>EDUCATION<\/strong><\/p>\n<ul>\n<li>University of Sussex (England), D. Phil in Physics, 1987.<br \/>\nThesis title: The Role Of Real Intermediate States In Two Photon Absorption, under the supervision of Professor Les Allen.<\/li>\n<li>University of Sussex (England), M.Sc. in Physics, 1982.<br \/>\nThesis title: Laser Spectroscopy In A Thermal Sodium Atomic Beam, under the supervision of Professor Les Allen.<\/li>\n<li>Houari Boumediene University of Sciences and Technology (Algiers, Algeria), D.E.S. (Dipl\u00f4me d&#8217;\u00c9tudes Sup\u00e9rieures) in Physics, 1976-1980.<\/li>\n<\/ul>\n<p><strong>WORK EXPERIENCE<\/strong><\/p>\n<ul>\n<li>August 97- Present: Technical Director of the Applied Optics Center of Delaware.<\/li>\n<li>Aug. 97- Present: Associate professor of Physics (tenure-track), Delaware State University.<\/li>\n<li>Jan. 95 &#8211; Aug. 97: Assistant Professor of Physics, Delaware State University.<\/li>\n<li>Summer. 1996: Invited Full Professor at the Universit\u00e9 Paul Sabatier, Toulouse, France.<\/li>\n<li>Summer. 1995: Visiting Scholar in the Department of Physics and, Astronomy, University of Delaware.<\/li>\n<li>Nov. 1990 &#8211; Dec. 1994: Postdoctoral Research Fellow in Atomic, Molecular and Optical Physics at the University of Delaware with Professor E.E. Eyler.<\/li>\n<li>Jan. 1994- Jun 95 &amp; Sept. 92-Jan. 93: Acting Assistant Professor of Physics at the University of Delaware.<\/li>\n<li>1988-90: Tenured Lecturer at the Houari Boumediene University of Sciences and Technology, Algiers, Algeria.<\/li>\n<li>1987: Postdoctoral Fellowship (short term) in Quantum Optics at the North East London Polytechnic with Professor Les Allen. Part-Time Technical Consultant to Nitech Ltd. (England). Conducted a feasibility study of a road lamp lens which resulted in an improved design.<\/li>\n<li>1983-86: Teaching Assistant, School of Mathematical and Physical Sciences, University of Sussex.<\/li>\n<\/ul>\n<p><strong><br \/>\n<\/strong><\/td>\n<\/tr>\n<\/tbody>\n<\/table>\n","protected":false},"excerpt":{"rendered":"<p>E-mail:\u00a0nmelikechi@desu.eduEDUCATION University of Sussex (England), D. Phil in Physics, 1987. Thesis title: The Role Of Real Intermediate States In Two Photon Absorption, under the supervision of Professor Les Allen. University of Sussex (England), M.Sc. in Physics, 1982. Thesis title: Laser &hellip; <a href=\"https:\/\/pages.vassar.edu\/diffractionsymmetries\/research\/research-team\/collaborators\/noureddine-melikechi-d-phil-professor-and-dean\/\">Continue reading <span class=\"meta-nav\">&rarr;<\/span><\/a><\/p>\n","protected":false},"author":2480,"featured_media":0,"parent":290,"menu_order":0,"comment_status":"closed","ping_status":"closed","template":"","meta":{"footnotes":""},"class_list":["post-295","page","type-page","status-publish","hentry"],"_links":{"self":[{"href":"https:\/\/pages.vassar.edu\/diffractionsymmetries\/wp-json\/wp\/v2\/pages\/295","targetHints":{"allow":["GET"]}}],"collection":[{"href":"https:\/\/pages.vassar.edu\/diffractionsymmetries\/wp-json\/wp\/v2\/pages"}],"about":[{"href":"https:\/\/pages.vassar.edu\/diffractionsymmetries\/wp-json\/wp\/v2\/types\/page"}],"author":[{"embeddable":true,"href":"https:\/\/pages.vassar.edu\/diffractionsymmetries\/wp-json\/wp\/v2\/users\/2480"}],"replies":[{"embeddable":true,"href":"https:\/\/pages.vassar.edu\/diffractionsymmetries\/wp-json\/wp\/v2\/comments?post=295"}],"version-history":[{"count":20,"href":"https:\/\/pages.vassar.edu\/diffractionsymmetries\/wp-json\/wp\/v2\/pages\/295\/revisions"}],"predecessor-version":[{"id":619,"href":"https:\/\/pages.vassar.edu\/diffractionsymmetries\/wp-json\/wp\/v2\/pages\/295\/revisions\/619"}],"up":[{"embeddable":true,"href":"https:\/\/pages.vassar.edu\/diffractionsymmetries\/wp-json\/wp\/v2\/pages\/290"}],"wp:attachment":[{"href":"https:\/\/pages.vassar.edu\/diffractionsymmetries\/wp-json\/wp\/v2\/media?parent=295"}],"curies":[{"name":"wp","href":"https:\/\/api.w.org\/{rel}","templated":true}]}}