{"id":449,"date":"2013-12-04T14:28:32","date_gmt":"2013-12-04T19:28:32","guid":{"rendered":"http:\/\/pages.vassar.edu\/amst282\/?page_id=449"},"modified":"2013-12-04T14:33:04","modified_gmt":"2013-12-04T19:33:04","slug":"further-reading","status":"publish","type":"page","link":"https:\/\/pages.vassar.edu\/amst282\/further-reading\/","title":{"rendered":"Further Reading"},"content":{"rendered":"<p><b><i>Further Reading:<\/i><\/b><\/p>\n<p>Arngna\u2019naaq, Ruby. \u201cMoney, Aesthetics and Double Difference.\u201d Fuse Magazine 35.2 (2012): 10-17. Web.<\/p>\n<p>Auger, Emily E. \u201cInterview with Inuit Artists: Male and Female Inuit Printmakers from Qamani\u2019tuaq (Baker Lake).\u201d The Way of Inuit Art: Aesthetics and History in and Beyond the Arctic. Jefferson, North Carolina: McFarland and Company, Inc., 2011. 165-186. Print.<\/p>\n<p>\u201cBiographies: William Noah\u201d. Art and Cold Cash Project, University of Western Ontario, n.d. Web.<\/p>\n<p>&nbsp;<\/p>\n<p>Nasby, Judith. \u201cCanadian Inuit Art from Baker Lake: Selections from the Collection of Dr. and Mrs. E. Daniel Albrecht.\u201d Inuit Art Quarterly 15.4 (2000): 43-45. Web.<\/p>\n<p>&nbsp;<\/p>\n<p>\u201cThe North: Art and Artists.\u201d Inuit Art Alive. Inuit Art Foundation, 2013. Web.<\/p>\n<p>&nbsp;<\/p>\n<p>\u201cThe North: Hunting.\u201d Inuit Art Alive. Inuit Art Foundation, 2013. Web.<\/p>\n<p>&nbsp;<\/p>\n<p>\u201cThe North: Transportation.\u201d Inuit Art Alive. Inuit Art Foundation, 2013. Web.<\/p>\n<p>&nbsp;<\/p>\n<p>\u201cThe North: Wildlife.\u201d Inuit Art Alive. Inuit Art Foundation, 2013. Web.<\/p>\n<p>&nbsp;<\/p>\n<p>\u201cThe Artist: William Noah.\u201d Inuit Art Alive. Inuit Art Foundation, 2013. Web.<\/p>\n<p>&nbsp;<\/p>\n<p>Ovilu, Goo-Doyle. \u201cThree Baker Lake Artists Comment on the New Jessie Oonark Arts and Crafts Center: William Noah\u2019s For It.\u201d Inuit Art Quarterly 8.1 (1993): 53-54.<\/p>\n<p>&nbsp;<\/p>\n<p>Fisher, Kyra Vladykov. \u201cJanet Kigusuiq.\u201d Inuit Art Quarterly 22.1 (2007): 8-15.<\/p>\n<p>&nbsp;<\/p>\n<p>Guarino, E. J. \u201cArcatic Brilliance: Understanding Inuit Graphics as Contemporary Art.\u201d Kings Gallery of Scottsdale.\u00a0Sept. 2013<\/p>\n<p>&nbsp;<\/p>\n<p>Guarino, E. J.\u00a0\u201cThe Dark Side of the Moon:\u00a0Somber Themes in Inuit Art.\u00a0Kings Gallery of Scottsdale.\u00a0May 2012<\/p>\n<p>&nbsp;<\/p>\n<p>Guarino, E. J.\u00a0\u201cDriven to Abstraction.\u201d\u00a0Kings Gallery of Scottsdale.\u00a0Dec. 2010.<\/p>\n<p>&nbsp;<\/p>\n<p>Lewsi, Kate. Kanet Kigusuiq (126-2005). Inuit Art Quarterly 20.1 (2005): 40-41<\/p>\n<p>&nbsp;<\/p>\n<p>\u201cThe North: Art and Artists.\u201d Inuit Art Alive. Inuit Art Foundation, 2013. Web.<\/p>\n<p>&nbsp;<\/p>\n<p>Sinclair, James. \u201cBreaking new ground: the graphic work of Shuvinai Ashoona, Janet Kigusiuq, Victoria Mamnguqsualuk and Annie Pootoogook.\u201d Inuit Art Quarterly 19.3\/4 (2004): 58<\/p>\n<p>&nbsp;<\/p>\n<p>Withers, Josephine. \u201cInuit Women Artists: An Art Essay\u201d. Feminist Studies\u00a0, Vol. 10, No. 1 (Spring, 1984), pp. 84-96.<\/p>\n<p>&nbsp;<\/p>\n<p>Berlo, Janet C. &#8220;An Exhibition, A Book, and an Exaggerated Reaction.&#8221; <i>Inuit Art Quarterly<\/i> 10.1 (1995): 26-37. <i>Inuit Art Quarterly Archives<\/i>. Inuit Art Foundation. Web. 9 Oct. 2013.<\/p>\n<p>&nbsp;<\/p>\n<p>Berlo, Janet C. &#8220;Dreaming of Double Woman: The Ambivalent Role of the Female Artist in North American Indian Myth.&#8221; <i>American Indian Quarterly<\/i> 17.1 (1993): 31-43.<i>JSTOR<\/i>. Web. 7 Oct. 2013.<\/p>\n<p>&nbsp;<\/p>\n<p>Billson, Janet Mancini., and Kyra Mancini. <i>Inuit Women: Their Powerful Spirit in a Century of Change<\/i>. Lanham, MD: Rowman &amp; Littlefield, 2007. Print.<\/p>\n<p>&nbsp;<\/p>\n<p>&#8220;Bringing the Art to Life: 37 Voices from Across the Canadian Arctic.&#8221; <i>Inuit Art Quarterly<\/i> 19.3-4 (2004): 78. <i>Inuit Art Quarterly Archives<\/i>. Inuit Art Foundation. Web. 8 Oct. 2013.<\/p>\n<p>&nbsp;<\/p>\n<p><i>Cape Dorset: A Decade of Eskimo Prints and Recent Sculptures.<\/i> Ottawa: National Gallery of Canada, 1967.<\/p>\n<p>&nbsp;<\/p>\n<p>Grygier, Pat Sandiford. <i>A Long Way from Home: The Tuberculosis Epidemic among the Inuit<\/i>. Montreal: McGill-Queen&#8217;s UP, 1994. Print.<\/p>\n<p>&nbsp;<\/p>\n<p>Hall, Judy, Jill E. Oakes, and Sally Qimmiu&#8217;naaq. Webster. <i>Sanatujut: Pride in Women&#8217;s Work : Copper and Caribou Inuit Clothing Traditions<\/i>. Hull, Quebec: Canadian Museum of Civilization, 1994. Print.<\/p>\n<p>&nbsp;<\/p>\n<p>Kardosh, Robert. &#8220;The New Generation: Radical Defiance.&#8221; <i>Inuit Art Quarterly<\/i> 23.4 (2008): 20-30. <i>Inuit Art Quarterly Archives<\/i>. Inuit Art Foundation. Web. 8 Oct. 2013. &lt;http:\/\/inuitartfoundation.org\/inuit-art-quarterly\/archives\/&gt;.<\/p>\n<p>&nbsp;<\/p>\n<p>Karlinsky, Amy. &#8220;Land of the Midnight Sons and Daughters: Contemporary Inuit Drawings.&#8221; <i>Border Crossings<\/i> 27.1 (2008): 66-83. Print.<\/p>\n<p>&nbsp;<\/p>\n<p>&#8220;Kavavaow Mannomee.&#8221; <i>Willock and Sax Gallery<\/i>. N.p., n.d. Web. 14 Oct. 2013. &lt;http:\/\/www.willockandsaxgallery.com\/artists\/man-kava.php&gt;.<\/p>\n<p>&nbsp;<\/p>\n<p><i>Kinngait: Riding Light Into the World. <\/i>Annette Mangaard. \u00a0Site Media Inc., 2010. DVD.<\/p>\n<p>&nbsp;<\/p>\n<p>Larmour, W. T. <i>The Art of the Canadian Eskimo. L&#8217;art Des Esquimaux Du Canada. By W.T.Larmour, French Translation by Jacques Brunet.<\/i> Ottawa: Queen&#8217;s Printer, 1967.<\/p>\n<p>&nbsp;<\/p>\n<p>Leroux, Odette, Marion E. Jackson, and Minnie Aodla. Freeman. <i>Inuit Women Artists: Voices from Cape Dorset<\/i>. Vancouver: Douglas &amp; McIntyre, 1994. Print.<\/p>\n<p>&nbsp;<\/p>\n<p>Olofsson, Ebba, Tara L. Holton, and Imaapik &#8220;Jacob&#8221; Partridge. &#8220;Negotiating Identities: Inuit Tuberculosis Evacuees in the 1940s-1950s.&#8221; <i>\u00c9tudes\/Inuit\/Studies<\/i> 32.2 (2008): 127-49. <i>Erudit<\/i>. Web. 5 Oct. 2013.<\/p>\n<p>&nbsp;<\/p>\n<p>Marcus, Alan R. <i>Relocating Eden: The Image and Politics of Inuit Exile in the Canadian Arctic<\/i>. Hanover: Dartmouth College, 1995. Print.<\/p>\n<p>&nbsp;<\/p>\n<p><i>The Murray and Marguerite Vaughan Inuit Print Collection: An Exhibition Organized andCirculated by the Beaverbrook Art Gallery, Fredericton, Canada \u00a0Collection D&#8217;estampes Inuit : Exposition Itin\u00e9rante Pr\u00e9par\u00e9e Par La Galerie D&#8217;art Beaverbrook De Fredericton, Canada.<\/i> Fredericton: Beaverbrook Art Gallery, 1981.<\/p>\n<p>&nbsp;<\/p>\n<p>&#8220;Pitaloosie Saila.&#8221; <i>Spirit Wrestler Gallery<\/i>. N.p., n.d. Web. 10 Oct. 2013.<\/p>\n<p>&nbsp;<\/p>\n<p>Stern, Pamela R., and Lisa Stevenson. <i>Critical Inuit Studies: An Anthology of Contemporary Arctic Ethnography<\/i>. Lincoln: University of Nebraska, 2006<i>Arctic Imagery: Contemporary Inuit Drawings from a Private New Jersey Collection<\/i>. Curated by Patricia Janis Broder. Montclair: Montclair Art Museum, 1992.<\/p>\n<p>&nbsp;<\/p>\n<p>Auger, Emily E. <i>The Way of Inuit Art: Aesthetics and History in and Beyond the Arctic<\/i>. Jefferson: McFarland &amp; Company, 2005.<\/p>\n<p>&nbsp;<\/p>\n<p>CUArtGallery. \u201cSandra Dyck, on Shuvinai Ashoona and Ovilu Tunnille (Dorset Seen). Online video clip. <i>YouTube<\/i>. YouTube, 14 May 2013.<\/p>\n<p>&nbsp;<\/p>\n<p>Kardosh, Robert. \u201cThe New Generation: A Radical Defiance.\u201d <i>Inuit Art Quarterly <\/i>23.4 (2008): 20-30.<\/p>\n<p>&nbsp;<\/p>\n<p>Norton, Derek, and Nigel Reading. <i>Cape Dorset Sculpture<\/i>. Vancouver: Douglas &amp; McIntyre, 2005.<\/p>\n<p>&nbsp;<\/p>\n<p>Pitseolak, Jamasie. \u201cJamasie Pitseolak: Coming From Today.\u201d Interview with Norman Vorano. <i>Inuit Art Quarterly<\/i> 23.1 (2008): 10-16.<\/p>\n<p>&nbsp;<\/p>\n<p>Pitseolak, Jamasie. \u201cNational Gallery of Canada Artist Interview: Jamasee Padluq \u00a0Pitseolak.\u201d NGCMedia. Online video clip. <i>YouTube. <\/i>YouTube, 25 June 2013.<\/p>\n<p>&nbsp;<\/p>\n<p>Sandals, Leah. \u201cJamasie Pitseolak: Northern Soul.\u201d <i>Canadian Art<\/i>. Canadian Art Foundation, 12 May 2011. &lt;http:\/\/www.canadianart.ca\/features\/2011\/05\/12\/jamasie_pitseolak\/&gt;.<\/p>\n<p>&nbsp;<\/p>\n<p>\u201cShuvinai (Suvinai) Ashoona.\u201d <i>Spirit Wrestler Gallery<\/i>, 2013. &lt;http:\/\/www.spiritwrestler.com\/catalog\/index.php?artists_id=79&gt;.<\/p>\n<p>&nbsp;<\/p>\n<p><i>Shuvinai Ashoona: Drawings<\/i>. Curated by Sandra Dyck. Ottawa: Carleton University Art Gallery, 2009.<\/p>\n<p>&nbsp;<\/p>\n<p>Smith, Andrea (2007). <i>Soul Wound: The Legacy of Native American Schools.<\/i> Amnesty International Magazine. &lt;http:\/\/www.amnestyusa.org\/node\/87342&gt;.<\/p>\n<p>&nbsp;<\/p>\n<p>Allen, Jan. \u201cAnnie Pootoogook Kinngait Compositions.\u201d In Annie Pootoogook Kinngait Compositions, edited by Shannon Anderson. Queen\u2019s University: ABC Art Books Canada, 2011.<\/p>\n<p>&nbsp;<\/p>\n<p>Blodgett, Jean. \u201cThe Search for Subject Cape Dorset Graphics from 1958 to 2006.\u201d In Cape Dorset Prints A Retrospective, edited Leslie Boyd Ryan. San Francisco: Pomegranate Communications, Inc., 2007.<\/p>\n<p>&nbsp;<\/p>\n<p>Cotter, Holland. \u201cPostcard\u2019s From Canada\u2019s \u2018New North.\u2019\u201d <i>New York Times, <\/i>July 23, 2009.\u00a0 Accessed November 10, 2013. <a href=\"http:\/\/www.nytimes.com\/2009\/07\/24\/arts\/design\/24annie.html?scp=1&amp;sq=pootoogook&amp;st=cse&amp;_r=0\">http:\/\/www.nytimes.com\/2009\/07\/24\/arts\/design\/ 24annie.html? scp=1&amp;sq=pootoogook&amp;st=cse&amp;_r=0<\/a>.<\/p>\n<p>&nbsp;<\/p>\n<p>Feheley, Patricia. \u201cModern Language: The Art of Annie Pootoogook.\u201d <i>Inuit Art Quarterly<\/i> 19, no. 2 (Summer 2004): 10-15. \u00a0Accessed November 10, 2013.<\/p>\n<p><a href=\"http:\/\/inuitartfoundation.org\/wp-content\/themes\/udesign\/images\/Archives\/2004_02.pdf\">http:\/\/inuitartfoundation.org\/wp-content\/themes\/udesign\/images\/Archives\/2004_02.pdf<\/a>.<\/p>\n<p>&nbsp;<\/p>\n<p>Guarino, E.J.. \u201cNaked Truth.\u201d Collector Notes, 2009. King Galleries of Scottsdale. Accessed November 10, 2013. <a href=\"http:\/\/www.kinggalleries.com\/CollectorNotes.htm\">http:\/\/www.kinggalleries.com\/CollectorNotes.htm<\/a><\/p>\n<p>&nbsp;<\/p>\n<p>Igloliorte, Heather. \u201cInuit Art: markers of cultural resilience.\u201d Inuit Art Quarterly 25, no. 1 &amp; 2 (Spring\/Summer 2013): 4-10.\u00a0 Accessed November 10, 2013.<\/p>\n<p><a href=\"http:\/\/inuitartfoundation.org\/wp-content\/themes\/udesign\/images\/Archives\/2010_01_02.pdf\">http:\/\/inuitartfoundation.org\/wp-content\/themes\/udesign\/images\/Archives\/2010_01_02.pdf<\/a><\/p>\n<p>&nbsp;<\/p>\n<p>Kardosh, Robert. \u201cThe New Generation: A Radical Defiance.\u201d <i>Inuit Art Quarterly <\/i>23.4\u00a0 \u00a0 (Winter 2008): 20-30. Accessed November 10, 2013.<\/p>\n<p><a href=\"http:\/\/inuitartfoundation.org\/wp-content\/themes\/u-design\/images\/Archives\/2008_04.pdf\">http:\/\/inuitartfoundation.org\/wp-content\/themes\/u-design\/images\/Archives\/2008_04.pdf<\/a>.<\/p>\n<p>&nbsp;<\/p>\n<p>Root, Deborah. \u201cInuit Art and the Limits of Authenticity.\u201d In Annie Pootoogook, edited Anne Denoon. Alberta College of Art + Design: Illingworth Kerr Gallery, 2007.<\/p>\n<p>&nbsp;<\/p>\n<p>Sinclair, James. \u201cBreaking Ground: the Graphic Work of Shuvinai Ashoona, Janet Kigusiuq, Victoria Mamnguqsualuk and Annie Pootoogook.\u201d\u00a0 Inuit Art Quarterly 19.3 (Fall\/Winter 2004): 58-61. Accessed November 10, 2013.<\/p>\n<p><a href=\"http:\/\/inuitartfoundation.org\/wp-content\/themes\/u-design\/images\/Archives\/2004_03_04.pdf\">http:\/\/inuitartfoundation.org\/wp-content\/themes\/u-design\/images\/Archives\/2004_03_04.pdf<\/a><\/p>\n<p>&nbsp;<\/p>\n<p>Webb, Marshall. \u201cAnnie Pootoogook.\u201d Inuit Art Quarterly 21, no. 4 (Winter 2006): 30-33. Accessed November 10, 2013.<\/p>\n<p><a href=\"http:\/\/inuitartfoundation.org\/wp-content\/themes\/u-design\/images\/Archives\/2006_04.pdf\">http:\/\/inuitartfoundation.org\/wp-content\/themes\/u-design\/images\/Archives\/2006_04.pdf<\/a>.<\/p>\n<p>&nbsp;<\/p>\n<p>Blodgett, Jean. \u201cThe Search for Subject Cape Dorset Graphics from 1958 to 2006.\u201d In Cape Dorset Prints A Retrospective, edited Leslie Boyd Ryan. San Francisco: Pomegranate Communications, Inc., 2007.<\/p>\n<p>&nbsp;<\/p>\n<p>Blodgett, Jean.\u00a0 \u201cThree Women, Three Generations.\u201d Inuit Art Quarterly 15, no. 1 (Spring 200): 46-48.\u00a0 Accessed November 10, 2013.<\/p>\n<p><a href=\"http:\/\/inuitartfoundation.org\/wp-content\/themes\/u-design\/images\/Archives\/2000_01.pdf\">http:\/\/inuitartfoundation.org\/wp-content\/themes\/u-design\/images\/Archives\/2000_01.pdf<\/a><\/p>\n<p>&nbsp;<\/p>\n<p>Dyck, Sandra. \u201cShvinai Ashoona Drawings.\u201d\u00a0 Inuit Art Quarterly 24, no. 4 (Winter 2009): 16-19.\u00a0 Accessed November 10, 2013.<\/p>\n<p><a href=\"http:\/\/inuitartfoundation.org\/wp-content\/themes\/u-design\/images\/Archives\/2009_04.pdf\">http:\/\/inuitartfoundation.org\/wp-content\/themes\/u-design\/images\/Archives\/2009_04.pdf<\/a><\/p>\n<p>&nbsp;<\/p>\n<p>Feheley Fine Arts. \u201cShuvinai Ashoona.\u201d\u00a0 Last modified 2012. Accessed November 10, 2013.<\/p>\n<p><a href=\"http:\/\/www.feheleyfinearts.com\/artists.php?name=Shuvinai%2520Ashoona\">http:\/\/www.feheleyfinearts.com\/artists.php?name=Shuvinai%20Ashoona<\/a><\/p>\n<p>&nbsp;<\/p>\n<p>Guarino, E.J.. \u201cOut there: Pushing the Boundaries of Native Art.\u201d Collector Notes, 2009. King Galleries of Scottsdale.\u00a0 Accessed November 10, 2013.<\/p>\n<p><a href=\"http:\/\/www.kinggalleries.com\/CollectorNotes.htm\">http:\/\/www.kinggalleries.com\/CollectorNotes.htm<\/a><\/p>\n<p>&nbsp;<\/p>\n<p>Justina M. Barnicke Gallery. \u201cNoise Ghost.\u201d Last modified 2009.\u00a0 Accessed October 1, 2013.<\/p>\n<p><a href=\"http:\/\/www.jmbgallery.ca\/ExPastNoiseGhost.html\">http:\/\/www.jmbgallery.ca\/ExPastNoiseGhost.html<\/a><\/p>\n<p>&nbsp;<\/p>\n<p>Kardosh, Robert. \u201c\u201cThe New Generation: A Radical Defiance.\u201d\u00a0 Inuit Art Quarterly 23, no. 4 (Winter 2008): 20-30.\u00a0 Accessed November 10, 2013.<\/p>\n<p><a href=\"http:\/\/inuitartfoundation.org\/wp-content\/themes\/u-design\/images\/Archives\/2008_04.pdf\">http:\/\/inuitartfoundation.org\/wp-content\/themes\/u-design\/images\/Archives\/2008_04.pdf<\/a><\/p>\n<p>&nbsp;<\/p>\n<p>Milroy, Sarah. \u201cShuvinai Ashoona: Inuit Feminism Goes Global.\u201d\u00a0 The Global and Mail, September 7, 2012. Accessed October 1, 2013.<\/p>\n<p><a href=\"http:\/\/www.theglobeandmail.com\/arts\/art-and-architecture\/shuvinai-ashoona-inuit-feminism-goes-global\/article4526420\/\">http:\/\/www.theglobeandmail.com\/arts\/art-and-architecture\/shuvinai-ashoona-inuit-feminism-goes-global\/article4526420\/<\/a><\/p>\n<p>&nbsp;<\/p>\n<p>Newlands, Anne. Canadian Paintings, Prints and Drawings. Buffalo: Firefly Books Ltd., 2007.<\/p>\n<p>&nbsp;<\/p>\n<p>Newton, Jessica. \u201cDrawing Large in Cape Dorset.\u201d Inuit Art Quarterly 26, no. 3&amp;4 (Fall\/Winter 2011).\u00a0 Accessed November 10, 2013.<\/p>\n<p><a href=\"http:\/\/inuitartfoundation.org\/wp-content\/themes\/u-design\/images\/Archives\/2011_03_04.pdf\">http:\/\/inuitartfoundation.org\/wp-content\/themes\/u-design\/images\/Archives\/2011_03_04.pdf<\/a><\/p>\n<p>&nbsp;<\/p>\n<p>Sinclair, James. \u201cBreaking New Ground: the Graphic Work of Shuvinai Ashoona, Janet Kigusiuq, Victoria Mamnguqsualuk and Annie Pootoogook.\u201d\u00a0 Inuit Art Quarterly 19, no. 3 (Fall\/Winter 2004): 58-61.\u00a0 Accessed November 10, 2013.<\/p>\n<p><a href=\"http:\/\/inuitartfoundation.org\/wp-content\/themes\/u-design\/images\/Archives\/2004_03_04.pdf\">http:\/\/inuitartfoundation.org\/wp-content\/themes\/u-design\/images\/Archives\/2004_03_04.pdf<\/a><\/p>\n<p>&nbsp;<\/p>\n<p>Westren, John A.. \u201cToward the Millennium.\u201d In Cape Dorset Prints A Retrospective, edited by Leslie Boyd Ryan.\u00a0 San Francisco: Pomegranate Communications, Inc., 2007.<\/p>\n<p>&nbsp;<\/p>\n<p>Willock &amp; Sax.\u00a0 \u201cShuvinai Ashoona.\u201d\u00a0 Accessed November 10, 2013.<\/p>\n<p><a href=\"http:\/\/www.willockandsaxgallery.com\/artists\/asho-sh1.php%23..\/images\/Ashuv4a.jpg\">http:\/\/www.willockandsaxgallery.com\/artists\/ashosh1.php#..\/images\/Ashuv4a.jpg<\/a><\/p>\n<p>&nbsp;<\/p>\n<p>Austen, Ian. &#8220;Kenojuak Ashevak, Artist from the Canadian Arctic, Dies at 85.&#8221; <i>The New York Times<\/i>. The New York Times Company, 12 Jan. 2013. Web. 21 Oct. 2013.<\/p>\n<p>Crandall, Richard C. <i>Inuit Art: A History<\/i>. Jefferson, NC: McFarland, 2000. Print.<\/p>\n<p>Finley, Carol. <i>Art of the Far North: Inuit Sculpture, Drawing, and Printmaking<\/i>. Minneapolis: Lerner Publications, 1998. Print.<\/p>\n<p>Hessel, Ingo, and Dieter Hessel. <i>Inuit Art: An Introduction<\/i>. New York: Harry N. Abrams, 1998. Print.<\/p>\n<p>ICTMN Staff. &#8220;Renowned Inuit Artist Kenojuak Ashevak Walks On.&#8221; <i>Indian Country Today Media Network.com<\/i>. Indian Country Today Media Network, 13 Jan. 2013. Web.<\/p>\n<p><i>Kenojuak: Eskimo Artist<\/i>. Dir. John Feeney. Perf. Kenojuak Ashevak. National Film Board of Canada, 1964. DVD.<\/p>\n<p>Martin, Sandra. &#8220;Visionary Inuit Artist Kenojuak Ashevak Dies at 85.&#8221; <i>The Globe and Mail<\/i>. The Globe and Mail, Inc., 8 Jan. 2013. Web. 21 Oct. 2013.<\/p>\n<p>Speak, Dorothy. &#8220;On the Occasion of Kenojuak Ashevak&#8217;s Receiving of the Governor General&#8217;s Award.&#8221; <i>Inuit Art Quarterly<\/i> 23.2 (2008): 10-17. <i>Inuit Art Quarterly<\/i>. Web. 21 Oct. 2013.<\/p>\n<p>&nbsp;<\/p>\n<p>\u201cBiography and Portfolio for Itee Pootoogook,\u201d Spirit Wrestler Gallery, accessed October 10th 2013, <a href=\"http:\/\/www.spiritwrestler.com\/catalog\/index.php?artists_id=637\">http:\/\/www.spiritwrestler.com\/catalog\/index.php?artists_id=637<\/a><\/p>\n<p>&nbsp;<\/p>\n<p>\u201cItee Pootoogook, Artist Biography,\u201d Marion Scott Gallery, accessed October 9th 2013, <a href=\"http:\/\/www.marionscottgallery.com\/ARTISTS\/PootoogookI1.asp\">http:\/\/www.marionscottgallery.com\/ARTISTS\/PootoogookI1.asp<\/a><\/p>\n<p>&nbsp;<\/p>\n<p>\u201cNot your Average Inuit Artist,\u201d Vancouver Sun, accessed October 10th 2013, <a href=\"http:\/\/blogs.vancouversun.com\/2013\/07\/04\/itee-pootoogook-not-your-average-inuit-artist\/\">http:\/\/blogs.vancouversun.com\/2013\/07\/04\/itee-pootoogook-not-your-average-inuit-artist\/<\/a><\/p>\n<p>&nbsp;<\/p>\n<p>\u201cItee Pootoogook defies cultural stereotypes at the Contemporary Art Gallery,\u201d Straight.com, accessed October 11th 2013, <a href=\"http:\/\/www.straight.com\/arts\/403116\/itee-pootoogook-defies-cultural-stereotypes-contemporary-art-gallery\">http:\/\/www.straight.com\/arts\/403116\/itee-pootoogook-defies-cultural-stereotypes-contemporary-art-gallery<\/a><\/p>\n<p>&nbsp;<\/p>\n<p>\u201cItee Pootoogook, Biography,\u201d Feheley Fine Arts, Accessed October 11th 2013,<a href=\"http:\/\/www.feheleyfinearts.com\/artists.php?name=Itee%2520Pootoogook\">http:\/\/www.feheleyfinearts.com\/artists.php?name=Itee%20Pootoogook<\/a><\/p>\n<p>&nbsp;<\/p>\n<p>\u201cItee Pootoogook, Buildings and Land,\u201d CAG.com, Accessed October 10th 2013, <a href=\"http:\/\/www.contemporaryartgallery.ca\/exhibitions\/itee-pootoogook-buildings-and-land\/\">http:\/\/www.contemporaryartgallery.ca\/exhibitions\/itee-pootoogook-buildings-and-land\/<\/a><\/p>\n<p>&nbsp;<\/p>\n<p>\u201cItee Pootoogook: A Self-Taught Master,\u201d Accessed October 21st 2013, <a href=\"http:\/\/www.nunatsiaqonline.ca\/stories\/articles\/13892-itee-pootoogook-a-self-taught-master\/\">http:\/\/www.nunatsiaqonline.ca\/stories\/articles\/13892-itee-pootoogook-a-self-taught-master\/<\/a><\/p>\n<p>&nbsp;<\/p>\n<p>Deloria, Vine, Jr. <i>For This Land: Writings on Religion in America<\/i>. Ed. James Treat. New York: Routledge, 1999. Print.<\/p>\n<p>&nbsp;<\/p>\n","protected":false},"excerpt":{"rendered":"<p>Further Reading: Arngna\u2019naaq, Ruby. \u201cMoney, Aesthetics and Double Difference.\u201d Fuse Magazine 35.2 (2012): 10-17. Web. Auger, Emily E. \u201cInterview with Inuit Artists: Male and Female Inuit Printmakers from Qamani\u2019tuaq (Baker Lake).\u201d The Way of Inuit Art: Aesthetics and History in and Beyond the Arctic. Jefferson, North Carolina: McFarland and Company, Inc., 2011. 165-186. Print. \u201cBiographies: [&hellip;]<\/p>\n","protected":false},"author":3713,"featured_media":0,"parent":0,"menu_order":0,"comment_status":"closed","ping_status":"closed","template":"","meta":{"footnotes":""},"class_list":["post-449","page","type-page","status-publish","hentry"],"_links":{"self":[{"href":"https:\/\/pages.vassar.edu\/amst282\/wp-json\/wp\/v2\/pages\/449","targetHints":{"allow":["GET"]}}],"collection":[{"href":"https:\/\/pages.vassar.edu\/amst282\/wp-json\/wp\/v2\/pages"}],"about":[{"href":"https:\/\/pages.vassar.edu\/amst282\/wp-json\/wp\/v2\/types\/page"}],"author":[{"embeddable":true,"href":"https:\/\/pages.vassar.edu\/amst282\/wp-json\/wp\/v2\/users\/3713"}],"replies":[{"embeddable":true,"href":"https:\/\/pages.vassar.edu\/amst282\/wp-json\/wp\/v2\/comments?post=449"}],"version-history":[{"count":3,"href":"https:\/\/pages.vassar.edu\/amst282\/wp-json\/wp\/v2\/pages\/449\/revisions"}],"predecessor-version":[{"id":452,"href":"https:\/\/pages.vassar.edu\/amst282\/wp-json\/wp\/v2\/pages\/449\/revisions\/452"}],"wp:attachment":[{"href":"https:\/\/pages.vassar.edu\/amst282\/wp-json\/wp\/v2\/media?parent=449"}],"curies":[{"name":"wp","href":"https:\/\/api.w.org\/{rel}","templated":true}]}}